{"id":388,"date":"1999-12-31T16:00:00","date_gmt":"2000-01-01T00:00:00","guid":{"rendered":"http:\/\/caringsunshine.com\/supplements\/NaturesSunshine\/products\/l-glutamine.aspx"},"modified":"2026-04-19T01:05:19","modified_gmt":"2026-04-19T08:05:19","slug":"l-glutamine","status":"publish","type":"product","link":"https:\/\/caringsunshine.com\/es\/supplements\/NaturesSunshine\/products\/l-glutamine.aspx\/","title":{"rendered":"l-Glutamina"},"content":{"rendered":"<p>La l-Glutamina de Nature's Sunshine apoya la funci\u00f3n cerebral. La L-glutamina, un amino\u00e1cido, proporciona energ\u00eda al cerebro fomentando el crecimiento celular, la energ\u00eda celular y la reparaci\u00f3n celular. Este amino\u00e1cido esencial tambi\u00e9n apoya el sistema inmunol\u00f3gico, el tracto digestivo y la salud muscular. La l-Glutamina de Nature's Sunshine se presenta en c\u00e1psulas de 500 mg.<\/p>\n<p>N\u00daMERO DE STOCK: 1776-0<\/p>","protected":false},"excerpt":{"rendered":"<p>30 c\u00e1psulas<\/p>","protected":false},"featured_media":2911623,"comment_status":"open","ping_status":"closed","template":"","meta":{"_acf_changed":false,"footnotes":""},"product_brand":[],"product_cat":[10,5,1,14902,19,85,90],"product_tag":[],"class_list":{"0":"post-388","1":"product","2":"type-product","3":"status-publish","4":"has-post-thumbnail","6":"product_cat-energy","7":"product_cat-brain-support","8":"product_cat-allergy-immune","9":"product_cat-ingredient-l-glutamine","10":"product_cat-sports-nutrition","11":"product_cat-digestive","12":"product_cat-nervous","14":"first","15":"instock","16":"sale","17":"taxable","18":"shipping-taxable","19":"purchasable","20":"product-type-simple"},"group_of_quantity":0,"min_quantity":0,"max_quantity":12,"exclude_order_quantity_value_rules":"no","exclude_category_quantity_rules":"no","combine_variations":"no","acf":[],"_links":{"self":[{"href":"https:\/\/caringsunshine.com\/es\/wp-json\/wp\/v2\/product\/388","targetHints":{"allow":["GET"]}}],"collection":[{"href":"https:\/\/caringsunshine.com\/es\/wp-json\/wp\/v2\/product"}],"about":[{"href":"https:\/\/caringsunshine.com\/es\/wp-json\/wp\/v2\/types\/product"}],"replies":[{"embeddable":true,"href":"https:\/\/caringsunshine.com\/es\/wp-json\/wp\/v2\/comments?post=388"}],"version-history":[{"count":2,"href":"https:\/\/caringsunshine.com\/es\/wp-json\/wp\/v2\/product\/388\/revisions"}],"predecessor-version":[{"id":3368408,"href":"https:\/\/caringsunshine.com\/es\/wp-json\/wp\/v2\/product\/388\/revisions\/3368408"}],"wp:featuredmedia":[{"embeddable":true,"href":"https:\/\/caringsunshine.com\/es\/wp-json\/wp\/v2\/media\/2911623"}],"wp:attachment":[{"href":"https:\/\/caringsunshine.com\/es\/wp-json\/wp\/v2\/media?parent=388"}],"wp:term":[{"taxonomy":"product_brand","embeddable":true,"href":"https:\/\/caringsunshine.com\/es\/wp-json\/wp\/v2\/product_brand?post=388"},{"taxonomy":"product_cat","embeddable":true,"href":"https:\/\/caringsunshine.com\/es\/wp-json\/wp\/v2\/product_cat?post=388"},{"taxonomy":"product_tag","embeddable":true,"href":"https:\/\/caringsunshine.com\/es\/wp-json\/wp\/v2\/product_tag?post=388"}],"curies":[{"name":"wp","href":"https:\/\/api.w.org\/{rel}","templated":true}]}}