{"id":38796,"date":"2018-02-08T09:54:25","date_gmt":"2018-02-08T14:54:25","guid":{"rendered":"https:\/\/caringsunshine.com\/?post_type=product&#038;p=38796"},"modified":"2026-05-15T21:18:30","modified_gmt":"2026-05-16T04:18:30","slug":"authentic-essentials-kit","status":"publish","type":"product","link":"https:\/\/caringsunshine.com\/es\/supplements\/NaturesSunshine\/products\/authentic-essentials-kit.aspx\/","title":{"rendered":"Kit de elementos esenciales aut\u00e9nticos"},"content":{"rendered":"<p>Este kit incluye una selecci\u00f3n curada de nuestros aceites esenciales individuales m\u00e1s favorecidos y mezclas de aceites innovadores, representando el pin\u00e1culo de autenticidad y calidad que Nature's Sunshine Products ofrece.<\/p>\n<p>Caracter\u00edsticas: Lim\u00f3n, menta, lavanda org\u00e1nica, \u00e1rbol del t\u00e9, incienso org\u00e1nico, mezcla INSPIRE que levanta el \u00e1nimo, ESSENTIAL SHIELD, mezcla CORE que equilibra, mezcla REFUGE que calma, mezcla RECOVER que calma.<\/p>","protected":false},"excerpt":{"rendered":"<p>10 aceites individuales y mezclas<\/p>","protected":false},"featured_media":3261663,"comment_status":"open","ping_status":"closed","template":"","meta":{"_acf_changed":false,"footnotes":""},"product_brand":[],"product_cat":[12],"product_tag":[],"class_list":{"0":"post-38796","1":"product","2":"type-product","3":"status-publish","4":"has-post-thumbnail","6":"product_cat-essential-oils","8":"first","9":"onbackorder","10":"taxable","11":"shipping-taxable","12":"purchasable","13":"product-type-simple"},"group_of_quantity":0,"min_quantity":0,"max_quantity":12,"exclude_order_quantity_value_rules":"no","exclude_category_quantity_rules":"no","combine_variations":"no","acf":[],"_links":{"self":[{"href":"https:\/\/caringsunshine.com\/es\/wp-json\/wp\/v2\/product\/38796","targetHints":{"allow":["GET"]}}],"collection":[{"href":"https:\/\/caringsunshine.com\/es\/wp-json\/wp\/v2\/product"}],"about":[{"href":"https:\/\/caringsunshine.com\/es\/wp-json\/wp\/v2\/types\/product"}],"replies":[{"embeddable":true,"href":"https:\/\/caringsunshine.com\/es\/wp-json\/wp\/v2\/comments?post=38796"}],"version-history":[{"count":1,"href":"https:\/\/caringsunshine.com\/es\/wp-json\/wp\/v2\/product\/38796\/revisions"}],"predecessor-version":[{"id":2897199,"href":"https:\/\/caringsunshine.com\/es\/wp-json\/wp\/v2\/product\/38796\/revisions\/2897199"}],"wp:featuredmedia":[{"embeddable":true,"href":"https:\/\/caringsunshine.com\/es\/wp-json\/wp\/v2\/media\/3261663"}],"wp:attachment":[{"href":"https:\/\/caringsunshine.com\/es\/wp-json\/wp\/v2\/media?parent=38796"}],"wp:term":[{"taxonomy":"product_brand","embeddable":true,"href":"https:\/\/caringsunshine.com\/es\/wp-json\/wp\/v2\/product_brand?post=38796"},{"taxonomy":"product_cat","embeddable":true,"href":"https:\/\/caringsunshine.com\/es\/wp-json\/wp\/v2\/product_cat?post=38796"},{"taxonomy":"product_tag","embeddable":true,"href":"https:\/\/caringsunshine.com\/es\/wp-json\/wp\/v2\/product_tag?post=38796"}],"curies":[{"name":"wp","href":"https:\/\/api.w.org\/{rel}","templated":true}]}}