{"id":381,"date":"1999-12-31T16:00:00","date_gmt":"2000-01-01T00:00:00","guid":{"rendered":"http:\/\/caringsunshine.com\/supplements\/NaturesSunshine\/products\/food-enzymes.aspx"},"modified":"2026-04-25T10:36:53","modified_gmt":"2026-04-25T17:36:53","slug":"food-enzymes","status":"publish","type":"product","link":"https:\/\/caringsunshine.com\/es\/supplements\/NaturesSunshine\/products\/food-enzymes.aspx\/","title":{"rendered":"Enzimas alimentarias"},"content":{"rendered":"<p>Food Enzymes de Nature's Sunshine proporciona enzimas esenciales para ayudar en el proceso de digesti\u00f3n. Las enzimas incluidas en la f\u00f3rmula descomponen los alimentos para permitir su absorci\u00f3n f\u00e1cil en el torrente sangu\u00edneo. Debido a la prevalencia de los alimentos procesados, muchas dietas modernas carecen de estas enzimas necesarias. Food Enzymes contiene pepsina, pancreatina, micozima, papa\u00edna, bromelina, y sales biliares para descomponer diversos alimentos.<\/p>\n<p>N\u00daMERO DE INVENTARIO: 1836-9<\/p>","protected":false},"excerpt":{"rendered":"<p>120 c\u00e1psulas<\/p>","protected":false},"featured_media":2883838,"comment_status":"open","ping_status":"closed","template":"","meta":{"_acf_changed":false,"footnotes":""},"product_brand":[],"product_cat":[9,28,13235,13491,13602,14459,15044,15402,15409,15454,85],"product_tag":[],"class_list":{"0":"post-381","1":"product","2":"type-product","3":"status-publish","4":"has-post-thumbnail","6":"product_cat-digestive-health","7":"product_cat-food-enzymes","8":"product_cat-ingredient-amylase","9":"product_cat-ingredient-bile-salt","10":"product_cat-ingredient-bromelain","11":"product_cat-ingredient-gamma-butyrobetaine","12":"product_cat-ingredient-lipase","13":"product_cat-ingredient-pancreatin","14":"product_cat-ingredient-papain","15":"product_cat-ingredient-pepsin","16":"product_cat-digestive","18":"first","19":"instock","20":"sale","21":"taxable","22":"shipping-taxable","23":"purchasable","24":"product-type-simple"},"group_of_quantity":0,"min_quantity":0,"max_quantity":12,"exclude_order_quantity_value_rules":"no","exclude_category_quantity_rules":"no","combine_variations":"no","acf":[],"_links":{"self":[{"href":"https:\/\/caringsunshine.com\/es\/wp-json\/wp\/v2\/product\/381","targetHints":{"allow":["GET"]}}],"collection":[{"href":"https:\/\/caringsunshine.com\/es\/wp-json\/wp\/v2\/product"}],"about":[{"href":"https:\/\/caringsunshine.com\/es\/wp-json\/wp\/v2\/types\/product"}],"replies":[{"embeddable":true,"href":"https:\/\/caringsunshine.com\/es\/wp-json\/wp\/v2\/comments?post=381"}],"version-history":[{"count":1,"href":"https:\/\/caringsunshine.com\/es\/wp-json\/wp\/v2\/product\/381\/revisions"}],"predecessor-version":[{"id":3613282,"href":"https:\/\/caringsunshine.com\/es\/wp-json\/wp\/v2\/product\/381\/revisions\/3613282"}],"wp:featuredmedia":[{"embeddable":true,"href":"https:\/\/caringsunshine.com\/es\/wp-json\/wp\/v2\/media\/2883838"}],"wp:attachment":[{"href":"https:\/\/caringsunshine.com\/es\/wp-json\/wp\/v2\/media?parent=381"}],"wp:term":[{"taxonomy":"product_brand","embeddable":true,"href":"https:\/\/caringsunshine.com\/es\/wp-json\/wp\/v2\/product_brand?post=381"},{"taxonomy":"product_cat","embeddable":true,"href":"https:\/\/caringsunshine.com\/es\/wp-json\/wp\/v2\/product_cat?post=381"},{"taxonomy":"product_tag","embeddable":true,"href":"https:\/\/caringsunshine.com\/es\/wp-json\/wp\/v2\/product_tag?post=381"}],"curies":[{"name":"wp","href":"https:\/\/api.w.org\/{rel}","templated":true}]}}