{"id":371,"date":"1999-12-31T16:00:00","date_gmt":"2000-01-01T00:00:00","guid":{"rendered":"http:\/\/caringsunshine.com\/supplements\/NaturesSunshine\/products\/target-ts-ii.aspx"},"modified":"2026-04-18T00:43:38","modified_gmt":"2026-04-18T07:43:38","slug":"target-ts-ii","status":"publish","type":"product","link":"https:\/\/caringsunshine.com\/es\/supplements\/NaturesSunshine\/products\/target-ts-ii.aspx\/","title":{"rendered":"F\u00f3rmula del objetivo TS-II"},"content":{"rendered":"<p>Target TS-II de Nature's Sunshine nutre las gl\u00e1ndulas pituitaria, la tiroides, y el hipot\u00e1lamo con zinc y manganeso. Combinados qu\u00edmicamente con los amino\u00e1cidos glutamina, prolina, e histidina para una absorci\u00f3n f\u00e1cil, el zinc y el manganeso fomentan el crecimiento y la reparaci\u00f3n celular y ciertas reacciones enzim\u00e1ticas. Target TS-II tambi\u00e9n ayuda a mantener una funci\u00f3n tiroidea adecuada.<\/p>\n<p>N\u00daMERO DE INVENTARIO: 2815-7<\/p>","protected":false},"excerpt":{"rendered":"<p>90 c\u00e1psulas<\/p>","protected":false},"featured_media":2840454,"comment_status":"open","ping_status":"closed","template":"","meta":{"_acf_changed":false,"footnotes":""},"product_brand":[],"product_cat":[35,13708,14707,14865,14902,14905,14912,15122,15417,15951,16300,21,86],"product_tag":[],"class_list":{"0":"post-371","1":"product","2":"type-product","3":"status-publish","4":"has-post-thumbnail","6":"product_cat-minerals","7":"product_cat-ingredient-capsicum","8":"product_cat-ingredient-hops","9":"product_cat-ingredient-kelp","10":"product_cat-ingredient-l-glutamine","11":"product_cat-ingredient-l-histidine","12":"product_cat-ingredient-l-proline","13":"product_cat-ingredient-manganese","14":"product_cat-ingredient-parsley","15":"product_cat-ingredient-spirulina","16":"product_cat-ingredient-zinc","17":"product_cat-vitamins-minerals","18":"product_cat-glandular","20":"first","21":"instock","22":"sale","23":"taxable","24":"shipping-taxable","25":"purchasable","26":"product-type-simple"},"group_of_quantity":0,"min_quantity":0,"max_quantity":12,"exclude_order_quantity_value_rules":"no","exclude_category_quantity_rules":"no","combine_variations":"no","acf":[],"_links":{"self":[{"href":"https:\/\/caringsunshine.com\/es\/wp-json\/wp\/v2\/product\/371","targetHints":{"allow":["GET"]}}],"collection":[{"href":"https:\/\/caringsunshine.com\/es\/wp-json\/wp\/v2\/product"}],"about":[{"href":"https:\/\/caringsunshine.com\/es\/wp-json\/wp\/v2\/types\/product"}],"replies":[{"embeddable":true,"href":"https:\/\/caringsunshine.com\/es\/wp-json\/wp\/v2\/comments?post=371"}],"version-history":[{"count":1,"href":"https:\/\/caringsunshine.com\/es\/wp-json\/wp\/v2\/product\/371\/revisions"}],"predecessor-version":[{"id":3395627,"href":"https:\/\/caringsunshine.com\/es\/wp-json\/wp\/v2\/product\/371\/revisions\/3395627"}],"wp:featuredmedia":[{"embeddable":true,"href":"https:\/\/caringsunshine.com\/es\/wp-json\/wp\/v2\/media\/2840454"}],"wp:attachment":[{"href":"https:\/\/caringsunshine.com\/es\/wp-json\/wp\/v2\/media?parent=371"}],"wp:term":[{"taxonomy":"product_brand","embeddable":true,"href":"https:\/\/caringsunshine.com\/es\/wp-json\/wp\/v2\/product_brand?post=371"},{"taxonomy":"product_cat","embeddable":true,"href":"https:\/\/caringsunshine.com\/es\/wp-json\/wp\/v2\/product_cat?post=371"},{"taxonomy":"product_tag","embeddable":true,"href":"https:\/\/caringsunshine.com\/es\/wp-json\/wp\/v2\/product_tag?post=371"}],"curies":[{"name":"wp","href":"https:\/\/api.w.org\/{rel}","templated":true}]}}