{"id":3640804,"date":"2026-02-11T12:25:17","date_gmt":"2026-02-11T20:25:17","guid":{"rendered":"https:\/\/caringsunshine.com\/?post_type=product&#038;p=3640804"},"modified":"2026-05-01T12:07:10","modified_gmt":"2026-05-01T19:07:10","slug":"skeletal-strength-new-formula","status":"publish","type":"product","link":"https:\/\/caringsunshine.com\/es\/supplements\/NaturesSunshine\/products\/skeletal-strength-new-formula.aspx\/","title":{"rendered":"Skeletal Strength NEW Formula"},"content":{"rendered":"<p>Skeletal Strength\u00ae de Nature's Sunshine nutre el sistema estructural con nutrientes claves que ayudan a mantener los huesos, m\u00fasculos, ligamentos, tendones, y piel. El calcio, el magnesio, el hierro, el manganeso, la vitamina A, la vitamina D, la vitamina C, la vitamina B6, y la vitamina B12 se unen en esta potente f\u00f3rmula para fortalecer los huesos y los m\u00fasculos y fabricar sustancias importantes para la funci\u00f3n estructural. Skeletal Strength tambi\u00e9n regula el sistema nervioso.<\/p>\n<p>STOCK NUMBER: 24052<\/p>\n<p>&nbsp;<\/p>","protected":false},"excerpt":{"rendered":"<p>120 Tablets<\/p>","protected":false},"featured_media":3640752,"comment_status":"closed","ping_status":"closed","template":"","meta":{"_acf_changed":false,"footnotes":""},"product_brand":[],"product_cat":[118],"product_tag":[],"class_list":{"0":"post-3640804","1":"product","2":"type-product","3":"status-publish","4":"has-post-thumbnail","6":"product_cat-uncategorized","8":"first","9":"instock","10":"sale","11":"taxable","12":"shipping-taxable","13":"purchasable","14":"product-type-simple"},"group_of_quantity":0,"min_quantity":0,"max_quantity":12,"exclude_order_quantity_value_rules":"no","exclude_category_quantity_rules":"no","combine_variations":"no","acf":[],"_links":{"self":[{"href":"https:\/\/caringsunshine.com\/es\/wp-json\/wp\/v2\/product\/3640804","targetHints":{"allow":["GET"]}}],"collection":[{"href":"https:\/\/caringsunshine.com\/es\/wp-json\/wp\/v2\/product"}],"about":[{"href":"https:\/\/caringsunshine.com\/es\/wp-json\/wp\/v2\/types\/product"}],"replies":[{"embeddable":true,"href":"https:\/\/caringsunshine.com\/es\/wp-json\/wp\/v2\/comments?post=3640804"}],"version-history":[{"count":4,"href":"https:\/\/caringsunshine.com\/es\/wp-json\/wp\/v2\/product\/3640804\/revisions"}],"predecessor-version":[{"id":3640854,"href":"https:\/\/caringsunshine.com\/es\/wp-json\/wp\/v2\/product\/3640804\/revisions\/3640854"}],"wp:featuredmedia":[{"embeddable":true,"href":"https:\/\/caringsunshine.com\/es\/wp-json\/wp\/v2\/media\/3640752"}],"wp:attachment":[{"href":"https:\/\/caringsunshine.com\/es\/wp-json\/wp\/v2\/media?parent=3640804"}],"wp:term":[{"taxonomy":"product_brand","embeddable":true,"href":"https:\/\/caringsunshine.com\/es\/wp-json\/wp\/v2\/product_brand?post=3640804"},{"taxonomy":"product_cat","embeddable":true,"href":"https:\/\/caringsunshine.com\/es\/wp-json\/wp\/v2\/product_cat?post=3640804"},{"taxonomy":"product_tag","embeddable":true,"href":"https:\/\/caringsunshine.com\/es\/wp-json\/wp\/v2\/product_tag?post=3640804"}],"curies":[{"name":"wp","href":"https:\/\/api.w.org\/{rel}","templated":true}]}}