{"id":363,"date":"1999-12-31T16:00:00","date_gmt":"2000-01-01T00:00:00","guid":{"rendered":"http:\/\/caringsunshine.com\/supplements\/NaturesSunshine\/products\/stomach-comfort.aspx"},"modified":"2026-04-29T10:03:21","modified_gmt":"2026-04-29T17:03:21","slug":"stomach-comfort","status":"publish","type":"product","link":"https:\/\/caringsunshine.com\/es\/supplements\/NaturesSunshine\/products\/stomach-comfort.aspx\/","title":{"rendered":"Confort estomacal (masticable)"},"content":{"rendered":"<p>Stomach Comfort de Nature's Sunshine alivia el malestar estomacal ocasional con una mezcla de nutrientes que incluye carbonato de calcio, \u00e1cido alg\u00ednico (de algas), aceite de gaulteria, fruta de papaya, corteza de olmo resbaladizo, concentrado de ra\u00edz de regaliz, y rizoma de jengibre. Stomach Comfort calma el sistema digestivo y favorece la funci\u00f3n digestiva saludable. Puede ayudar a aliviar el reflujo \u00e1cido o los gases ocasionales.<\/p>\n<p>N\u00daMERO DE STOCK: 1820-0<\/p>","protected":false},"excerpt":{"rendered":"<p>60 comprimidos<\/p>","protected":false},"featured_media":2887521,"comment_status":"open","ping_status":"closed","template":"","meta":{"_acf_changed":false,"footnotes":""},"product_brand":[],"product_cat":[9,15,13173,13655,14506,14628,14814,15021,15410,15910,21,85],"product_tag":[3102,3101,146],"class_list":{"0":"post-363","1":"product","2":"type-product","3":"status-publish","4":"has-post-thumbnail","6":"product_cat-digestive-health","7":"product_cat-herbs","8":"product_cat-ingredient-alginic-acid","9":"product_cat-ingredient-calcium","10":"product_cat-ingredient-ginger","11":"product_cat-ingredient-guar-gum","12":"product_cat-ingredient-isomalto-oligosaccharide","13":"product_cat-ingredient-licorice-root","14":"product_cat-ingredient-papaya","15":"product_cat-ingredient-slippery-elm-bark","16":"product_cat-vitamins-minerals","17":"product_cat-digestive","18":"product_tag-halal","19":"product_tag-kosher","20":"product_tag-organic","22":"first","23":"instock","24":"sale","25":"taxable","26":"shipping-taxable","27":"purchasable","28":"product-type-simple"},"group_of_quantity":0,"min_quantity":0,"max_quantity":12,"exclude_order_quantity_value_rules":"no","exclude_category_quantity_rules":"no","combine_variations":"no","acf":[],"_links":{"self":[{"href":"https:\/\/caringsunshine.com\/es\/wp-json\/wp\/v2\/product\/363","targetHints":{"allow":["GET"]}}],"collection":[{"href":"https:\/\/caringsunshine.com\/es\/wp-json\/wp\/v2\/product"}],"about":[{"href":"https:\/\/caringsunshine.com\/es\/wp-json\/wp\/v2\/types\/product"}],"replies":[{"embeddable":true,"href":"https:\/\/caringsunshine.com\/es\/wp-json\/wp\/v2\/comments?post=363"}],"version-history":[{"count":1,"href":"https:\/\/caringsunshine.com\/es\/wp-json\/wp\/v2\/product\/363\/revisions"}],"predecessor-version":[{"id":3650795,"href":"https:\/\/caringsunshine.com\/es\/wp-json\/wp\/v2\/product\/363\/revisions\/3650795"}],"wp:featuredmedia":[{"embeddable":true,"href":"https:\/\/caringsunshine.com\/es\/wp-json\/wp\/v2\/media\/2887521"}],"wp:attachment":[{"href":"https:\/\/caringsunshine.com\/es\/wp-json\/wp\/v2\/media?parent=363"}],"wp:term":[{"taxonomy":"product_brand","embeddable":true,"href":"https:\/\/caringsunshine.com\/es\/wp-json\/wp\/v2\/product_brand?post=363"},{"taxonomy":"product_cat","embeddable":true,"href":"https:\/\/caringsunshine.com\/es\/wp-json\/wp\/v2\/product_cat?post=363"},{"taxonomy":"product_tag","embeddable":true,"href":"https:\/\/caringsunshine.com\/es\/wp-json\/wp\/v2\/product_tag?post=363"}],"curies":[{"name":"wp","href":"https:\/\/api.w.org\/{rel}","templated":true}]}}