{"id":362,"date":"1999-12-31T16:00:00","date_gmt":"2000-01-01T00:00:00","guid":{"rendered":"http:\/\/caringsunshine.com\/supplements\/NaturesSunshine\/products\/skeletal-strength.aspx"},"modified":"2026-04-18T01:22:05","modified_gmt":"2026-04-18T08:22:05","slug":"skeletal-strength","status":"publish","type":"product","link":"https:\/\/caringsunshine.com\/es\/supplements\/NaturesSunshine\/products\/skeletal-strength.aspx\/","title":{"rendered":"Fuerza del esqueleto"},"content":{"rendered":"<p>Skeletal Strength\u00ae de Nature's Sunshine nutre el sistema estructural con nutrientes claves que ayudan a mantener los huesos, m\u00fasculos, ligamentos, tendones, y piel. El calcio, el magnesio, el hierro, el manganeso, la vitamina A, la vitamina D, la vitamina C, la vitamina B6, y la vitamina B12 se unen en esta potente f\u00f3rmula para fortalecer los huesos y los m\u00fasculos y fabricar sustancias importantes para la funci\u00f3n estructural. Skeletal Strength tambi\u00e9n regula el sistema nervioso.<\/p>\n<p>N\u00daMERO DE INVENTARIO: 1806-7<\/p>\n<p>&nbsp;<\/p>","protected":false},"excerpt":{"rendered":"<p>150 comprimidos<\/p>\n<p>&nbsp;<\/p>","protected":false},"featured_media":3640864,"comment_status":"open","ping_status":"closed","template":"","meta":{"_acf_changed":false,"footnotes":""},"product_brand":[],"product_cat":[16,35,32,24000,13566,13655,13957,14716,14800,15021,15101,15122,15410,15417,15501,15525,15590,16169,16207,16209,16210,16211,16213,16300,21,90,92],"product_tag":[3102,3101,3100],"class_list":{"0":"post-362","1":"product","2":"type-product","3":"status-publish","4":"has-post-thumbnail","6":"product_cat-joints-bones","7":"product_cat-minerals","8":"product_cat-osteoporosis","9":"product_cat-ingredient-betaine","10":"product_cat-ingredient-boron","11":"product_cat-ingredient-calcium","12":"product_cat-ingredient-copper","13":"product_cat-ingredient-horsetail","14":"product_cat-ingredient-iron","15":"product_cat-ingredient-licorice-root","16":"product_cat-ingredient-magnesium","17":"product_cat-ingredient-manganese","18":"product_cat-ingredient-papaya","19":"product_cat-ingredient-parsley","20":"product_cat-ingredient-phosphorus","21":"product_cat-ingredient-pineapple","22":"product_cat-ingredient-potassium","23":"product_cat-ingredient-valerian-root","24":"product_cat-ingredient-vitamin-a","25":"product_cat-ingredient-vitamin-b12","26":"product_cat-ingredient-vitamin-b6","27":"product_cat-ingredient-vitamin-c","28":"product_cat-ingredient-vitamin-d3","29":"product_cat-ingredient-zinc","30":"product_cat-vitamins-minerals","31":"product_cat-nervous","32":"product_cat-structural","33":"product_tag-halal","34":"product_tag-kosher","35":"product_tag-non-gmo","37":"first","38":"instock","39":"sale","40":"taxable","41":"shipping-taxable","42":"purchasable","43":"product-type-simple"},"group_of_quantity":0,"min_quantity":0,"max_quantity":12,"exclude_order_quantity_value_rules":"no","exclude_category_quantity_rules":"no","combine_variations":"no","acf":[],"_links":{"self":[{"href":"https:\/\/caringsunshine.com\/es\/wp-json\/wp\/v2\/product\/362","targetHints":{"allow":["GET"]}}],"collection":[{"href":"https:\/\/caringsunshine.com\/es\/wp-json\/wp\/v2\/product"}],"about":[{"href":"https:\/\/caringsunshine.com\/es\/wp-json\/wp\/v2\/types\/product"}],"replies":[{"embeddable":true,"href":"https:\/\/caringsunshine.com\/es\/wp-json\/wp\/v2\/comments?post=362"}],"version-history":[{"count":2,"href":"https:\/\/caringsunshine.com\/es\/wp-json\/wp\/v2\/product\/362\/revisions"}],"predecessor-version":[{"id":3640754,"href":"https:\/\/caringsunshine.com\/es\/wp-json\/wp\/v2\/product\/362\/revisions\/3640754"}],"wp:featuredmedia":[{"embeddable":true,"href":"https:\/\/caringsunshine.com\/es\/wp-json\/wp\/v2\/media\/3640864"}],"wp:attachment":[{"href":"https:\/\/caringsunshine.com\/es\/wp-json\/wp\/v2\/media?parent=362"}],"wp:term":[{"taxonomy":"product_brand","embeddable":true,"href":"https:\/\/caringsunshine.com\/es\/wp-json\/wp\/v2\/product_brand?post=362"},{"taxonomy":"product_cat","embeddable":true,"href":"https:\/\/caringsunshine.com\/es\/wp-json\/wp\/v2\/product_cat?post=362"},{"taxonomy":"product_tag","embeddable":true,"href":"https:\/\/caringsunshine.com\/es\/wp-json\/wp\/v2\/product_tag?post=362"}],"curies":[{"name":"wp","href":"https:\/\/api.w.org\/{rel}","templated":true}]}}