{"id":358,"date":"1999-12-31T16:00:00","date_gmt":"2000-01-01T00:00:00","guid":{"rendered":"http:\/\/caringsunshine.com\/supplements\/NaturesSunshine\/products\/phyto-soy.aspx"},"modified":"2026-04-18T00:43:57","modified_gmt":"2026-04-18T07:43:57","slug":"phyto-soy","status":"publish","type":"product","link":"https:\/\/caringsunshine.com\/es\/supplements\/NaturesSunshine\/products\/phyto-soy.aspx\/","title":{"rendered":"Phyto-Soy\u00ae."},"content":{"rendered":"<p>Nature's Sunshine Phyto-Soy\u00ae combina los beneficios nutricionales de la soja en una f\u00f3rmula que contiene m\u00e1s isoflavonoides que el tofu, el tempeh, y la soja tostada. Esta f\u00f3rmula sin GMA apoya el sistema inmunol\u00f3gico, la funci\u00f3n glandular, y la salud circulatoria. Una c\u00e1psula de Phyto-Soy contiene 120 mg de extracto de soja estandarizado en 10% isoflavonoides.<\/p>\n<p>N\u00daMERO DE STOCK: 4981-5<\/p>","protected":false},"excerpt":{"rendered":"<p>90 c\u00e1psulas<\/p>","protected":false},"featured_media":3262092,"comment_status":"open","ping_status":"closed","template":"","meta":{"_acf_changed":false,"footnotes":""},"product_brand":[],"product_cat":[23,8,1,26337,15932,86],"product_tag":[3100],"class_list":{"0":"post-358","1":"product","2":"type-product","3":"status-publish","4":"has-post-thumbnail","6":"product_cat-womens-health","7":"product_cat-cholesterol","8":"product_cat-allergy-immune","9":"product_cat-ingredient-silicon-dioxide","10":"product_cat-ingredient-soybean","11":"product_cat-glandular","12":"product_tag-non-gmo","14":"first","15":"instock","16":"sale","17":"taxable","18":"shipping-taxable","19":"purchasable","20":"product-type-simple"},"group_of_quantity":0,"min_quantity":0,"max_quantity":12,"exclude_order_quantity_value_rules":"no","exclude_category_quantity_rules":"no","combine_variations":"no","acf":[],"_links":{"self":[{"href":"https:\/\/caringsunshine.com\/es\/wp-json\/wp\/v2\/product\/358","targetHints":{"allow":["GET"]}}],"collection":[{"href":"https:\/\/caringsunshine.com\/es\/wp-json\/wp\/v2\/product"}],"about":[{"href":"https:\/\/caringsunshine.com\/es\/wp-json\/wp\/v2\/types\/product"}],"replies":[{"embeddable":true,"href":"https:\/\/caringsunshine.com\/es\/wp-json\/wp\/v2\/comments?post=358"}],"version-history":[{"count":1,"href":"https:\/\/caringsunshine.com\/es\/wp-json\/wp\/v2\/product\/358\/revisions"}],"predecessor-version":[{"id":3397089,"href":"https:\/\/caringsunshine.com\/es\/wp-json\/wp\/v2\/product\/358\/revisions\/3397089"}],"wp:featuredmedia":[{"embeddable":true,"href":"https:\/\/caringsunshine.com\/es\/wp-json\/wp\/v2\/media\/3262092"}],"wp:attachment":[{"href":"https:\/\/caringsunshine.com\/es\/wp-json\/wp\/v2\/media?parent=358"}],"wp:term":[{"taxonomy":"product_brand","embeddable":true,"href":"https:\/\/caringsunshine.com\/es\/wp-json\/wp\/v2\/product_brand?post=358"},{"taxonomy":"product_cat","embeddable":true,"href":"https:\/\/caringsunshine.com\/es\/wp-json\/wp\/v2\/product_cat?post=358"},{"taxonomy":"product_tag","embeddable":true,"href":"https:\/\/caringsunshine.com\/es\/wp-json\/wp\/v2\/product_tag?post=358"}],"curies":[{"name":"wp","href":"https:\/\/api.w.org\/{rel}","templated":true}]}}