{"id":354,"date":"1999-12-31T16:00:00","date_gmt":"2000-01-01T00:00:00","guid":{"rendered":"http:\/\/caringsunshine.com\/supplements\/NaturesSunshine\/products\/nutri-calm.aspx"},"modified":"2026-05-12T22:42:25","modified_gmt":"2026-05-13T05:42:25","slug":"nutri-calm","status":"publish","type":"product","link":"https:\/\/caringsunshine.com\/es\/supplements\/NaturesSunshine\/products\/nutri-calm.aspx\/","title":{"rendered":"Nutri-Calm"},"content":{"rendered":"<p>Nature's Sunshine Nutri-Calm\u00ae combina nutrientes esenciales para la salud del sistema nervioso. La f\u00f3rmula de Nutri-Calm\u00ae incluye vitaminas del grupo B que a menudo se agotan cuando el cuerpo sufre estr\u00e9s. Nutri-Calm\u00ae fomenta el sue\u00f1o reparador, calma los nervios, apoya el sistema inmunol\u00f3gico, y relaja el cuerpo. Tambi\u00e9n incluye nutrientes con propiedades antioxidantes para apoyar los procesos de desintoxicaci\u00f3n del cuerpo.<\/p>\n<p>N\u00daMERO DE STOCK: 4803<\/p>","protected":false},"excerpt":{"rendered":"<p>60 comprimidos<\/p>","protected":false},"featured_media":3223384,"comment_status":"open","ping_status":"closed","template":"","meta":{"_acf_changed":false,"footnotes":""},"product_brand":[],"product_cat":[53,2,10,1,13421,13502,13856,14387,14707,14785,14993,15303,15387,15421,15725,26252,16072,16169,16209,16210,16211,21,3091,73,90,76],"product_tag":[3102,3101,3100,148],"class_list":{"0":"post-354","1":"product","2":"type-product","3":"status-publish","4":"has-post-thumbnail","6":"product_cat-stress-relaxation","7":"product_cat-antioxidants","8":"product_cat-energy","9":"product_cat-allergy-immune","10":"product_cat-ingredient-bee-pollen","11":"product_cat-ingredient-biotin","12":"product_cat-ingredient-choline","13":"product_cat-ingredient-folate","14":"product_cat-ingredient-hops","15":"product_cat-ingredient-inositol","16":"product_cat-ingredient-lemon","17":"product_cat-ingredient-niacin-vitamin-b3","18":"product_cat-ingredient-paba-para-aminobenzoic-acid","19":"product_cat-ingredient-passionflower","20":"product_cat-ingredient-riboflavin-vitamin-b2","21":"product_cat-ingredient-schisandra-chinensis","22":"product_cat-ingredient-thiamin-vitamin-b1","23":"product_cat-ingredient-valerian-root","24":"product_cat-ingredient-vitamin-b12","25":"product_cat-ingredient-vitamin-b6","26":"product_cat-ingredient-vitamin-c","27":"product_cat-vitamins-minerals","28":"product_cat-memory-mood","29":"product_cat-mood","30":"product_cat-nervous","31":"product_cat-sleep-relaxation","32":"product_tag-halal","33":"product_tag-kosher","34":"product_tag-non-gmo","35":"product_tag-vegan","37":"first","38":"instock","39":"sale","40":"taxable","41":"shipping-taxable","42":"purchasable","43":"product-type-simple"},"group_of_quantity":0,"min_quantity":0,"max_quantity":12,"exclude_order_quantity_value_rules":"no","exclude_category_quantity_rules":"no","combine_variations":"no","acf":[],"_links":{"self":[{"href":"https:\/\/caringsunshine.com\/es\/wp-json\/wp\/v2\/product\/354","targetHints":{"allow":["GET"]}}],"collection":[{"href":"https:\/\/caringsunshine.com\/es\/wp-json\/wp\/v2\/product"}],"about":[{"href":"https:\/\/caringsunshine.com\/es\/wp-json\/wp\/v2\/types\/product"}],"replies":[{"embeddable":true,"href":"https:\/\/caringsunshine.com\/es\/wp-json\/wp\/v2\/comments?post=354"}],"version-history":[{"count":3,"href":"https:\/\/caringsunshine.com\/es\/wp-json\/wp\/v2\/product\/354\/revisions"}],"predecessor-version":[{"id":3360809,"href":"https:\/\/caringsunshine.com\/es\/wp-json\/wp\/v2\/product\/354\/revisions\/3360809"}],"wp:featuredmedia":[{"embeddable":true,"href":"https:\/\/caringsunshine.com\/es\/wp-json\/wp\/v2\/media\/3223384"}],"wp:attachment":[{"href":"https:\/\/caringsunshine.com\/es\/wp-json\/wp\/v2\/media?parent=354"}],"wp:term":[{"taxonomy":"product_brand","embeddable":true,"href":"https:\/\/caringsunshine.com\/es\/wp-json\/wp\/v2\/product_brand?post=354"},{"taxonomy":"product_cat","embeddable":true,"href":"https:\/\/caringsunshine.com\/es\/wp-json\/wp\/v2\/product_cat?post=354"},{"taxonomy":"product_tag","embeddable":true,"href":"https:\/\/caringsunshine.com\/es\/wp-json\/wp\/v2\/product_tag?post=354"}],"curies":[{"name":"wp","href":"https:\/\/api.w.org\/{rel}","templated":true}]}}