{"id":3360827,"date":"2025-02-14T10:25:27","date_gmt":"2025-02-14T18:25:27","guid":{"rendered":"https:\/\/caringsunshine.com\/?post_type=product&#038;p=3360827"},"modified":"2026-04-18T00:56:02","modified_gmt":"2026-04-18T07:56:02","slug":"anxiousless-2","status":"publish","type":"product","link":"https:\/\/caringsunshine.com\/es\/supplements\/NaturesSunshine\/products\/anxiousless-2.aspx\/","title":{"rendered":"AnxiousLess"},"content":{"rendered":"<p>AnxiousLess de Nature's Sunshine es una f\u00f3rmula de acci\u00f3n r\u00e1pida y no somnolienta que ayuda a aliviar el nerviosismo, la preocupaci\u00f3n, y la tensi\u00f3n asociados con la vida diaria. Esta f\u00f3rmula totalmente natural contiene la hierba traditional sudafricana, <em>Sceletium tortuosum, <\/em>junto con otros nutrientes claves para ayudar a reponer las reservas del cuerpo para combatir el estr\u00e9s. Lo m\u00e1s importante es que AnxiousLess combate la ansiedad desde m\u00faltiples v\u00edas. Debido a su f\u00f3rmula de acci\u00f3n r\u00e1pida, AnxiousLess calma r\u00e1pidamente la mente sin causar somnolencia. Adem\u00e1s, ayuda a mejorar el estado de \u00e1nimo y aliviar la fatiga.<\/p>","protected":false},"excerpt":{"rendered":"<p>90 c\u00e1psulas<\/p>","protected":false},"featured_media":3362199,"comment_status":"open","ping_status":"closed","template":"","meta":{"_acf_changed":false,"footnotes":""},"product_brand":[],"product_cat":[53,14858,14915,15101,16072,16300,73,90],"product_tag":[],"class_list":{"0":"post-3360827","1":"product","2":"type-product","3":"status-publish","4":"has-post-thumbnail","6":"product_cat-stress-relaxation","7":"product_cat-ingredient-kanna","8":"product_cat-ingredient-l-theanine","9":"product_cat-ingredient-magnesium","10":"product_cat-ingredient-thiamin-vitamin-b1","11":"product_cat-ingredient-zinc","12":"product_cat-mood","13":"product_cat-nervous","15":"first","16":"instock","17":"sale","18":"taxable","19":"shipping-taxable","20":"purchasable","21":"product-type-simple"},"group_of_quantity":0,"min_quantity":0,"max_quantity":12,"exclude_order_quantity_value_rules":"no","exclude_category_quantity_rules":"no","combine_variations":"no","acf":[],"_links":{"self":[{"href":"https:\/\/caringsunshine.com\/es\/wp-json\/wp\/v2\/product\/3360827","targetHints":{"allow":["GET"]}}],"collection":[{"href":"https:\/\/caringsunshine.com\/es\/wp-json\/wp\/v2\/product"}],"about":[{"href":"https:\/\/caringsunshine.com\/es\/wp-json\/wp\/v2\/types\/product"}],"replies":[{"embeddable":true,"href":"https:\/\/caringsunshine.com\/es\/wp-json\/wp\/v2\/comments?post=3360827"}],"version-history":[{"count":1,"href":"https:\/\/caringsunshine.com\/es\/wp-json\/wp\/v2\/product\/3360827\/revisions"}],"predecessor-version":[{"id":3360832,"href":"https:\/\/caringsunshine.com\/es\/wp-json\/wp\/v2\/product\/3360827\/revisions\/3360832"}],"wp:featuredmedia":[{"embeddable":true,"href":"https:\/\/caringsunshine.com\/es\/wp-json\/wp\/v2\/media\/3362199"}],"wp:attachment":[{"href":"https:\/\/caringsunshine.com\/es\/wp-json\/wp\/v2\/media?parent=3360827"}],"wp:term":[{"taxonomy":"product_brand","embeddable":true,"href":"https:\/\/caringsunshine.com\/es\/wp-json\/wp\/v2\/product_brand?post=3360827"},{"taxonomy":"product_cat","embeddable":true,"href":"https:\/\/caringsunshine.com\/es\/wp-json\/wp\/v2\/product_cat?post=3360827"},{"taxonomy":"product_tag","embeddable":true,"href":"https:\/\/caringsunshine.com\/es\/wp-json\/wp\/v2\/product_tag?post=3360827"}],"curies":[{"name":"wp","href":"https:\/\/api.w.org\/{rel}","templated":true}]}}