{"id":3360730,"date":"2025-02-14T08:50:25","date_gmt":"2025-02-14T16:50:25","guid":{"rendered":"https:\/\/caringsunshine.com\/?post_type=product&#038;p=3360730"},"modified":"2026-04-28T00:49:16","modified_gmt":"2026-04-28T07:49:16","slug":"power-meal-2","status":"publish","type":"product","link":"https:\/\/caringsunshine.com\/es\/supplements\/NaturesSunshine\/products\/power-meal-2.aspx\/","title":{"rendered":"Power Meal Vainilla"},"content":{"rendered":"<p class=\"catch-phrase ng-star-inserted\">Hemos elaborado con maestr\u00eda el batido de superalimentos m\u00e1s satisfactorio que encontrar\u00e1s en el mercado, con: prote\u00edna vegetal de primera calidad, fibra respetuosa con el intestino, frutas y verduras, M\u00c1S ra\u00edces adapt\u00f3genas y una mezcla de hongos para la inmunidad. Disfruta de cada deliciosa gota, repleta de nutrici\u00f3n para el rendimiento y la energ\u00eda diarios.<\/p>\n<div class=\"benefit-list ng-star-inserted\">\n<ul>\n<li class=\"benefits ng-star-inserted\">Favorece la masa muscular, la resistencia, la inmunidad, la salud intestinal, la concentraci\u00f3n y la respuesta al estr\u00e9s<\/li>\n<li class=\"benefits ng-star-inserted\">Aporta 25 g de prote\u00ednas con macros equilibradas de alimentos integrales y fibra prebi\u00f3tica<\/li>\n<\/ul>\n<\/div>","protected":false},"excerpt":{"rendered":"<p>Vainilla (15 raciones)<\/p>","protected":false},"featured_media":3616035,"comment_status":"closed","ping_status":"closed","template":"","meta":{"_acf_changed":false,"footnotes":""},"product_brand":[],"product_cat":[10,1,35,13275,13336,13429,13502,13549,13601,13602,13627,13655,13739,13803,13823,13843,13863,13879,13957,13961,13988,14020,14060,14223,14387,14417,14506,14514,14793,14800,14855,15091,15214,15303,15355,15407,25803,15590,15688,15704,15725,15836,15869,15948,15951,15974,16072,26621,16145,16146,16207,16209,16210,16212,16300,19,34,21,36,85,89,78,73],"product_tag":[4783,3105,3100,148],"class_list":{"0":"post-3360730","1":"product","2":"type-product","3":"status-publish","4":"has-post-thumbnail","6":"product_cat-energy","7":"product_cat-allergy-immune","8":"product_cat-minerals","9":"product_cat-ingredient-apple","10":"product_cat-ingredient-ashwagandha","11":"product_cat-ingredient-beet","12":"product_cat-ingredient-biotin","13":"product_cat-ingredient-blueberry","14":"product_cat-ingredient-broccoli","15":"product_cat-ingredient-bromelain","16":"product_cat-ingredient-burdock","17":"product_cat-ingredient-calcium","18":"product_cat-ingredient-carrot","19":"product_cat-ingredient-chaga-mushroom","20":"product_cat-ingredient-chickpea-protein","21":"product_cat-ingredient-chlorella","22":"product_cat-ingredient-chromium","23":"product_cat-ingredient-cinnamon","24":"product_cat-ingredient-copper","25":"product_cat-ingredient-cordyceps","26":"product_cat-ingredient-cranberry","27":"product_cat-ingredient-cutch","28":"product_cat-ingredient-dandelion","29":"product_cat-ingredient-elderberry","30":"product_cat-ingredient-folate","31":"product_cat-ingredient-fruit-blend-proprietary","32":"product_cat-ingredient-ginger","33":"product_cat-ingredient-ginseng","34":"product_cat-ingredient-iodine","35":"product_cat-ingredient-iron","36":"product_cat-ingredient-kale","37":"product_cat-ingredient-maca","38":"product_cat-ingredient-molybdenum","39":"product_cat-ingredient-niacin-vitamin-b3","40":"product_cat-ingredient-orange","41":"product_cat-ingredient-pantothenic-acid-vitamin-b5","42":"product_cat-ingredient-pea-protein","43":"product_cat-ingredient-potassium","44":"product_cat-ingredient-raspberry","45":"product_cat-ingredient-reishi-mushroom","46":"product_cat-ingredient-riboflavin-vitamin-b2","47":"product_cat-ingredient-selenium","48":"product_cat-ingredient-shiitake-mushroom","49":"product_cat-ingredient-spinach","50":"product_cat-ingredient-spirulina","51":"product_cat-ingredient-strawberry","52":"product_cat-ingredient-thiamin-vitamin-b1","53":"product_cat-ingredient-tomato","54":"product_cat-ingredient-turkey-tail-mushroom","55":"product_cat-ingredient-turmeric","56":"product_cat-ingredient-vitamin-a","57":"product_cat-ingredient-vitamin-b12","58":"product_cat-ingredient-vitamin-b6","59":"product_cat-ingredient-vitamin-d","60":"product_cat-ingredient-zinc","61":"product_cat-sports-nutrition","62":"product_cat-vitamins","63":"product_cat-vitamins-minerals","64":"product_cat-whole-food-supplements","65":"product_cat-digestive","66":"product_cat-intestinal","67":"product_cat-meal-replacement-shakes","68":"product_cat-mood","69":"product_tag-0-grams-sugar","70":"product_tag-gluten-free","71":"product_tag-non-gmo","72":"product_tag-vegan","74":"first","75":"instock","76":"sale","77":"taxable","78":"shipping-taxable","79":"purchasable","80":"product-type-simple"},"group_of_quantity":0,"min_quantity":0,"max_quantity":12,"exclude_order_quantity_value_rules":"no","exclude_category_quantity_rules":"no","combine_variations":"no","acf":[],"_links":{"self":[{"href":"https:\/\/caringsunshine.com\/es\/wp-json\/wp\/v2\/product\/3360730","targetHints":{"allow":["GET"]}}],"collection":[{"href":"https:\/\/caringsunshine.com\/es\/wp-json\/wp\/v2\/product"}],"about":[{"href":"https:\/\/caringsunshine.com\/es\/wp-json\/wp\/v2\/types\/product"}],"replies":[{"embeddable":true,"href":"https:\/\/caringsunshine.com\/es\/wp-json\/wp\/v2\/comments?post=3360730"}],"version-history":[{"count":3,"href":"https:\/\/caringsunshine.com\/es\/wp-json\/wp\/v2\/product\/3360730\/revisions"}],"predecessor-version":[{"id":3606317,"href":"https:\/\/caringsunshine.com\/es\/wp-json\/wp\/v2\/product\/3360730\/revisions\/3606317"}],"wp:featuredmedia":[{"embeddable":true,"href":"https:\/\/caringsunshine.com\/es\/wp-json\/wp\/v2\/media\/3616035"}],"wp:attachment":[{"href":"https:\/\/caringsunshine.com\/es\/wp-json\/wp\/v2\/media?parent=3360730"}],"wp:term":[{"taxonomy":"product_brand","embeddable":true,"href":"https:\/\/caringsunshine.com\/es\/wp-json\/wp\/v2\/product_brand?post=3360730"},{"taxonomy":"product_cat","embeddable":true,"href":"https:\/\/caringsunshine.com\/es\/wp-json\/wp\/v2\/product_cat?post=3360730"},{"taxonomy":"product_tag","embeddable":true,"href":"https:\/\/caringsunshine.com\/es\/wp-json\/wp\/v2\/product_tag?post=3360730"}],"curies":[{"name":"wp","href":"https:\/\/api.w.org\/{rel}","templated":true}]}}