{"id":3360709,"date":"2025-02-14T08:37:49","date_gmt":"2025-02-14T16:37:49","guid":{"rendered":"https:\/\/caringsunshine.com\/?post_type=product&#038;p=3360709"},"modified":"2026-05-08T20:26:21","modified_gmt":"2026-05-09T03:26:21","slug":"chlorophyll-stick-pack-copy","status":"publish","type":"product","link":"https:\/\/caringsunshine.com\/es\/supplements\/NaturesSunshine\/products\/chlorophyll-stick-pack-copy.aspx\/","title":{"rendered":"Pack Stick Clorofila"},"content":{"rendered":"<p class=\"catch-phrase ng-star-inserted\"><strong>DESINTOXICACI\u00d3N INTERIOR, RESPLANDOR EXTERIOR.<\/strong>\u00a0Potente, delicioso y pr\u00e1ctico, este \u00e9xito de ventas desde hace m\u00e1s de 30 a\u00f1os se presenta ahora en envases de stick listos para viajar y en dos sabores, listos para ayudar a tu intestino y refrescarte a diario desde dentro hacia fuera.<\/p>\n<div class=\"benefit-list ng-star-inserted\">\n<ul>\n<li class=\"benefits ng-star-inserted\">Desintoxicaci\u00f3n diaria que ayuda a la salud digestiva, intestinal e inmunol\u00f3gica<\/li>\n<li class=\"benefits ng-star-inserted\">Equilibra el microbioma intestinal favoreciendo la desintoxicaci\u00f3n natural<\/li>\n<li class=\"benefits ng-star-inserted\">Nuevos sabores naturales, listos para mezclar y refrescar<\/li>\n<\/ul>\n<\/div>","protected":false},"excerpt":{"rendered":"<p>Menta verde<\/p>","protected":false},"featured_media":3202346,"comment_status":"closed","ping_status":"closed","template":"","meta":{"_acf_changed":false,"footnotes":""},"product_brand":[],"product_cat":[2,3,71,29,85,1,13849],"product_tag":[4783,3106,3104,3100,3107],"class_list":{"0":"post-3360709","1":"product","2":"type-product","3":"status-publish","4":"has-post-thumbnail","6":"product_cat-antioxidants","7":"product_cat-beauty-skin-care","8":"product_cat-cellular","9":"product_cat-colon-cleansing","10":"product_cat-digestive","11":"product_cat-allergy-immune","12":"product_cat-ingredient-chlorophyll","13":"product_tag-0-grams-sugar","14":"product_tag-keto-friendly","15":"product_tag-non-dairy","16":"product_tag-non-gmo","17":"product_tag-soy-free","19":"first","20":"instock","21":"sale","22":"taxable","23":"shipping-taxable","24":"purchasable","25":"product-type-simple"},"group_of_quantity":0,"min_quantity":0,"max_quantity":12,"exclude_order_quantity_value_rules":"no","exclude_category_quantity_rules":"no","combine_variations":"no","acf":[],"_links":{"self":[{"href":"https:\/\/caringsunshine.com\/es\/wp-json\/wp\/v2\/product\/3360709","targetHints":{"allow":["GET"]}}],"collection":[{"href":"https:\/\/caringsunshine.com\/es\/wp-json\/wp\/v2\/product"}],"about":[{"href":"https:\/\/caringsunshine.com\/es\/wp-json\/wp\/v2\/types\/product"}],"replies":[{"embeddable":true,"href":"https:\/\/caringsunshine.com\/es\/wp-json\/wp\/v2\/comments?post=3360709"}],"version-history":[{"count":2,"href":"https:\/\/caringsunshine.com\/es\/wp-json\/wp\/v2\/product\/3360709\/revisions"}],"predecessor-version":[{"id":3360727,"href":"https:\/\/caringsunshine.com\/es\/wp-json\/wp\/v2\/product\/3360709\/revisions\/3360727"}],"wp:featuredmedia":[{"embeddable":true,"href":"https:\/\/caringsunshine.com\/es\/wp-json\/wp\/v2\/media\/3202346"}],"wp:attachment":[{"href":"https:\/\/caringsunshine.com\/es\/wp-json\/wp\/v2\/media?parent=3360709"}],"wp:term":[{"taxonomy":"product_brand","embeddable":true,"href":"https:\/\/caringsunshine.com\/es\/wp-json\/wp\/v2\/product_brand?post=3360709"},{"taxonomy":"product_cat","embeddable":true,"href":"https:\/\/caringsunshine.com\/es\/wp-json\/wp\/v2\/product_cat?post=3360709"},{"taxonomy":"product_tag","embeddable":true,"href":"https:\/\/caringsunshine.com\/es\/wp-json\/wp\/v2\/product_tag?post=3360709"}],"curies":[{"name":"wp","href":"https:\/\/api.w.org\/{rel}","templated":true}]}}