{"id":335,"date":"1999-12-31T16:00:00","date_gmt":"2000-01-01T00:00:00","guid":{"rendered":"http:\/\/caringsunshine.com\/supplements\/NaturesSunshine\/products\/gaba-plus.aspx"},"modified":"2026-04-18T00:56:22","modified_gmt":"2026-04-18T07:56:22","slug":"gaba-plus","status":"publish","type":"product","link":"https:\/\/caringsunshine.com\/es\/supplements\/NaturesSunshine\/products\/gaba-plus.aspx\/","title":{"rendered":"Gaba Plus"},"content":{"rendered":"<p>GABA Plus de Nature's Sunshine promueve una actividad cerebral saludable. El \u00e1cido gamma-aminobut\u00edrico o GABA, un amino\u00e1cido, apoya la actividad de los neurotransmisores as\u00ed como la actividad cerebral. GABA Plus contiene otros dos amino\u00e1cidos que apoyan el cerebro, la glutamina y la taurina, as\u00ed como la espirulina y la pasiflora, dos hierbas que son ricas en nutrientes y proporcionan beneficios para la salud por s\u00ed mismas.<\/p>\n<p>N\u00daMERO DE INVENTARIO: 1823-6<\/p>","protected":false},"excerpt":{"rendered":"<p>60 c\u00e1psulas<\/p>","protected":false},"featured_media":2883856,"comment_status":"open","ping_status":"closed","template":"","meta":{"_acf_changed":false,"footnotes":""},"product_brand":[],"product_cat":[5,14436,14902,14914,15421,26337,15951,90],"product_tag":[3101,3100],"class_list":{"0":"post-335","1":"product","2":"type-product","3":"status-publish","4":"has-post-thumbnail","6":"product_cat-brain-support","7":"product_cat-ingredient-gaba-gamma-aminobutyric-acid","8":"product_cat-ingredient-l-glutamine","9":"product_cat-ingredient-l-taurine","10":"product_cat-ingredient-passionflower","11":"product_cat-ingredient-silicon-dioxide","12":"product_cat-ingredient-spirulina","13":"product_cat-nervous","14":"product_tag-kosher","15":"product_tag-non-gmo","17":"first","18":"instock","19":"sale","20":"taxable","21":"shipping-taxable","22":"purchasable","23":"product-type-simple"},"group_of_quantity":0,"min_quantity":0,"max_quantity":12,"exclude_order_quantity_value_rules":"no","exclude_category_quantity_rules":"no","combine_variations":"no","acf":[],"_links":{"self":[{"href":"https:\/\/caringsunshine.com\/es\/wp-json\/wp\/v2\/product\/335","targetHints":{"allow":["GET"]}}],"collection":[{"href":"https:\/\/caringsunshine.com\/es\/wp-json\/wp\/v2\/product"}],"about":[{"href":"https:\/\/caringsunshine.com\/es\/wp-json\/wp\/v2\/types\/product"}],"replies":[{"embeddable":true,"href":"https:\/\/caringsunshine.com\/es\/wp-json\/wp\/v2\/comments?post=335"}],"version-history":[{"count":1,"href":"https:\/\/caringsunshine.com\/es\/wp-json\/wp\/v2\/product\/335\/revisions"}],"predecessor-version":[{"id":3641734,"href":"https:\/\/caringsunshine.com\/es\/wp-json\/wp\/v2\/product\/335\/revisions\/3641734"}],"wp:featuredmedia":[{"embeddable":true,"href":"https:\/\/caringsunshine.com\/es\/wp-json\/wp\/v2\/media\/2883856"}],"wp:attachment":[{"href":"https:\/\/caringsunshine.com\/es\/wp-json\/wp\/v2\/media?parent=335"}],"wp:term":[{"taxonomy":"product_brand","embeddable":true,"href":"https:\/\/caringsunshine.com\/es\/wp-json\/wp\/v2\/product_brand?post=335"},{"taxonomy":"product_cat","embeddable":true,"href":"https:\/\/caringsunshine.com\/es\/wp-json\/wp\/v2\/product_cat?post=335"},{"taxonomy":"product_tag","embeddable":true,"href":"https:\/\/caringsunshine.com\/es\/wp-json\/wp\/v2\/product_tag?post=335"}],"curies":[{"name":"wp","href":"https:\/\/api.w.org\/{rel}","templated":true}]}}