{"id":333,"date":"1999-12-31T16:00:00","date_gmt":"2000-01-01T00:00:00","guid":{"rendered":"http:\/\/caringsunshine.com\/supplements\/NaturesSunshine\/products\/focus-attention.aspx"},"modified":"2026-04-18T00:56:27","modified_gmt":"2026-04-18T07:56:27","slug":"focus-attention","status":"publish","type":"product","link":"https:\/\/caringsunshine.com\/es\/supplements\/NaturesSunshine\/products\/focus-attention.aspx\/","title":{"rendered":"Centrar la atenci\u00f3n"},"content":{"rendered":"<p>Focus Attention de Nature's Sunshine promueve la circulaci\u00f3n adecuada y los niveles de neurotransmisores en el cerebro adecuados para ayudar a mejorar la atenci\u00f3n. La f\u00f3rmula incluye semillas de lino, ginkgo biloba, DMEA, y melissa officinalis, nutrientes que fomentan la funci\u00f3n cerebral saludable. Focus Attention no sobreestimula, sino que promueve la actividad mental equilibrada y reposada. Focus Attention de Nature's Sunshine se presenta en c\u00e1psulas o en un polvo para las bebidas. Funciona mejor cuando se toma junto con los geles blandos o el l\u00edquido de aceite de semilla de lino (Flax Seed Oil).<\/p>\n<p>N\u00daMERO DE INVENTARIO: 1833-4<\/p>","protected":false},"excerpt":{"rendered":"<p>90 c\u00e1psulas<\/p>","protected":false},"featured_media":2831160,"comment_status":"open","ping_status":"closed","template":"","meta":{"_acf_changed":false,"footnotes":""},"product_brand":[],"product_cat":[5,14141,14508,14610,14902,14993,15910,90],"product_tag":[3100,146],"class_list":{"0":"post-333","1":"product","2":"type-product","3":"status-publish","4":"has-post-thumbnail","6":"product_cat-brain-support","7":"product_cat-ingredient-dimethylethanolamine-dmea","8":"product_cat-ingredient-ginkgo-biloba","9":"product_cat-ingredient-grape","10":"product_cat-ingredient-l-glutamine","11":"product_cat-ingredient-lemon","12":"product_cat-ingredient-slippery-elm-bark","13":"product_cat-nervous","14":"product_tag-non-gmo","15":"product_tag-organic","17":"first","18":"instock","19":"sale","20":"taxable","21":"shipping-taxable","22":"purchasable","23":"product-type-simple"},"group_of_quantity":0,"min_quantity":0,"max_quantity":12,"exclude_order_quantity_value_rules":"no","exclude_category_quantity_rules":"no","combine_variations":"no","acf":[],"_links":{"self":[{"href":"https:\/\/caringsunshine.com\/es\/wp-json\/wp\/v2\/product\/333","targetHints":{"allow":["GET"]}}],"collection":[{"href":"https:\/\/caringsunshine.com\/es\/wp-json\/wp\/v2\/product"}],"about":[{"href":"https:\/\/caringsunshine.com\/es\/wp-json\/wp\/v2\/types\/product"}],"replies":[{"embeddable":true,"href":"https:\/\/caringsunshine.com\/es\/wp-json\/wp\/v2\/comments?post=333"}],"version-history":[{"count":1,"href":"https:\/\/caringsunshine.com\/es\/wp-json\/wp\/v2\/product\/333\/revisions"}],"predecessor-version":[{"id":3325904,"href":"https:\/\/caringsunshine.com\/es\/wp-json\/wp\/v2\/product\/333\/revisions\/3325904"}],"wp:featuredmedia":[{"embeddable":true,"href":"https:\/\/caringsunshine.com\/es\/wp-json\/wp\/v2\/media\/2831160"}],"wp:attachment":[{"href":"https:\/\/caringsunshine.com\/es\/wp-json\/wp\/v2\/media?parent=333"}],"wp:term":[{"taxonomy":"product_brand","embeddable":true,"href":"https:\/\/caringsunshine.com\/es\/wp-json\/wp\/v2\/product_brand?post=333"},{"taxonomy":"product_cat","embeddable":true,"href":"https:\/\/caringsunshine.com\/es\/wp-json\/wp\/v2\/product_cat?post=333"},{"taxonomy":"product_tag","embeddable":true,"href":"https:\/\/caringsunshine.com\/es\/wp-json\/wp\/v2\/product_tag?post=333"}],"curies":[{"name":"wp","href":"https:\/\/api.w.org\/{rel}","templated":true}]}}