{"id":3303385,"date":"2024-09-06T14:25:16","date_gmt":"2024-09-06T21:25:16","guid":{"rendered":"https:\/\/caringsunshine.com\/?post_type=product&#038;p=3303385"},"modified":"2026-04-08T01:28:21","modified_gmt":"2026-04-08T08:28:21","slug":"brain-edge","status":"publish","type":"product","link":"https:\/\/caringsunshine.com\/es\/supplements\/NaturesSunshine\/products\/brain-edge.aspx\/","title":{"rendered":"Brain Edge"},"content":{"rendered":"<p>Para mejorar su capacidad de pensar, concentrarse y aprender, Brain Edge combina el poder estimulante natural del cerebro de hierbas nootr\u00f3picas de eficacia probada:<br \/>\n&#8211; <strong>Yerba Mate:<\/strong> Con su cafe\u00edna de origen natural, favorece la producci\u00f3n de dopamina, promoviendo la claridad mental, el rendimiento y el estado de alerta.<br \/>\n&#8211; <strong>Ginkgo:<\/strong> Mejora la circulaci\u00f3n cerebral para favorecer el procesamiento cognitivo y ayuda a mantener una memoria \u00e1gil.<br \/>\n&#8211; <strong>Rhodiola (un adapt\u00f3geno):<\/strong> Reduce la fatiga y favorece la cognici\u00f3n mental, incluidos el pensamiento y el aprendizaje.<\/p>\n<p>Hemos mejorado esta mezcla de hierbas con **Gotu Kola**, que favorece la memoria, y **Grape Seed**, rica en antioxidantes. A continuaci\u00f3n, hemos combinado estas hierbas con nutrientes energizantes de eficacia probada:<br \/>\n&#8211; <strong>Taurina:<\/strong> Amino\u00e1cido que facilita la producci\u00f3n de energ\u00eda celular y favorece un metabolismo sano.<br \/>\n&#8211; <strong>Tirosina:<\/strong> Precursor de neurotransmisores clave como la epinefrina (adrenalina), la norepinefrina y la dopamina.<br \/>\n&#8211; <strong>Colina:<\/strong> Un nutriente vital relacionado con la memoria, el estado de \u00e1nimo y la energ\u00eda.<br \/>\n&#8211; <strong>ATP:<\/strong> Aporta energ\u00eda celular y favorece la funci\u00f3n cognitiva.<br \/>\n&#8211; <strong>Vitamina C:<\/strong> Favorece la circulaci\u00f3n sangu\u00ednea y la salud neurol\u00f3gica.<br \/>\n&#8211; <strong>\u00c1cido m\u00e1lico:<\/strong> Ayuda a la producci\u00f3n de energ\u00eda celular.<\/p>\n<p>Experimente la diferencia con esta fusi\u00f3n perfecta de hierbas naturales de larga tradici\u00f3n, amino\u00e1cidos cuidadosamente seleccionados y combustible celular. Brain Edge potencia el rendimiento mental m\u00e1ximo, vigorizando tanto la mente como el cuerpo.<\/p>\n<p>No te conformes con sentirte confuso o lento. Consigue una agudeza, concentraci\u00f3n, energ\u00eda, aprendizaje y estado de alerta excepcionales con Brain Edge, \u00a1y prep\u00e1rate para lo que venga!<\/p>","protected":false},"excerpt":{"rendered":"<p>24 paquetes de barritas<\/p>","protected":false},"featured_media":3615910,"comment_status":"closed","ping_status":"closed","template":"","meta":{"_acf_changed":false,"footnotes":""},"product_brand":[],"product_cat":[5],"product_tag":[3105,3106,3100,146,148],"class_list":{"0":"post-3303385","1":"product","2":"type-product","3":"status-publish","4":"has-post-thumbnail","6":"product_cat-brain-support","7":"product_tag-gluten-free","8":"product_tag-keto-friendly","9":"product_tag-non-gmo","10":"product_tag-organic","11":"product_tag-vegan","13":"first","14":"instock","15":"sale","16":"taxable","17":"shipping-taxable","18":"purchasable","19":"product-type-simple"},"group_of_quantity":0,"min_quantity":0,"max_quantity":12,"exclude_order_quantity_value_rules":"no","exclude_category_quantity_rules":"no","combine_variations":"no","acf":[],"_links":{"self":[{"href":"https:\/\/caringsunshine.com\/es\/wp-json\/wp\/v2\/product\/3303385","targetHints":{"allow":["GET"]}}],"collection":[{"href":"https:\/\/caringsunshine.com\/es\/wp-json\/wp\/v2\/product"}],"about":[{"href":"https:\/\/caringsunshine.com\/es\/wp-json\/wp\/v2\/types\/product"}],"replies":[{"embeddable":true,"href":"https:\/\/caringsunshine.com\/es\/wp-json\/wp\/v2\/comments?post=3303385"}],"version-history":[{"count":1,"href":"https:\/\/caringsunshine.com\/es\/wp-json\/wp\/v2\/product\/3303385\/revisions"}],"predecessor-version":[{"id":3554895,"href":"https:\/\/caringsunshine.com\/es\/wp-json\/wp\/v2\/product\/3303385\/revisions\/3554895"}],"wp:featuredmedia":[{"embeddable":true,"href":"https:\/\/caringsunshine.com\/es\/wp-json\/wp\/v2\/media\/3615910"}],"wp:attachment":[{"href":"https:\/\/caringsunshine.com\/es\/wp-json\/wp\/v2\/media?parent=3303385"}],"wp:term":[{"taxonomy":"product_brand","embeddable":true,"href":"https:\/\/caringsunshine.com\/es\/wp-json\/wp\/v2\/product_brand?post=3303385"},{"taxonomy":"product_cat","embeddable":true,"href":"https:\/\/caringsunshine.com\/es\/wp-json\/wp\/v2\/product_cat?post=3303385"},{"taxonomy":"product_tag","embeddable":true,"href":"https:\/\/caringsunshine.com\/es\/wp-json\/wp\/v2\/product_tag?post=3303385"}],"curies":[{"name":"wp","href":"https:\/\/api.w.org\/{rel}","templated":true}]}}