{"id":330,"date":"1999-12-31T16:00:00","date_gmt":"2000-01-01T00:00:00","guid":{"rendered":"http:\/\/caringsunshine.com\/supplements\/NaturesSunshine\/products\/fibralgia.aspx"},"modified":"2026-04-18T00:44:15","modified_gmt":"2026-04-18T07:44:15","slug":"fibralgia","status":"publish","type":"product","link":"https:\/\/caringsunshine.com\/es\/supplements\/NaturesSunshine\/products\/fibralgia.aspx\/","title":{"rendered":"Fibralgia"},"content":{"rendered":"<p>Fibralgia\u00ae de Nature's Sunshine nutre el sistema muscular para aliviar las molestias y la fatiga muscular. Fibralgia incluye \u00e1cido m\u00e1lico y magnesio, nutrientes que proporcionan un apoyo muscular clave. El \u00e1cido m\u00e1lico ayuda a producir la energ\u00eda celular, mientras que el magnesio favorece la absorci\u00f3n correcta de nutrientes que fortalecen los huesos y equilibran los impulsos nerviosos. Estos nutrientes ayudan al cuerpo a mantener la producci\u00f3n de energ\u00eda que necesita para no descomponer las prote\u00ednas musculares para crear energ\u00eda.<\/p>\n<p>N\u00daMERO DE INVENTARIO: 4061-6<\/p>","protected":false},"excerpt":{"rendered":"<p>90 c\u00e1psulas<\/p>","protected":false},"featured_media":2883327,"comment_status":"open","ping_status":"closed","template":"","meta":{"_acf_changed":false,"footnotes":""},"product_brand":[],"product_cat":[10,16,31,35,15101,15111,26337],"product_tag":[3101,3100],"class_list":{"0":"post-330","1":"product","2":"type-product","3":"status-publish","4":"has-post-thumbnail","6":"product_cat-energy","7":"product_cat-joints-bones","8":"product_cat-joint-pain","9":"product_cat-minerals","10":"product_cat-ingredient-magnesium","11":"product_cat-ingredient-malic-acid","12":"product_cat-ingredient-silicon-dioxide","13":"product_tag-kosher","14":"product_tag-non-gmo","16":"first","17":"instock","18":"sale","19":"taxable","20":"shipping-taxable","21":"purchasable","22":"product-type-simple"},"group_of_quantity":0,"min_quantity":0,"max_quantity":12,"exclude_order_quantity_value_rules":"no","exclude_category_quantity_rules":"no","combine_variations":"no","acf":[],"_links":{"self":[{"href":"https:\/\/caringsunshine.com\/es\/wp-json\/wp\/v2\/product\/330","targetHints":{"allow":["GET"]}}],"collection":[{"href":"https:\/\/caringsunshine.com\/es\/wp-json\/wp\/v2\/product"}],"about":[{"href":"https:\/\/caringsunshine.com\/es\/wp-json\/wp\/v2\/types\/product"}],"replies":[{"embeddable":true,"href":"https:\/\/caringsunshine.com\/es\/wp-json\/wp\/v2\/comments?post=330"}],"version-history":[{"count":2,"href":"https:\/\/caringsunshine.com\/es\/wp-json\/wp\/v2\/product\/330\/revisions"}],"predecessor-version":[{"id":3644588,"href":"https:\/\/caringsunshine.com\/es\/wp-json\/wp\/v2\/product\/330\/revisions\/3644588"}],"wp:featuredmedia":[{"embeddable":true,"href":"https:\/\/caringsunshine.com\/es\/wp-json\/wp\/v2\/media\/2883327"}],"wp:attachment":[{"href":"https:\/\/caringsunshine.com\/es\/wp-json\/wp\/v2\/media?parent=330"}],"wp:term":[{"taxonomy":"product_brand","embeddable":true,"href":"https:\/\/caringsunshine.com\/es\/wp-json\/wp\/v2\/product_brand?post=330"},{"taxonomy":"product_cat","embeddable":true,"href":"https:\/\/caringsunshine.com\/es\/wp-json\/wp\/v2\/product_cat?post=330"},{"taxonomy":"product_tag","embeddable":true,"href":"https:\/\/caringsunshine.com\/es\/wp-json\/wp\/v2\/product_tag?post=330"}],"curies":[{"name":"wp","href":"https:\/\/api.w.org\/{rel}","templated":true}]}}