{"id":33,"date":"1999-12-31T16:00:00","date_gmt":"2000-01-01T00:00:00","guid":{"rendered":"http:\/\/caringsunshine.com\/supplements\/NaturesSunshine\/products\/ginger.aspx"},"modified":"2026-05-02T11:06:34","modified_gmt":"2026-05-02T18:06:34","slug":"ginger","status":"publish","type":"product","link":"https:\/\/caringsunshine.com\/es\/supplements\/NaturesSunshine\/products\/ginger.aspx\/","title":{"rendered":"Jengibre"},"content":{"rendered":"<p>Esta fragante ra\u00edz tiene sus or\u00edgenes herbolarios en la antigua China e India. Algunos estiman que hasta la mitad de las hierbas medicinales chinas contienen jengibre porque amortigua los efectos de hierbas m\u00e1s potentes. Tambi\u00e9n se utiliza como t\u00e9, los beneficios del jengibre para la salud incluyen la salud digestiva, el alivio de las n\u00e1useas y la prevenci\u00f3n del mareo. Nature's Sunshine Ginger se presenta en c\u00e1psulas de 500 mg de rizoma de jengibre.<\/p>","protected":false},"excerpt":{"rendered":"<p>100 c\u00e1psulas<\/p>","protected":false},"featured_media":2840787,"comment_status":"open","ping_status":"closed","template":"","meta":{"_acf_changed":false,"footnotes":""},"product_brand":[],"product_cat":[15,9,48,14506,23,85],"product_tag":[3101,3100,148],"class_list":{"0":"post-33","1":"product","2":"type-product","3":"status-publish","4":"has-post-thumbnail","6":"product_cat-herbs","7":"product_cat-digestive-health","8":"product_cat-pregnancy","9":"product_cat-ingredient-ginger","10":"product_cat-womens-health","11":"product_cat-digestive","12":"product_tag-kosher","13":"product_tag-non-gmo","14":"product_tag-vegan","16":"first","17":"instock","18":"sale","19":"taxable","20":"shipping-taxable","21":"purchasable","22":"product-type-simple"},"group_of_quantity":0,"min_quantity":0,"max_quantity":12,"exclude_order_quantity_value_rules":"no","exclude_category_quantity_rules":"no","combine_variations":"no","acf":[],"_links":{"self":[{"href":"https:\/\/caringsunshine.com\/es\/wp-json\/wp\/v2\/product\/33","targetHints":{"allow":["GET"]}}],"collection":[{"href":"https:\/\/caringsunshine.com\/es\/wp-json\/wp\/v2\/product"}],"about":[{"href":"https:\/\/caringsunshine.com\/es\/wp-json\/wp\/v2\/types\/product"}],"replies":[{"embeddable":true,"href":"https:\/\/caringsunshine.com\/es\/wp-json\/wp\/v2\/comments?post=33"}],"version-history":[{"count":1,"href":"https:\/\/caringsunshine.com\/es\/wp-json\/wp\/v2\/product\/33\/revisions"}],"predecessor-version":[{"id":3641768,"href":"https:\/\/caringsunshine.com\/es\/wp-json\/wp\/v2\/product\/33\/revisions\/3641768"}],"wp:featuredmedia":[{"embeddable":true,"href":"https:\/\/caringsunshine.com\/es\/wp-json\/wp\/v2\/media\/2840787"}],"wp:attachment":[{"href":"https:\/\/caringsunshine.com\/es\/wp-json\/wp\/v2\/media?parent=33"}],"wp:term":[{"taxonomy":"product_brand","embeddable":true,"href":"https:\/\/caringsunshine.com\/es\/wp-json\/wp\/v2\/product_brand?post=33"},{"taxonomy":"product_cat","embeddable":true,"href":"https:\/\/caringsunshine.com\/es\/wp-json\/wp\/v2\/product_cat?post=33"},{"taxonomy":"product_tag","embeddable":true,"href":"https:\/\/caringsunshine.com\/es\/wp-json\/wp\/v2\/product_tag?post=33"}],"curies":[{"name":"wp","href":"https:\/\/api.w.org\/{rel}","templated":true}]}}