{"id":326,"date":"1999-12-31T16:00:00","date_gmt":"2000-01-01T00:00:00","guid":{"rendered":"http:\/\/caringsunshine.com\/supplements\/NaturesSunshine\/products\/vitamin-e.aspx"},"modified":"2026-04-08T00:50:58","modified_gmt":"2026-04-08T07:50:58","slug":"vitamin-e","status":"publish","type":"product","link":"https:\/\/caringsunshine.com\/es\/supplements\/NaturesSunshine\/products\/vitamin-e.aspx\/","title":{"rendered":"Vitamina E"},"content":{"rendered":"<p>La vitamina E de Nature's Sunshine contribuye a la salud circulatoria, estructural, y card\u00edaca. La vitamina E, una de las vitaminas m\u00e1s presentes en la naturaleza, suele faltar en las dietas modernas debido a los alimentos procesados. La vitamina E mantiene el flujo de la sangre y ayuda a mantener los sistemas esquel\u00e9tico, muscular, y card\u00edaco. Adem\u00e1s, ayuda al cuerpo a almacenar la vitamina A y el hierro. Aunque la vitamina E se puede encontrar en muchas formas qu\u00edmicas, la vitamina E de Nature's Sunshine viene \u00fanicamente de fuentes vegetales. Las c\u00e1psulas de vitamina E consisten de vitamina E en una base de aceite de soja prensado en fr\u00edo.<\/p>\n<p>N\u00daMERO DE STOCK: 1650-6<\/p>","protected":false},"excerpt":{"rendered":"<p>180 c\u00e1psulas<\/p>","protected":false},"featured_media":2835739,"comment_status":"open","ping_status":"closed","template":"","meta":{"_acf_changed":false,"footnotes":""},"product_brand":[],"product_cat":[2,3,4,1,16214,34,21,71,84,92],"product_tag":[],"class_list":{"0":"post-326","1":"product","2":"type-product","3":"status-publish","4":"has-post-thumbnail","6":"product_cat-antioxidants","7":"product_cat-beauty-skin-care","8":"product_cat-blood-sugar","9":"product_cat-allergy-immune","10":"product_cat-ingredient-vitamin-e","11":"product_cat-vitamins","12":"product_cat-vitamins-minerals","13":"product_cat-cellular","14":"product_cat-circulatory","15":"product_cat-structural","17":"first","18":"instock","19":"sale","20":"taxable","21":"shipping-taxable","22":"purchasable","23":"product-type-simple"},"group_of_quantity":0,"min_quantity":0,"max_quantity":12,"exclude_order_quantity_value_rules":"no","exclude_category_quantity_rules":"no","combine_variations":"no","acf":[],"_links":{"self":[{"href":"https:\/\/caringsunshine.com\/es\/wp-json\/wp\/v2\/product\/326","targetHints":{"allow":["GET"]}}],"collection":[{"href":"https:\/\/caringsunshine.com\/es\/wp-json\/wp\/v2\/product"}],"about":[{"href":"https:\/\/caringsunshine.com\/es\/wp-json\/wp\/v2\/types\/product"}],"replies":[{"embeddable":true,"href":"https:\/\/caringsunshine.com\/es\/wp-json\/wp\/v2\/comments?post=326"}],"version-history":[{"count":1,"href":"https:\/\/caringsunshine.com\/es\/wp-json\/wp\/v2\/product\/326\/revisions"}],"predecessor-version":[{"id":3363813,"href":"https:\/\/caringsunshine.com\/es\/wp-json\/wp\/v2\/product\/326\/revisions\/3363813"}],"wp:featuredmedia":[{"embeddable":true,"href":"https:\/\/caringsunshine.com\/es\/wp-json\/wp\/v2\/media\/2835739"}],"wp:attachment":[{"href":"https:\/\/caringsunshine.com\/es\/wp-json\/wp\/v2\/media?parent=326"}],"wp:term":[{"taxonomy":"product_brand","embeddable":true,"href":"https:\/\/caringsunshine.com\/es\/wp-json\/wp\/v2\/product_brand?post=326"},{"taxonomy":"product_cat","embeddable":true,"href":"https:\/\/caringsunshine.com\/es\/wp-json\/wp\/v2\/product_cat?post=326"},{"taxonomy":"product_tag","embeddable":true,"href":"https:\/\/caringsunshine.com\/es\/wp-json\/wp\/v2\/product_tag?post=326"}],"curies":[{"name":"wp","href":"https:\/\/api.w.org\/{rel}","templated":true}]}}