{"id":323,"date":"1999-12-31T16:00:00","date_gmt":"2000-01-01T00:00:00","guid":{"rendered":"http:\/\/caringsunshine.com\/supplements\/NaturesSunshine\/products\/defense-maintenance.aspx"},"modified":"2026-04-17T00:31:10","modified_gmt":"2026-04-17T07:31:10","slug":"defense-maintenance","status":"publish","type":"product","link":"https:\/\/caringsunshine.com\/es\/supplements\/NaturesSunshine\/products\/defense-maintenance.aspx\/","title":{"rendered":"Mantenimiento de la defensa"},"content":{"rendered":"<p>Defense Maintenance\u00ae de Nature's Sunshine nutre el sistema inmunol\u00f3gico con las vitaminas A, C, y E, adem\u00e1s de los minerales selenio y zinc. La f\u00f3rmula de Defense Maintenance incluye antioxidantes que combaten los radicales libres y contiene polvos de verduras cruc\u00edferas que promueven la capacidad del h\u00edgado para desintoxicar el cuerpo.<\/p>\n<p>N\u00daMERO DE STOCK: 1654-5<\/p>","protected":false},"excerpt":{"rendered":"<p>120 c\u00e1psulas<\/p>","protected":false},"featured_media":2879644,"comment_status":"open","ping_status":"closed","template":"","meta":{"_acf_changed":false,"footnotes":""},"product_brand":[],"product_cat":[2,1,13339,13351,13407,13601,13645,14230,14463,15419,15427,26252,15836,16207,16211,16214,16236,16300,21,3089],"product_tag":[],"class_list":{"0":"post-323","1":"product","2":"type-product","3":"status-publish","4":"has-post-thumbnail","6":"product_cat-antioxidants","7":"product_cat-allergy-immune","8":"product_cat-ingredient-asparagus","9":"product_cat-ingredient-astragalus","10":"product_cat-ingredient-barley","11":"product_cat-ingredient-broccoli","12":"product_cat-ingredient-cabbage-leaf","13":"product_cat-ingredient-eleuthero","14":"product_cat-ingredient-ganoderma","15":"product_cat-ingredient-parthenium","16":"product_cat-ingredient-pau-darco","17":"product_cat-ingredient-schisandra-chinensis","18":"product_cat-ingredient-selenium","19":"product_cat-ingredient-vitamin-a","20":"product_cat-ingredient-vitamin-c","21":"product_cat-ingredient-vitamin-e","22":"product_cat-ingredient-wheat-grass","23":"product_cat-ingredient-zinc","24":"product_cat-vitamins-minerals","25":"product_cat-liver-detoxification","27":"first","28":"instock","29":"sale","30":"taxable","31":"shipping-taxable","32":"purchasable","33":"product-type-simple"},"group_of_quantity":0,"min_quantity":0,"max_quantity":12,"exclude_order_quantity_value_rules":"no","exclude_category_quantity_rules":"no","combine_variations":"no","acf":[],"_links":{"self":[{"href":"https:\/\/caringsunshine.com\/es\/wp-json\/wp\/v2\/product\/323","targetHints":{"allow":["GET"]}}],"collection":[{"href":"https:\/\/caringsunshine.com\/es\/wp-json\/wp\/v2\/product"}],"about":[{"href":"https:\/\/caringsunshine.com\/es\/wp-json\/wp\/v2\/types\/product"}],"replies":[{"embeddable":true,"href":"https:\/\/caringsunshine.com\/es\/wp-json\/wp\/v2\/comments?post=323"}],"version-history":[{"count":1,"href":"https:\/\/caringsunshine.com\/es\/wp-json\/wp\/v2\/product\/323\/revisions"}],"predecessor-version":[{"id":3641156,"href":"https:\/\/caringsunshine.com\/es\/wp-json\/wp\/v2\/product\/323\/revisions\/3641156"}],"wp:featuredmedia":[{"embeddable":true,"href":"https:\/\/caringsunshine.com\/es\/wp-json\/wp\/v2\/media\/2879644"}],"wp:attachment":[{"href":"https:\/\/caringsunshine.com\/es\/wp-json\/wp\/v2\/media?parent=323"}],"wp:term":[{"taxonomy":"product_brand","embeddable":true,"href":"https:\/\/caringsunshine.com\/es\/wp-json\/wp\/v2\/product_brand?post=323"},{"taxonomy":"product_cat","embeddable":true,"href":"https:\/\/caringsunshine.com\/es\/wp-json\/wp\/v2\/product_cat?post=323"},{"taxonomy":"product_tag","embeddable":true,"href":"https:\/\/caringsunshine.com\/es\/wp-json\/wp\/v2\/product_tag?post=323"}],"curies":[{"name":"wp","href":"https:\/\/api.w.org\/{rel}","templated":true}]}}