{"id":3126529,"date":"2023-04-29T09:09:57","date_gmt":"2023-04-29T16:09:57","guid":{"rendered":"https:\/\/caringsunshine.com\/?post_type=product&#038;p=3126529"},"modified":"2026-04-08T00:28:35","modified_gmt":"2026-04-08T07:28:35","slug":"marine-collagen","status":"publish","type":"product","link":"https:\/\/caringsunshine.com\/es\/supplements\/NaturesSunshine\/products\/marine-collagen.aspx\/","title":{"rendered":"Col\u00e1geno marino"},"content":{"rendered":"<p>C\u00d3MO FUNCIONA<br \/>\nResplandece desde el interior con un stick listo para mezclar con tu bebida favorita.<br \/>\nCol\u00e1geno marino: favorece la salud de las articulaciones y el aspecto saludable de la piel<br \/>\nBiotina: mantiene la piel y el cabello en condiciones normales<br \/>\n\u00c1cido hialur\u00f3nico: mejora la hidrataci\u00f3n de la piel y favorece su elasticidad<br \/>\nVitamina C: favorece la s\u00edntesis de col\u00e1geno<br \/>\nNiacina: contribuye al mantenimiento de una piel y un cabello normales<\/p>\n<p>LA HISTORIA DEL COL\u00c1GENO MARINO<br \/>\nLa calidad importa. El abadejo de Alaska es el pez salvaje m\u00e1s abundante del estado y se gestiona con prudencia para evitar la sobrepesca. Las pr\u00edstinas y heladas fuentes de agua suministran un abadejo puro y nutritivo. Tras la captura, el pescado se procesa en instalaciones seguras reguladas por la legislaci\u00f3n estatal, donde se somete a rigurosos controles para detectar contaminantes. Adem\u00e1s, el abadejo salvaje de Alaska es una de las fuentes de prote\u00ednas m\u00e1s respetuosas con el clima.<\/p>\n<p>USO RECOMENDADO<br \/>\nMezcle una barrita en su bebida caliente o fr\u00eda favorita. Beber a diario para obtener mejores resultados.<\/p>","protected":false},"excerpt":{"rendered":"<p>30 raciones<\/p>","protected":false},"featured_media":3126530,"comment_status":"open","ping_status":"closed","template":"","meta":{"_acf_changed":false,"footnotes":""},"product_brand":[],"product_cat":[3,13502,13931,14725,15303,15885,16211],"product_tag":[3105,3106,3104,3100,146,3107],"class_list":{"0":"post-3126529","1":"product","2":"type-product","3":"status-publish","4":"has-post-thumbnail","6":"product_cat-beauty-skin-care","7":"product_cat-ingredient-biotin","8":"product_cat-ingredient-collagen","9":"product_cat-ingredient-hyaluronic-acid","10":"product_cat-ingredient-niacin-vitamin-b3","11":"product_cat-ingredient-silica","12":"product_cat-ingredient-vitamin-c","13":"product_tag-gluten-free","14":"product_tag-keto-friendly","15":"product_tag-non-dairy","16":"product_tag-non-gmo","17":"product_tag-organic","18":"product_tag-soy-free","20":"first","21":"onbackorder","22":"taxable","23":"shipping-taxable","24":"purchasable","25":"product-type-simple"},"group_of_quantity":0,"min_quantity":0,"max_quantity":12,"exclude_order_quantity_value_rules":"no","exclude_category_quantity_rules":"no","combine_variations":"no","acf":[],"_links":{"self":[{"href":"https:\/\/caringsunshine.com\/es\/wp-json\/wp\/v2\/product\/3126529","targetHints":{"allow":["GET"]}}],"collection":[{"href":"https:\/\/caringsunshine.com\/es\/wp-json\/wp\/v2\/product"}],"about":[{"href":"https:\/\/caringsunshine.com\/es\/wp-json\/wp\/v2\/types\/product"}],"replies":[{"embeddable":true,"href":"https:\/\/caringsunshine.com\/es\/wp-json\/wp\/v2\/comments?post=3126529"}],"version-history":[{"count":1,"href":"https:\/\/caringsunshine.com\/es\/wp-json\/wp\/v2\/product\/3126529\/revisions"}],"predecessor-version":[{"id":3589658,"href":"https:\/\/caringsunshine.com\/es\/wp-json\/wp\/v2\/product\/3126529\/revisions\/3589658"}],"wp:featuredmedia":[{"embeddable":true,"href":"https:\/\/caringsunshine.com\/es\/wp-json\/wp\/v2\/media\/3126530"}],"wp:attachment":[{"href":"https:\/\/caringsunshine.com\/es\/wp-json\/wp\/v2\/media?parent=3126529"}],"wp:term":[{"taxonomy":"product_brand","embeddable":true,"href":"https:\/\/caringsunshine.com\/es\/wp-json\/wp\/v2\/product_brand?post=3126529"},{"taxonomy":"product_cat","embeddable":true,"href":"https:\/\/caringsunshine.com\/es\/wp-json\/wp\/v2\/product_cat?post=3126529"},{"taxonomy":"product_tag","embeddable":true,"href":"https:\/\/caringsunshine.com\/es\/wp-json\/wp\/v2\/product_tag?post=3126529"}],"curies":[{"name":"wp","href":"https:\/\/api.w.org\/{rel}","templated":true}]}}