{"id":3119728,"date":"2023-04-10T12:32:22","date_gmt":"2023-04-10T19:32:22","guid":{"rendered":"https:\/\/caringsunshine.com\/?post_type=product&#038;p=3119728"},"modified":"2026-04-16T00:45:56","modified_gmt":"2026-04-16T07:45:56","slug":"power-beets-2","status":"publish","type":"product","link":"https:\/\/caringsunshine.com\/es\/supplements\/NaturesSunshine\/products\/power-beets-2.aspx\/","title":{"rendered":"Power Beets To-Go Packs"},"content":{"rendered":"<p>C\u00d3MO FUNCIONA<br \/>\nPower Beets funciona de dos maneras:<\/p>\n<ul>\n<li>Nuestro polvo patentado de ra\u00edz de remolacha repleto de nitratos activa la producci\u00f3n de \u00f3xido n\u00edtrico (NO). El \u00f3xido n\u00edtrico mejora la circulaci\u00f3n, lo que conduce a una mayor energ\u00eda, vitalidad, recuperaci\u00f3n y concentraci\u00f3n.<\/li>\n<li>Nuestra mezcla de antioxidantes cl\u00ednicamente estudiada protege el \u00f3xido n\u00edtrico para favorecer una circulaci\u00f3n sana y un rejuvenecimiento total. Sentir\u00e1 la diferencia.<\/li>\n<\/ul>\n<p>\u00a1M\u00e1s! Nuestra f\u00f3rmula rica en nutrientes incluye vitaminas del grupo B y vitamina C para favorecer la producci\u00f3n de energ\u00eda y la salud de los vasos sangu\u00edneos.<\/p>\n<p>\u00bfPOR QU\u00c9 REMOLACHA ENERG\u00c9TICA?<br \/>\nEsta f\u00f3rmula \u00fanica de superalimentos contiene superremolachas procedentes de las altas mesetas tibetanas. A 10.000 pies sobre el nivel del mar, las temperaturas medias de 40 grados (F) proporcionan las mejores condiciones de crecimiento, y el suelo de altura es excepcionalmente rico. Trabajamos con agricultores que han perfeccionado el cultivo de la remolacha.<\/p>\n<p>M\u00e1s all\u00e1 de la remolacha, descubrir\u00e1 nuestra exclusiva mezcla patentada de ingredientes bot\u00e1nicos ricos en polifenoles, como los extractos de grano de caf\u00e9 verde y de hoja de t\u00e9 verde, la c\u00farcuma, el ar\u00e1ndano y otros alimentos vegetales cardiosaludables. De hecho, Power Beets tiene una profundidad inigualable de ingredientes cl\u00ednicamente estudiados. Con gran sabor de los ingredientes de fruta real, en lugar de az\u00facar o edulcorante artificial, es realmente delicioso.<\/p>\n<p>LA HISTORIA DE LA REMOLACHA<br \/>\nNos propusimos crear un producto de remolacha mejor. Uno que trabaja m\u00e1s que los otros y sabe delicioso. Power Beets fue formulado por herbolarios, cient\u00edficos y profesionales de la salud de Nature's Sunshine para proporcionar la m\u00e1xima nutrici\u00f3n circulatoria que ayuda con la energ\u00eda, la resistencia, la concentraci\u00f3n, la fatiga, los niveles de presi\u00f3n arterial (en el rango normal), \u00a1y apoya la salud intestinal e inmunol\u00f3gica!<\/p>","protected":false},"excerpt":{"rendered":"<p>24 servings<\/p>","protected":false},"featured_media":3608852,"comment_status":"open","ping_status":"closed","template":"","meta":{"_acf_changed":false,"footnotes":""},"product_brand":[],"product_cat":[10,2,14,1,13275,13429,13549,13601,13819,13889,13925,14387,14414,14610,14618,14855,15101,15303,15342,15582,15885,16072,16146,16209,16210,16211,16213,84],"product_tag":[4783,3105,3106,3104,3100,3107,3103],"class_list":{"0":"post-3119728","1":"product","2":"type-product","3":"status-publish","4":"has-post-thumbnail","6":"product_cat-energy","7":"product_cat-antioxidants","8":"product_cat-heart-health","9":"product_cat-allergy-immune","10":"product_cat-ingredient-apple","11":"product_cat-ingredient-beet","12":"product_cat-ingredient-blueberry","13":"product_cat-ingredient-broccoli","14":"product_cat-ingredient-cherry","15":"product_cat-ingredient-citric-acid","16":"product_cat-ingredient-coffee-fruit","17":"product_cat-ingredient-folate","18":"product_cat-ingredient-fructooligosaccharides-fos","19":"product_cat-ingredient-grape","20":"product_cat-ingredient-green-tea","21":"product_cat-ingredient-kale","22":"product_cat-ingredient-magnesium","23":"product_cat-ingredient-niacin-vitamin-b3","24":"product_cat-ingredient-olive","25":"product_cat-ingredient-pomegranate","26":"product_cat-ingredient-silica","27":"product_cat-ingredient-thiamin-vitamin-b1","28":"product_cat-ingredient-turmeric","29":"product_cat-ingredient-vitamin-b12","30":"product_cat-ingredient-vitamin-b6","31":"product_cat-ingredient-vitamin-c","32":"product_cat-ingredient-vitamin-d3","33":"product_cat-circulatory","34":"product_tag-0-grams-sugar","35":"product_tag-gluten-free","36":"product_tag-keto-friendly","37":"product_tag-non-dairy","38":"product_tag-non-gmo","39":"product_tag-soy-free","40":"product_tag-vegetarian","42":"first","43":"instock","44":"sale","45":"taxable","46":"shipping-taxable","47":"purchasable","48":"product-type-simple"},"group_of_quantity":0,"min_quantity":0,"max_quantity":12,"exclude_order_quantity_value_rules":"no","exclude_category_quantity_rules":"no","combine_variations":"no","acf":[],"_links":{"self":[{"href":"https:\/\/caringsunshine.com\/es\/wp-json\/wp\/v2\/product\/3119728","targetHints":{"allow":["GET"]}}],"collection":[{"href":"https:\/\/caringsunshine.com\/es\/wp-json\/wp\/v2\/product"}],"about":[{"href":"https:\/\/caringsunshine.com\/es\/wp-json\/wp\/v2\/types\/product"}],"replies":[{"embeddable":true,"href":"https:\/\/caringsunshine.com\/es\/wp-json\/wp\/v2\/comments?post=3119728"}],"version-history":[{"count":4,"href":"https:\/\/caringsunshine.com\/es\/wp-json\/wp\/v2\/product\/3119728\/revisions"}],"predecessor-version":[{"id":3634126,"href":"https:\/\/caringsunshine.com\/es\/wp-json\/wp\/v2\/product\/3119728\/revisions\/3634126"}],"wp:featuredmedia":[{"embeddable":true,"href":"https:\/\/caringsunshine.com\/es\/wp-json\/wp\/v2\/media\/3608852"}],"wp:attachment":[{"href":"https:\/\/caringsunshine.com\/es\/wp-json\/wp\/v2\/media?parent=3119728"}],"wp:term":[{"taxonomy":"product_brand","embeddable":true,"href":"https:\/\/caringsunshine.com\/es\/wp-json\/wp\/v2\/product_brand?post=3119728"},{"taxonomy":"product_cat","embeddable":true,"href":"https:\/\/caringsunshine.com\/es\/wp-json\/wp\/v2\/product_cat?post=3119728"},{"taxonomy":"product_tag","embeddable":true,"href":"https:\/\/caringsunshine.com\/es\/wp-json\/wp\/v2\/product_tag?post=3119728"}],"curies":[{"name":"wp","href":"https:\/\/api.w.org\/{rel}","templated":true}]}}