{"id":309,"date":"1999-12-31T16:00:00","date_gmt":"2000-01-01T00:00:00","guid":{"rendered":"http:\/\/caringsunshine.com\/supplements\/NaturesSunshine\/products\/vitamin-c-citrus-bioflavonoids.aspx"},"modified":"2026-04-17T05:01:32","modified_gmt":"2026-04-17T12:01:32","slug":"vitamin-c-citrus-bioflavonoids","status":"publish","type":"product","link":"https:\/\/caringsunshine.com\/es\/supplements\/NaturesSunshine\/products\/vitamin-c-citrus-bioflavonoids.aspx\/","title":{"rendered":"Bioflavonoides c\u00edtricos (vitamina C)"},"content":{"rendered":"<p>Vitamin C Citrus Bioflavonoids de Nature's Sunshine proporciona protecci\u00f3n contra los radicales libres. Los bioflavonoides son compuestos naturales que contienen nutrientes vitales. Vitamin C, Citrus Bioflavonoids, combina 50 mg de cada uno de los bioflavonoides de lim\u00f3n, naranja, y pomelo junto con el complejo de hesperidina, la rutina, y el extracto de escaramujo. Cada c\u00e1psula, hecho sin almid\u00f3n, az\u00facar, aromas, ni colorantes artificiales, proporciona el 835 por ciento del valor diario o 500 mg de vitamina C.<\/p>\n<p>N\u00daMERO DE STOCK: 1646-4<\/p>","protected":false},"excerpt":{"rendered":"<p>90 comprimidos<\/p>","protected":false},"featured_media":2832440,"comment_status":"open","ping_status":"closed","template":"","meta":{"_acf_changed":false,"footnotes":""},"product_brand":[],"product_cat":[2,3,1,13655,14611,14682,14993,15355,15501,15742,15762,16211,34,21],"product_tag":[],"class_list":{"0":"post-309","1":"product","2":"type-product","3":"status-publish","4":"has-post-thumbnail","6":"product_cat-antioxidants","7":"product_cat-beauty-skin-care","8":"product_cat-allergy-immune","9":"product_cat-ingredient-calcium","10":"product_cat-ingredient-grapefruit","11":"product_cat-ingredient-hesperidin","12":"product_cat-ingredient-lemon","13":"product_cat-ingredient-orange","14":"product_cat-ingredient-phosphorus","15":"product_cat-ingredient-rose-hips","16":"product_cat-ingredient-rutin","17":"product_cat-ingredient-vitamin-c","18":"product_cat-vitamins","19":"product_cat-vitamins-minerals","21":"first","22":"instock","23":"sale","24":"taxable","25":"shipping-taxable","26":"purchasable","27":"product-type-simple"},"group_of_quantity":0,"min_quantity":0,"max_quantity":12,"exclude_order_quantity_value_rules":"no","exclude_category_quantity_rules":"no","combine_variations":"no","acf":[],"_links":{"self":[{"href":"https:\/\/caringsunshine.com\/es\/wp-json\/wp\/v2\/product\/309","targetHints":{"allow":["GET"]}}],"collection":[{"href":"https:\/\/caringsunshine.com\/es\/wp-json\/wp\/v2\/product"}],"about":[{"href":"https:\/\/caringsunshine.com\/es\/wp-json\/wp\/v2\/types\/product"}],"replies":[{"embeddable":true,"href":"https:\/\/caringsunshine.com\/es\/wp-json\/wp\/v2\/comments?post=309"}],"version-history":[{"count":1,"href":"https:\/\/caringsunshine.com\/es\/wp-json\/wp\/v2\/product\/309\/revisions"}],"predecessor-version":[{"id":3641061,"href":"https:\/\/caringsunshine.com\/es\/wp-json\/wp\/v2\/product\/309\/revisions\/3641061"}],"wp:featuredmedia":[{"embeddable":true,"href":"https:\/\/caringsunshine.com\/es\/wp-json\/wp\/v2\/media\/2832440"}],"wp:attachment":[{"href":"https:\/\/caringsunshine.com\/es\/wp-json\/wp\/v2\/media?parent=309"}],"wp:term":[{"taxonomy":"product_brand","embeddable":true,"href":"https:\/\/caringsunshine.com\/es\/wp-json\/wp\/v2\/product_brand?post=309"},{"taxonomy":"product_cat","embeddable":true,"href":"https:\/\/caringsunshine.com\/es\/wp-json\/wp\/v2\/product_cat?post=309"},{"taxonomy":"product_tag","embeddable":true,"href":"https:\/\/caringsunshine.com\/es\/wp-json\/wp\/v2\/product_tag?post=309"}],"curies":[{"name":"wp","href":"https:\/\/api.w.org\/{rel}","templated":true}]}}