{"id":305,"date":"1999-12-31T16:00:00","date_gmt":"2000-01-01T00:00:00","guid":{"rendered":"http:\/\/caringsunshine.com\/supplements\/NaturesSunshine\/products\/vitamin-c-ascorbates.aspx"},"modified":"2026-04-18T01:02:41","modified_gmt":"2026-04-18T08:02:41","slug":"vitamin-c-ascorbates","status":"publish","type":"product","link":"https:\/\/caringsunshine.com\/es\/supplements\/NaturesSunshine\/products\/vitamin-c-ascorbates.aspx\/","title":{"rendered":"Ascorbatos de vitamina C"},"content":{"rendered":"<p>Vitamin C Ascorbates de Nature's Sunshine proporciona un apoyo esencial al sistema inmunol\u00f3gico. Esta f\u00f3rmula pr\u00e1ctica en polvo ofrece una protecci\u00f3n inmunitaria no \u00e1cida que puede mezclarse con agua u otra bebida. Una porci\u00f3n de Vitamin C Ascorbates incluye 2.000 mg de vitamina C y una mezcla de calcio, potasio, y magnesio. Vitamin C Ascorbates proporciona vitamina C f\u00e1cil de digerir.<\/p>\n<p>N\u00daMERO DE STOCK: 1606-3<\/p>","protected":false},"excerpt":{"rendered":"<p>9 oz de polvo<\/p>","protected":false},"featured_media":2930927,"comment_status":"open","ping_status":"closed","template":"","meta":{"_acf_changed":false,"footnotes":""},"product_brand":[],"product_cat":[2,3,1,23686,13655,14682,15590,15762,16211,34,21],"product_tag":[],"class_list":{"0":"post-305","1":"product","2":"type-product","3":"status-publish","4":"has-post-thumbnail","6":"product_cat-antioxidants","7":"product_cat-beauty-skin-care","8":"product_cat-allergy-immune","9":"product_cat-ingredient-acerola","10":"product_cat-ingredient-calcium","11":"product_cat-ingredient-hesperidin","12":"product_cat-ingredient-potassium","13":"product_cat-ingredient-rutin","14":"product_cat-ingredient-vitamin-c","15":"product_cat-vitamins","16":"product_cat-vitamins-minerals","18":"first","19":"instock","20":"sale","21":"taxable","22":"shipping-taxable","23":"purchasable","24":"product-type-simple"},"group_of_quantity":0,"min_quantity":0,"max_quantity":12,"exclude_order_quantity_value_rules":"no","exclude_category_quantity_rules":"no","combine_variations":"no","acf":[],"_links":{"self":[{"href":"https:\/\/caringsunshine.com\/es\/wp-json\/wp\/v2\/product\/305","targetHints":{"allow":["GET"]}}],"collection":[{"href":"https:\/\/caringsunshine.com\/es\/wp-json\/wp\/v2\/product"}],"about":[{"href":"https:\/\/caringsunshine.com\/es\/wp-json\/wp\/v2\/types\/product"}],"replies":[{"embeddable":true,"href":"https:\/\/caringsunshine.com\/es\/wp-json\/wp\/v2\/comments?post=305"}],"version-history":[{"count":1,"href":"https:\/\/caringsunshine.com\/es\/wp-json\/wp\/v2\/product\/305\/revisions"}],"predecessor-version":[{"id":3651126,"href":"https:\/\/caringsunshine.com\/es\/wp-json\/wp\/v2\/product\/305\/revisions\/3651126"}],"wp:featuredmedia":[{"embeddable":true,"href":"https:\/\/caringsunshine.com\/es\/wp-json\/wp\/v2\/media\/2930927"}],"wp:attachment":[{"href":"https:\/\/caringsunshine.com\/es\/wp-json\/wp\/v2\/media?parent=305"}],"wp:term":[{"taxonomy":"product_brand","embeddable":true,"href":"https:\/\/caringsunshine.com\/es\/wp-json\/wp\/v2\/product_brand?post=305"},{"taxonomy":"product_cat","embeddable":true,"href":"https:\/\/caringsunshine.com\/es\/wp-json\/wp\/v2\/product_cat?post=305"},{"taxonomy":"product_tag","embeddable":true,"href":"https:\/\/caringsunshine.com\/es\/wp-json\/wp\/v2\/product_tag?post=305"}],"curies":[{"name":"wp","href":"https:\/\/api.w.org\/{rel}","templated":true}]}}