{"id":3047566,"date":"2022-10-03T11:43:21","date_gmt":"2022-10-03T18:43:21","guid":{"rendered":"https:\/\/caringsunshine.com\/?post_type=product&#038;p=3047566"},"modified":"2026-04-18T00:34:45","modified_gmt":"2026-04-18T07:34:45","slug":"aivia-recover-int","status":"publish","type":"product","link":"https:\/\/caringsunshine.com\/es\/supplements\/NaturesSunshine\/products\/aivia-recover-int.aspx\/","title":{"rendered":"AIVIA Recover INT"},"content":{"rendered":"<p>Recover INT est\u00e1 cargado de hierbas cl\u00ednicamente estudiadas que trabajan desde dentro hacia fuera para acelerar tu recuperaci\u00f3n. Con potentes ingredientes como la cereza n\u00f3rdica, la c\u00farcuma y la boswellia, AIVIA Recover INT proporciona una forma innovadora, natural y sostenible de recuperar y preparar tu cuerpo para lo que viene.<\/p>\n<p>La actividad regular o extenuante suele someter a tensi\u00f3n a las articulaciones y los m\u00fasculos y puede provocar dolores. Ciertas plantas tienen un perfil \u00fanico de fitoqu\u00edmicos que favorecen la salud y el bienestar de las articulaciones y proporcionan un apoyo antioxidante. Entre ellos se encuentran los \u00e1cidos fen\u00f3licos, las proantocianidinas y los curcuminoides, que eliminan los radicales libres causados por el ejercicio y ayudan al organismo a recuperarse m\u00e1s r\u00e1pidamente.<\/p>\n<p>Sigue movi\u00e9ndote, mantente \u00e1gil y alcanza tus objetivos. Pero aseg\u00farate de recuperarte tambi\u00e9n. Para obtener los mejores resultados, util\u00edzalo con la crema AIVIA Recover EXT.<\/p>","protected":false},"excerpt":{"rendered":"<p>60 c\u00e1psulas vegetales<\/p>","protected":false},"featured_media":3047570,"comment_status":"open","ping_status":"closed","template":"","meta":{"_acf_changed":false,"footnotes":""},"product_brand":[],"product_cat":[118],"product_tag":[3100,146],"class_list":{"0":"post-3047566","1":"product","2":"type-product","3":"status-publish","4":"has-post-thumbnail","6":"product_cat-uncategorized","7":"product_tag-non-gmo","8":"product_tag-organic","10":"first","11":"onbackorder","12":"taxable","13":"shipping-taxable","14":"purchasable","15":"product-type-simple"},"group_of_quantity":0,"min_quantity":0,"max_quantity":12,"exclude_order_quantity_value_rules":"no","exclude_category_quantity_rules":"no","combine_variations":"no","acf":[],"_links":{"self":[{"href":"https:\/\/caringsunshine.com\/es\/wp-json\/wp\/v2\/product\/3047566","targetHints":{"allow":["GET"]}}],"collection":[{"href":"https:\/\/caringsunshine.com\/es\/wp-json\/wp\/v2\/product"}],"about":[{"href":"https:\/\/caringsunshine.com\/es\/wp-json\/wp\/v2\/types\/product"}],"replies":[{"embeddable":true,"href":"https:\/\/caringsunshine.com\/es\/wp-json\/wp\/v2\/comments?post=3047566"}],"version-history":[{"count":0,"href":"https:\/\/caringsunshine.com\/es\/wp-json\/wp\/v2\/product\/3047566\/revisions"}],"wp:featuredmedia":[{"embeddable":true,"href":"https:\/\/caringsunshine.com\/es\/wp-json\/wp\/v2\/media\/3047570"}],"wp:attachment":[{"href":"https:\/\/caringsunshine.com\/es\/wp-json\/wp\/v2\/media?parent=3047566"}],"wp:term":[{"taxonomy":"product_brand","embeddable":true,"href":"https:\/\/caringsunshine.com\/es\/wp-json\/wp\/v2\/product_brand?post=3047566"},{"taxonomy":"product_cat","embeddable":true,"href":"https:\/\/caringsunshine.com\/es\/wp-json\/wp\/v2\/product_cat?post=3047566"},{"taxonomy":"product_tag","embeddable":true,"href":"https:\/\/caringsunshine.com\/es\/wp-json\/wp\/v2\/product_tag?post=3047566"}],"curies":[{"name":"wp","href":"https:\/\/api.w.org\/{rel}","templated":true}]}}