{"id":303,"date":"1999-12-31T16:00:00","date_gmt":"2000-01-01T00:00:00","guid":{"rendered":"http:\/\/caringsunshine.com\/supplements\/NaturesSunshine\/products\/bowel-detox.aspx"},"modified":"2026-04-07T14:41:34","modified_gmt":"2026-04-07T21:41:34","slug":"bowel-detox","status":"publish","type":"product","link":"https:\/\/caringsunshine.com\/es\/supplements\/NaturesSunshine\/products\/bowel-detox.aspx\/","title":{"rendered":"Desintoxicaci\u00f3n intestinal"},"content":{"rendered":"<p>Bowel Detox de Nature's Sunshine promueve la limpieza natural de el sistema digestivo e intestinal, incluyendo la eliminaci\u00f3n sistem\u00e1tica de los residuos del colon. Bowel Detox incluye 24 mg de beta\u00edna HC1 y sales biliares y 108 mg de pancreatina. Combinado con una base herbal de c\u00e1scaras de psyllium, algin, corteza de c\u00e1scara sagrada, rizoma de jengibre, pectina de manzana, ra\u00edz de parthenium, carb\u00f3n vegetal, extracto de ra\u00edz de malvavisco, clorofilina de cobre s\u00f3dica, y arcilla de bentonita, estos nutrientes proveen enzimas que mejoran la digesti\u00f3n y promueven la eliminaci\u00f3n correcta de residuos.<\/p>\n<p>N\u00daMERO DE INVENTARIO: 3020-8<\/p>","protected":false},"excerpt":{"rendered":"<p>120 c\u00e1psulas<\/p>","protected":false},"featured_media":2878862,"comment_status":"open","ping_status":"closed","template":"","meta":{"_acf_changed":false,"footnotes":""},"product_brand":[],"product_cat":[29,9,30,13128,13275,13437,24000,13491,13746,14506,15145,15402,15419,15454,15633,15836,26337,16207,16211,16214,16300,85,89],"product_tag":[],"class_list":{"0":"post-303","1":"product","2":"type-product","3":"status-publish","4":"has-post-thumbnail","6":"product_cat-colon-cleansing","7":"product_cat-digestive-health","8":"product_cat-natural-laxatives","9":"product_cat-ingredient-activated-charcoal","10":"product_cat-ingredient-apple","11":"product_cat-ingredient-bentonite","12":"product_cat-ingredient-betaine","13":"product_cat-ingredient-bile-salt","14":"product_cat-ingredient-cascara-sagrada","15":"product_cat-ingredient-ginger","16":"product_cat-ingredient-marshmallow","17":"product_cat-ingredient-pancreatin","18":"product_cat-ingredient-parthenium","19":"product_cat-ingredient-pepsin","20":"product_cat-ingredient-psyllium","21":"product_cat-ingredient-selenium","22":"product_cat-ingredient-silicon-dioxide","23":"product_cat-ingredient-vitamin-a","24":"product_cat-ingredient-vitamin-c","25":"product_cat-ingredient-vitamin-e","26":"product_cat-ingredient-zinc","27":"product_cat-digestive","28":"product_cat-intestinal","30":"first","31":"instock","32":"sale","33":"taxable","34":"shipping-taxable","35":"purchasable","36":"product-type-simple"},"group_of_quantity":0,"min_quantity":0,"max_quantity":12,"exclude_order_quantity_value_rules":"no","exclude_category_quantity_rules":"no","combine_variations":"no","acf":[],"_links":{"self":[{"href":"https:\/\/caringsunshine.com\/es\/wp-json\/wp\/v2\/product\/303","targetHints":{"allow":["GET"]}}],"collection":[{"href":"https:\/\/caringsunshine.com\/es\/wp-json\/wp\/v2\/product"}],"about":[{"href":"https:\/\/caringsunshine.com\/es\/wp-json\/wp\/v2\/types\/product"}],"replies":[{"embeddable":true,"href":"https:\/\/caringsunshine.com\/es\/wp-json\/wp\/v2\/comments?post=303"}],"version-history":[{"count":1,"href":"https:\/\/caringsunshine.com\/es\/wp-json\/wp\/v2\/product\/303\/revisions"}],"predecessor-version":[{"id":3368400,"href":"https:\/\/caringsunshine.com\/es\/wp-json\/wp\/v2\/product\/303\/revisions\/3368400"}],"wp:featuredmedia":[{"embeddable":true,"href":"https:\/\/caringsunshine.com\/es\/wp-json\/wp\/v2\/media\/2878862"}],"wp:attachment":[{"href":"https:\/\/caringsunshine.com\/es\/wp-json\/wp\/v2\/media?parent=303"}],"wp:term":[{"taxonomy":"product_brand","embeddable":true,"href":"https:\/\/caringsunshine.com\/es\/wp-json\/wp\/v2\/product_brand?post=303"},{"taxonomy":"product_cat","embeddable":true,"href":"https:\/\/caringsunshine.com\/es\/wp-json\/wp\/v2\/product_cat?post=303"},{"taxonomy":"product_tag","embeddable":true,"href":"https:\/\/caringsunshine.com\/es\/wp-json\/wp\/v2\/product_tag?post=303"}],"curies":[{"name":"wp","href":"https:\/\/api.w.org\/{rel}","templated":true}]}}