{"id":3018102,"date":"2022-07-12T08:42:41","date_gmt":"2022-07-12T15:42:41","guid":{"rendered":"https:\/\/caringsunshine.com\/?post_type=product&#038;p=3018102"},"modified":"2026-04-17T21:56:32","modified_gmt":"2026-04-18T04:56:32","slug":"urinary-maintenance","status":"publish","type":"product","link":"https:\/\/caringsunshine.com\/es\/supplements\/NaturesSunshine\/products\/urinary-maintenance.aspx\/","title":{"rendered":"Urinary Maintenance"},"content":{"rendered":"<p>Urinary Maintenance de Nature's Sunshine combina hierbas que apoyan la funci\u00f3n saludable del sistema urinario y el equilibrio de l\u00edquidos y minerales en el cuerpo. Urinary Maintenance contiene uva ursi, hortensia, l\u00fapulo, eleuthero, schizandra, y otras hierbas. La f\u00f3rmula fomenta el flujo correcta de orina y nutre los ri\u00f1ones. Tambi\u00e9n puede favorecer los procesos naturales de limpieza del tracto urinario y la salud del sistema inmunitario.<\/p>\n<p>N\u00daMERO DE STOCK: 2884-4<\/p>","protected":false},"excerpt":{"rendered":"<p>120 c\u00e1psulas<\/p>","protected":false},"featured_media":2887527,"comment_status":"open","ping_status":"closed","template":"","meta":{"_acf_changed":false,"footnotes":""},"product_brand":[],"product_cat":[15,1,18,13339,13968,14060,14179,14230,14716,14727,15101,15417,15590,26252,26695,16230,23,93],"product_tag":[3105,3101,3100,148],"class_list":{"0":"post-3018102","1":"product","2":"type-product","3":"status-publish","4":"has-post-thumbnail","6":"product_cat-herbs","7":"product_cat-allergy-immune","8":"product_cat-men-health","9":"product_cat-ingredient-asparagus","10":"product_cat-ingredient-cornsilk","11":"product_cat-ingredient-dandelion","12":"product_cat-ingredient-dong-quai-root","13":"product_cat-ingredient-eleuthero","14":"product_cat-ingredient-horsetail","15":"product_cat-ingredient-hydrangea","16":"product_cat-ingredient-magnesium","17":"product_cat-ingredient-parsley","18":"product_cat-ingredient-potassium","19":"product_cat-ingredient-schisandra-chinensis","20":"product_cat-ingredient-uva-ursi","21":"product_cat-ingredient-watermelon","22":"product_cat-womens-health","23":"product_cat-urinary","24":"product_tag-gluten-free","25":"product_tag-kosher","26":"product_tag-non-gmo","27":"product_tag-vegan","29":"first","30":"instock","31":"sale","32":"taxable","33":"shipping-taxable","34":"purchasable","35":"product-type-simple"},"group_of_quantity":0,"min_quantity":0,"max_quantity":12,"exclude_order_quantity_value_rules":"no","exclude_category_quantity_rules":"no","combine_variations":"no","acf":[],"_links":{"self":[{"href":"https:\/\/caringsunshine.com\/es\/wp-json\/wp\/v2\/product\/3018102","targetHints":{"allow":["GET"]}}],"collection":[{"href":"https:\/\/caringsunshine.com\/es\/wp-json\/wp\/v2\/product"}],"about":[{"href":"https:\/\/caringsunshine.com\/es\/wp-json\/wp\/v2\/types\/product"}],"replies":[{"embeddable":true,"href":"https:\/\/caringsunshine.com\/es\/wp-json\/wp\/v2\/comments?post=3018102"}],"version-history":[{"count":1,"href":"https:\/\/caringsunshine.com\/es\/wp-json\/wp\/v2\/product\/3018102\/revisions"}],"predecessor-version":[{"id":3367679,"href":"https:\/\/caringsunshine.com\/es\/wp-json\/wp\/v2\/product\/3018102\/revisions\/3367679"}],"wp:featuredmedia":[{"embeddable":true,"href":"https:\/\/caringsunshine.com\/es\/wp-json\/wp\/v2\/media\/2887527"}],"wp:attachment":[{"href":"https:\/\/caringsunshine.com\/es\/wp-json\/wp\/v2\/media?parent=3018102"}],"wp:term":[{"taxonomy":"product_brand","embeddable":true,"href":"https:\/\/caringsunshine.com\/es\/wp-json\/wp\/v2\/product_brand?post=3018102"},{"taxonomy":"product_cat","embeddable":true,"href":"https:\/\/caringsunshine.com\/es\/wp-json\/wp\/v2\/product_cat?post=3018102"},{"taxonomy":"product_tag","embeddable":true,"href":"https:\/\/caringsunshine.com\/es\/wp-json\/wp\/v2\/product_tag?post=3018102"}],"curies":[{"name":"wp","href":"https:\/\/api.w.org\/{rel}","templated":true}]}}