{"id":2950099,"date":"2022-01-07T14:06:02","date_gmt":"2022-01-07T22:06:02","guid":{"rendered":"https:\/\/caringsunshine.com\/?post_type=product&#038;p=2950099"},"modified":"2026-04-16T01:21:46","modified_gmt":"2026-04-16T08:21:46","slug":"aivia-whey-protein-2","status":"publish","type":"product","link":"https:\/\/caringsunshine.com\/es\/supplements\/NaturesSunshine\/products\/aivia-whey-protein-2.aspx\/","title":{"rendered":"Prote\u00edna de suero de leche AIVIA"},"content":{"rendered":"<p>AIVIA\u2122 presenta un avance en el rendimiento de los suplementos proteicos. Esta fuente limpia de amino\u00e1cidos esenciales se amplifica con las mezclas de hierbas naturales 100%, que han demostrado cl\u00ednicamente que promueven la regulaci\u00f3n de mTOR y AMPK.<\/p>\n<p>CARACTER\u00cdSTICAS<\/p>\n<ul>\n<li>Aporta 20 gramos de prote\u00edna de suero limpia<\/li>\n<li>Aporta 8 vitaminas y minerales<\/li>\n<li>No GMO<\/li>\n<li>Sin gluten<\/li>\n<li>Sin az\u00facar a\u00f1adido<\/li>\n<li>Keto Friendly<\/li>\n<\/ul>","protected":false},"excerpt":{"rendered":"<p>Chocolate (15 raciones)<\/p>","protected":false},"featured_media":2950036,"comment_status":"open","ping_status":"closed","template":"","meta":{"_acf_changed":false,"footnotes":""},"product_brand":[],"product_cat":[10,15,13225,13655,13863,13914,14020,14388,14628,14678,14800,15101,15221,15590,26498,15998,16072,16209,16210,16212,16237,19,78,79],"product_tag":[3105,3106,3100],"class_list":{"0":"post-2950099","1":"product","2":"type-product","3":"status-publish","4":"has-post-thumbnail","6":"product_cat-energy","7":"product_cat-herbs","8":"product_cat-ingredient-amino-acids","9":"product_cat-ingredient-calcium","10":"product_cat-ingredient-chromium","11":"product_cat-ingredient-cocoa","12":"product_cat-ingredient-cutch","13":"product_cat-ingredient-folic-acid","14":"product_cat-ingredient-guar-gum","15":"product_cat-ingredient-herbal-blend-proprietary","16":"product_cat-ingredient-iron","17":"product_cat-ingredient-magnesium","18":"product_cat-ingredient-monkfruit","19":"product_cat-ingredient-potassium","20":"product_cat-ingredient-sugar-alcohol","21":"product_cat-ingredient-sunflower","22":"product_cat-ingredient-thiamin-vitamin-b1","23":"product_cat-ingredient-vitamin-b12","24":"product_cat-ingredient-vitamin-b6","25":"product_cat-ingredient-vitamin-d","26":"product_cat-ingredient-whey-protein","27":"product_cat-sports-nutrition","28":"product_cat-meal-replacement-shakes","29":"product_cat-weight-management-supplements","30":"product_tag-gluten-free","31":"product_tag-keto-friendly","32":"product_tag-non-gmo","34":"first","35":"instock","36":"sale","37":"taxable","38":"shipping-taxable","39":"purchasable","40":"product-type-simple"},"group_of_quantity":0,"min_quantity":0,"max_quantity":12,"exclude_order_quantity_value_rules":"no","exclude_category_quantity_rules":"no","combine_variations":"no","acf":[],"_links":{"self":[{"href":"https:\/\/caringsunshine.com\/es\/wp-json\/wp\/v2\/product\/2950099","targetHints":{"allow":["GET"]}}],"collection":[{"href":"https:\/\/caringsunshine.com\/es\/wp-json\/wp\/v2\/product"}],"about":[{"href":"https:\/\/caringsunshine.com\/es\/wp-json\/wp\/v2\/types\/product"}],"replies":[{"embeddable":true,"href":"https:\/\/caringsunshine.com\/es\/wp-json\/wp\/v2\/comments?post=2950099"}],"version-history":[{"count":2,"href":"https:\/\/caringsunshine.com\/es\/wp-json\/wp\/v2\/product\/2950099\/revisions"}],"predecessor-version":[{"id":3360747,"href":"https:\/\/caringsunshine.com\/es\/wp-json\/wp\/v2\/product\/2950099\/revisions\/3360747"}],"wp:featuredmedia":[{"embeddable":true,"href":"https:\/\/caringsunshine.com\/es\/wp-json\/wp\/v2\/media\/2950036"}],"wp:attachment":[{"href":"https:\/\/caringsunshine.com\/es\/wp-json\/wp\/v2\/media?parent=2950099"}],"wp:term":[{"taxonomy":"product_brand","embeddable":true,"href":"https:\/\/caringsunshine.com\/es\/wp-json\/wp\/v2\/product_brand?post=2950099"},{"taxonomy":"product_cat","embeddable":true,"href":"https:\/\/caringsunshine.com\/es\/wp-json\/wp\/v2\/product_cat?post=2950099"},{"taxonomy":"product_tag","embeddable":true,"href":"https:\/\/caringsunshine.com\/es\/wp-json\/wp\/v2\/product_tag?post=2950099"}],"curies":[{"name":"wp","href":"https:\/\/api.w.org\/{rel}","templated":true}]}}