{"id":2903610,"date":"2021-08-26T17:33:27","date_gmt":"2021-08-27T00:33:27","guid":{"rendered":"https:\/\/caringsunshine.com\/?post_type=product&#038;p=2903610"},"modified":"2025-03-23T14:53:53","modified_gmt":"2025-03-23T21:53:53","slug":"lamara-skin-activating-toner","status":"publish","type":"product","link":"https:\/\/caringsunshine.com\/es\/supplements\/NaturesSunshine\/products\/lamara-skin-activating-toner.aspx\/","title":{"rendered":"T\u00f3nico Activador de la Piel l'amara (DESCONTINUADO)"},"content":{"rendered":"<p>Despierta tu encanto con el T\u00f3nico Activador de la Piel de l'amara, un t\u00f3nico revitalizante y refrescante con una explosi\u00f3n de ingredientes bot\u00e1nicos, incluyendo t\u00e9 fermentado, algas y cafe\u00edna, para una piel seductora y hermosa.<\/p>","protected":false},"excerpt":{"rendered":"<p>120 ml<\/p>","protected":false},"featured_media":2903617,"comment_status":"open","ping_status":"closed","template":"","meta":{"_acf_changed":false,"footnotes":""},"product_brand":[],"product_cat":[3],"product_tag":[],"class_list":{"0":"post-2903610","1":"product","2":"type-product","3":"status-publish","4":"has-post-thumbnail","6":"product_cat-beauty-skin-care","8":"first","9":"onbackorder","10":"sale","11":"taxable","12":"shipping-taxable","13":"purchasable","14":"product-type-simple"},"group_of_quantity":0,"min_quantity":0,"max_quantity":12,"exclude_order_quantity_value_rules":"no","exclude_category_quantity_rules":"no","combine_variations":"no","acf":[],"_links":{"self":[{"href":"https:\/\/caringsunshine.com\/es\/wp-json\/wp\/v2\/product\/2903610","targetHints":{"allow":["GET"]}}],"collection":[{"href":"https:\/\/caringsunshine.com\/es\/wp-json\/wp\/v2\/product"}],"about":[{"href":"https:\/\/caringsunshine.com\/es\/wp-json\/wp\/v2\/types\/product"}],"replies":[{"embeddable":true,"href":"https:\/\/caringsunshine.com\/es\/wp-json\/wp\/v2\/comments?post=2903610"}],"version-history":[{"count":0,"href":"https:\/\/caringsunshine.com\/es\/wp-json\/wp\/v2\/product\/2903610\/revisions"}],"wp:featuredmedia":[{"embeddable":true,"href":"https:\/\/caringsunshine.com\/es\/wp-json\/wp\/v2\/media\/2903617"}],"wp:attachment":[{"href":"https:\/\/caringsunshine.com\/es\/wp-json\/wp\/v2\/media?parent=2903610"}],"wp:term":[{"taxonomy":"product_brand","embeddable":true,"href":"https:\/\/caringsunshine.com\/es\/wp-json\/wp\/v2\/product_brand?post=2903610"},{"taxonomy":"product_cat","embeddable":true,"href":"https:\/\/caringsunshine.com\/es\/wp-json\/wp\/v2\/product_cat?post=2903610"},{"taxonomy":"product_tag","embeddable":true,"href":"https:\/\/caringsunshine.com\/es\/wp-json\/wp\/v2\/product_tag?post=2903610"}],"curies":[{"name":"wp","href":"https:\/\/api.w.org\/{rel}","templated":true}]}}