{"id":29,"date":"1999-12-31T16:00:00","date_gmt":"2000-01-01T00:00:00","guid":{"rendered":"http:\/\/caringsunshine.com\/supplements\/NaturesSunshine\/products\/feverfew-high-parthenolide.aspx"},"modified":"2026-04-18T00:43:47","modified_gmt":"2026-04-18T07:43:47","slug":"feverfew-high-parthenolide","status":"publish","type":"product","link":"https:\/\/caringsunshine.com\/es\/supplements\/NaturesSunshine\/products\/feverfew-high-parthenolide.aspx\/","title":{"rendered":"Matricaria (alto contenido en parten\u00f3lidos)"},"content":{"rendered":"<p>Compuesta por parten\u00f3lidos, la hoja de matricaria nutre el sistema nervioso central. La matricaria tambi\u00e9n se utiliza como remedio natural contra las migra\u00f1as. Los parten\u00f3lidos contenidos en la matricaria son lactonas sesquiterp\u00e9nicas que tienen muchos beneficios para la salud. Este producto de Nature's Sunshine viene en c\u00e1psulas de 291 mg de matricaria cuidadosamente cultivado con alto contenido de parten\u00f3lidos.<\/p>","protected":false},"excerpt":{"rendered":"<p>100 c\u00e1psulas<\/p>","protected":false},"featured_media":2883325,"comment_status":"open","ping_status":"closed","template":"","meta":{"_acf_changed":false,"footnotes":""},"product_brand":[],"product_cat":[15,14347,84,90],"product_tag":[],"class_list":{"0":"post-29","1":"product","2":"type-product","3":"status-publish","4":"has-post-thumbnail","6":"product_cat-herbs","7":"product_cat-ingredient-feverfew","8":"product_cat-circulatory","9":"product_cat-nervous","11":"first","12":"instock","13":"sale","14":"taxable","15":"shipping-taxable","16":"purchasable","17":"product-type-simple"},"group_of_quantity":0,"min_quantity":0,"max_quantity":12,"exclude_order_quantity_value_rules":"no","exclude_category_quantity_rules":"no","combine_variations":"no","acf":[],"_links":{"self":[{"href":"https:\/\/caringsunshine.com\/es\/wp-json\/wp\/v2\/product\/29","targetHints":{"allow":["GET"]}}],"collection":[{"href":"https:\/\/caringsunshine.com\/es\/wp-json\/wp\/v2\/product"}],"about":[{"href":"https:\/\/caringsunshine.com\/es\/wp-json\/wp\/v2\/types\/product"}],"replies":[{"embeddable":true,"href":"https:\/\/caringsunshine.com\/es\/wp-json\/wp\/v2\/comments?post=29"}],"version-history":[{"count":1,"href":"https:\/\/caringsunshine.com\/es\/wp-json\/wp\/v2\/product\/29\/revisions"}],"predecessor-version":[{"id":3362743,"href":"https:\/\/caringsunshine.com\/es\/wp-json\/wp\/v2\/product\/29\/revisions\/3362743"}],"wp:featuredmedia":[{"embeddable":true,"href":"https:\/\/caringsunshine.com\/es\/wp-json\/wp\/v2\/media\/2883325"}],"wp:attachment":[{"href":"https:\/\/caringsunshine.com\/es\/wp-json\/wp\/v2\/media?parent=29"}],"wp:term":[{"taxonomy":"product_brand","embeddable":true,"href":"https:\/\/caringsunshine.com\/es\/wp-json\/wp\/v2\/product_brand?post=29"},{"taxonomy":"product_cat","embeddable":true,"href":"https:\/\/caringsunshine.com\/es\/wp-json\/wp\/v2\/product_cat?post=29"},{"taxonomy":"product_tag","embeddable":true,"href":"https:\/\/caringsunshine.com\/es\/wp-json\/wp\/v2\/product_tag?post=29"}],"curies":[{"name":"wp","href":"https:\/\/api.w.org\/{rel}","templated":true}]}}