{"id":289,"date":"1999-12-31T16:00:00","date_gmt":"2000-01-01T00:00:00","guid":{"rendered":"http:\/\/caringsunshine.com\/supplements\/NaturesSunshine\/products\/SFsf.aspx"},"modified":"2026-04-17T15:11:35","modified_gmt":"2026-04-17T22:11:35","slug":"sfsf","status":"publish","type":"product","link":"https:\/\/caringsunshine.com\/es\/supplements\/NaturesSunshine\/products\/sfsf.aspx\/","title":{"rendered":"SF"},"content":{"rendered":"<p>SF\u00ae de Nature's Sunshine promueve la p\u00e9rdida de peso saludable. La f\u00f3rmula consiste en corteza de c\u00e1scara sagrada, bayas de espino, fruta de papaya, ra\u00edz de regaliz, y flores de c\u00e1rtamo, entre otros ingredientes herbales. SF nutre el sistema intestinal, urinario, y digestivo del cuerpo, cuales son claves en el control de peso.<\/p>\n<p>N\u00daMERO DE INVENTARIO: 1067-5<\/p>","protected":false},"excerpt":{"rendered":"<p>100 c\u00e1psulas<\/p>","protected":false},"featured_media":2887496,"comment_status":"open","ping_status":"closed","template":"","meta":{"_acf_changed":false,"footnotes":""},"product_brand":[],"product_cat":[13530,13746,13824,14060,14335,14607,14651,15021,15410,15419,15775,85,93,79],"product_tag":[],"class_list":{"0":"post-289","1":"product","2":"type-product","3":"status-publish","4":"has-post-thumbnail","6":"product_cat-ingredient-black-walnut","7":"product_cat-ingredient-cascara-sagrada","8":"product_cat-ingredient-chickweed","9":"product_cat-ingredient-dandelion","10":"product_cat-ingredient-fennel","11":"product_cat-ingredient-gotu-kola","12":"product_cat-ingredient-hawthorn","13":"product_cat-ingredient-licorice-root","14":"product_cat-ingredient-papaya","15":"product_cat-ingredient-parthenium","16":"product_cat-ingredient-safflower-oil","17":"product_cat-digestive","18":"product_cat-urinary","19":"product_cat-weight-management-supplements","21":"first","22":"instock","23":"sale","24":"taxable","25":"shipping-taxable","26":"purchasable","27":"product-type-simple"},"group_of_quantity":0,"min_quantity":0,"max_quantity":12,"exclude_order_quantity_value_rules":"no","exclude_category_quantity_rules":"no","combine_variations":"no","acf":[],"_links":{"self":[{"href":"https:\/\/caringsunshine.com\/es\/wp-json\/wp\/v2\/product\/289","targetHints":{"allow":["GET"]}}],"collection":[{"href":"https:\/\/caringsunshine.com\/es\/wp-json\/wp\/v2\/product"}],"about":[{"href":"https:\/\/caringsunshine.com\/es\/wp-json\/wp\/v2\/types\/product"}],"replies":[{"embeddable":true,"href":"https:\/\/caringsunshine.com\/es\/wp-json\/wp\/v2\/comments?post=289"}],"version-history":[{"count":1,"href":"https:\/\/caringsunshine.com\/es\/wp-json\/wp\/v2\/product\/289\/revisions"}],"predecessor-version":[{"id":3650696,"href":"https:\/\/caringsunshine.com\/es\/wp-json\/wp\/v2\/product\/289\/revisions\/3650696"}],"wp:featuredmedia":[{"embeddable":true,"href":"https:\/\/caringsunshine.com\/es\/wp-json\/wp\/v2\/media\/2887496"}],"wp:attachment":[{"href":"https:\/\/caringsunshine.com\/es\/wp-json\/wp\/v2\/media?parent=289"}],"wp:term":[{"taxonomy":"product_brand","embeddable":true,"href":"https:\/\/caringsunshine.com\/es\/wp-json\/wp\/v2\/product_brand?post=289"},{"taxonomy":"product_cat","embeddable":true,"href":"https:\/\/caringsunshine.com\/es\/wp-json\/wp\/v2\/product_cat?post=289"},{"taxonomy":"product_tag","embeddable":true,"href":"https:\/\/caringsunshine.com\/es\/wp-json\/wp\/v2\/product_tag?post=289"}],"curies":[{"name":"wp","href":"https:\/\/api.w.org\/{rel}","templated":true}]}}