{"id":282,"date":"1999-12-31T16:00:00","date_gmt":"2000-01-01T00:00:00","guid":{"rendered":"http:\/\/caringsunshine.com\/supplements\/NaturesSunshine\/products\/garcinia-combination.aspx"},"modified":"2026-04-18T00:52:18","modified_gmt":"2026-04-18T07:52:18","slug":"garcinia-combination","status":"publish","type":"product","link":"https:\/\/caringsunshine.com\/es\/supplements\/NaturesSunshine\/products\/garcinia-combination.aspx\/","title":{"rendered":"Combinaci\u00f3n de Garcinia"},"content":{"rendered":"<p>La Combinaci\u00f3n Garcinia de Nature's Sunshine ayuda al organismo a regular el az\u00facar en la sangre. La garcinia cambogia, el ingrediente clave de Garcinia Combination, es rica en \u00e1cido hidroxic\u00edtrico. Adem\u00e1s de la garcinia, la pamplina, la l-carnitina y el cromo unen sus fuerzas para promover el control adecuado del peso, mover los \u00e1cidos grasos de cadena larga a trav\u00e9s del cuerpo y apoyar los niveles adecuados de az\u00facar en la sangre. Nature's Sunshine utiliza garcinia estandarizada al 50% de \u00e1cido hidroxic\u00edtrico.<\/p>\n<p>N\u00daMERO DE STOCK: 906-9<\/p>","protected":false},"excerpt":{"rendered":"<p>100 c\u00e1psulas<\/p>","protected":false},"featured_media":2840781,"comment_status":"open","ping_status":"closed","template":"","meta":{"_acf_changed":false,"footnotes":""},"product_brand":[],"product_cat":[4,13824,13863,14465,14897,26337,79],"product_tag":[],"class_list":{"0":"post-282","1":"product","2":"type-product","3":"status-publish","4":"has-post-thumbnail","6":"product_cat-blood-sugar","7":"product_cat-ingredient-chickweed","8":"product_cat-ingredient-chromium","9":"product_cat-ingredient-garcinia","10":"product_cat-ingredient-l-carnitine","11":"product_cat-ingredient-silicon-dioxide","12":"product_cat-weight-management-supplements","14":"first","15":"instock","16":"sale","17":"taxable","18":"shipping-taxable","19":"purchasable","20":"product-type-simple"},"group_of_quantity":0,"min_quantity":0,"max_quantity":12,"exclude_order_quantity_value_rules":"no","exclude_category_quantity_rules":"no","combine_variations":"no","acf":[],"_links":{"self":[{"href":"https:\/\/caringsunshine.com\/es\/wp-json\/wp\/v2\/product\/282","targetHints":{"allow":["GET"]}}],"collection":[{"href":"https:\/\/caringsunshine.com\/es\/wp-json\/wp\/v2\/product"}],"about":[{"href":"https:\/\/caringsunshine.com\/es\/wp-json\/wp\/v2\/types\/product"}],"replies":[{"embeddable":true,"href":"https:\/\/caringsunshine.com\/es\/wp-json\/wp\/v2\/comments?post=282"}],"version-history":[{"count":1,"href":"https:\/\/caringsunshine.com\/es\/wp-json\/wp\/v2\/product\/282\/revisions"}],"predecessor-version":[{"id":3640343,"href":"https:\/\/caringsunshine.com\/es\/wp-json\/wp\/v2\/product\/282\/revisions\/3640343"}],"wp:featuredmedia":[{"embeddable":true,"href":"https:\/\/caringsunshine.com\/es\/wp-json\/wp\/v2\/media\/2840781"}],"wp:attachment":[{"href":"https:\/\/caringsunshine.com\/es\/wp-json\/wp\/v2\/media?parent=282"}],"wp:term":[{"taxonomy":"product_brand","embeddable":true,"href":"https:\/\/caringsunshine.com\/es\/wp-json\/wp\/v2\/product_brand?post=282"},{"taxonomy":"product_cat","embeddable":true,"href":"https:\/\/caringsunshine.com\/es\/wp-json\/wp\/v2\/product_cat?post=282"},{"taxonomy":"product_tag","embeddable":true,"href":"https:\/\/caringsunshine.com\/es\/wp-json\/wp\/v2\/product_tag?post=282"}],"curies":[{"name":"wp","href":"https:\/\/api.w.org\/{rel}","templated":true}]}}