{"id":278,"date":"1999-12-31T16:00:00","date_gmt":"2000-01-01T00:00:00","guid":{"rendered":"http:\/\/caringsunshine.com\/supplements\/NaturesSunshine\/products\/collatrim-capsules.aspx"},"modified":"2026-04-18T00:49:53","modified_gmt":"2026-04-18T07:49:53","slug":"collatrim-capsules","status":"publish","type":"product","link":"https:\/\/caringsunshine.com\/es\/supplements\/NaturesSunshine\/products\/collatrim-capsules.aspx\/","title":{"rendered":"Collatrim"},"content":{"rendered":"<p>Collatrim de Nature's Sunshine nutre los procesos de reconstrucci\u00f3n muscular y favorece la masa muscular magra. Collatrim esta compuesto principalmente de col\u00e1geno bovino, una prote\u00edna fibrosa que se encuentra en el sistema estructural y que es una fuente rica en prote\u00ednas y amino\u00e1cidos. Los amino\u00e1cidos que se encuentran en Collatrim pueden ayudar al cuerpo a reconstruir los m\u00fasculos y promover una masa muscular m\u00e1s magra.<\/p>\n<p>N\u00daMERO DE STOCK: 3065-4<\/p>","protected":false},"excerpt":{"rendered":"<p>180 c\u00e1psulas<\/p>","protected":false},"featured_media":2911363,"comment_status":"open","ping_status":"closed","template":"","meta":{"_acf_changed":false,"footnotes":""},"product_brand":[],"product_cat":[16,13931,26337,79],"product_tag":[],"class_list":{"0":"post-278","1":"product","2":"type-product","3":"status-publish","4":"has-post-thumbnail","6":"product_cat-joints-bones","7":"product_cat-ingredient-collagen","8":"product_cat-ingredient-silicon-dioxide","9":"product_cat-weight-management-supplements","11":"first","12":"instock","13":"sale","14":"taxable","15":"shipping-taxable","16":"purchasable","17":"product-type-simple"},"group_of_quantity":0,"min_quantity":0,"max_quantity":12,"exclude_order_quantity_value_rules":"no","exclude_category_quantity_rules":"no","combine_variations":"no","acf":[],"_links":{"self":[{"href":"https:\/\/caringsunshine.com\/es\/wp-json\/wp\/v2\/product\/278","targetHints":{"allow":["GET"]}}],"collection":[{"href":"https:\/\/caringsunshine.com\/es\/wp-json\/wp\/v2\/product"}],"about":[{"href":"https:\/\/caringsunshine.com\/es\/wp-json\/wp\/v2\/types\/product"}],"replies":[{"embeddable":true,"href":"https:\/\/caringsunshine.com\/es\/wp-json\/wp\/v2\/comments?post=278"}],"version-history":[{"count":1,"href":"https:\/\/caringsunshine.com\/es\/wp-json\/wp\/v2\/product\/278\/revisions"}],"predecessor-version":[{"id":3641106,"href":"https:\/\/caringsunshine.com\/es\/wp-json\/wp\/v2\/product\/278\/revisions\/3641106"}],"wp:featuredmedia":[{"embeddable":true,"href":"https:\/\/caringsunshine.com\/es\/wp-json\/wp\/v2\/media\/2911363"}],"wp:attachment":[{"href":"https:\/\/caringsunshine.com\/es\/wp-json\/wp\/v2\/media?parent=278"}],"wp:term":[{"taxonomy":"product_brand","embeddable":true,"href":"https:\/\/caringsunshine.com\/es\/wp-json\/wp\/v2\/product_brand?post=278"},{"taxonomy":"product_cat","embeddable":true,"href":"https:\/\/caringsunshine.com\/es\/wp-json\/wp\/v2\/product_cat?post=278"},{"taxonomy":"product_tag","embeddable":true,"href":"https:\/\/caringsunshine.com\/es\/wp-json\/wp\/v2\/product_tag?post=278"}],"curies":[{"name":"wp","href":"https:\/\/api.w.org\/{rel}","templated":true}]}}