{"id":2747977,"date":"2020-06-18T17:26:33","date_gmt":"2020-06-19T00:26:33","guid":{"rendered":"https:\/\/caringsunshine.com\/?post_type=product&#038;p=2747977"},"modified":"2026-05-15T22:17:22","modified_gmt":"2026-05-16T05:17:22","slug":"childrens-elderberry-immune-new-formula","status":"publish","type":"product","link":"https:\/\/caringsunshine.com\/es\/supplements\/NaturesSunshine\/products\/childrens-elderberry-immune-new-formula.aspx\/","title":{"rendered":"Children's Elderberry Immune"},"content":{"rendered":"<div class=\"app-product-description ng-star-inserted\">\n<p class=\"catch-phrase ng-star-inserted\">Mezcla el superpoder de la baya del sa\u00faco con Zinc y Vitamina C para proporcionar un delicioso refuerzo al sistema inmunitario de tu peque\u00f1o h\u00e9roe.<\/p>\n<p>Refuerza el sistema inmunitario en crecimiento con la tradicional baya del sa\u00faco, vitamina C rica en antioxidantes y zinc que refuerza el sistema inmunitario.<\/p>\n<p>Sa\u00faco: La baya del sa\u00faco, una de las favoritas del \u00e1rbol geneal\u00f3gico, se ha utilizado durante generaciones para reforzar la salud del sistema inmunitario.<\/p>\n<p>Vitamina C: La vitamina C, esencial para la salud del sistema inmunitario, reduce el estr\u00e9s oxidativo y favorece la fortaleza de los huesos, la elasticidad de los cart\u00edlagos y la salud de la piel.<\/p>\n<p>Zinc: Este mineral vital protege frente a invasores antiguos y nuevos al favorecer la funci\u00f3n inmunitaria innata y adaptativa, adem\u00e1s de contribuir al desarrollo de c\u00e9lulas sanas.<\/p>\n<p><strong>\u2713 NUTRICI\u00d3N LIMPIA PARA UNA CONCIENCIA LIMPIA<\/strong><br \/>\nD\u00e9 a sus hijos lo mejor con nutrientes puros y potentes y s\u00f3lo ingredientes no modificados gen\u00e9ticamente, con certificaci\u00f3n vegana y sin gluten ni l\u00e1cteos.<\/p>\n<p><strong>\u2713 PROBADO Y APROBADO POR NI\u00d1OS<\/strong><br \/>\nEl aut\u00e9ntico sa\u00faco endulzado de forma natural proporciona un delicioso sabor afrutado que har\u00e1 que sus hijos le pidan m\u00e1s. Absolutamente SIN sabores artificiales, edulcorantes ni colorantes.<\/p>\n<p><strong>\u2713 M\u00c1S QUE INMUNIDAD<\/strong><br \/>\nRepletas de potentes nutrientes que refuerzan las defensas inmunitarias y respiratorias, estas gominolas tambi\u00e9n favorecen unos huesos y cart\u00edlagos fuertes, un metabolismo sano, la cicatrizaci\u00f3n de heridas y un desarrollo celular saludable.<\/p>\n<\/div>\n<div class=\"variant-select-container ng-star-inserted\">\n<div class=\"variant-select-container-inner\">\n<div class=\"tooltip ng-star-inserted\"><\/div>\n<\/div>\n<\/div>\n<p style=\"font-weight: 400;\">","protected":false},"excerpt":{"rendered":"<p>60 gomitas<\/p>","protected":false},"featured_media":2806006,"comment_status":"open","ping_status":"closed","template":"","meta":{"_acf_changed":false,"footnotes":""},"product_brand":[],"product_cat":[6,1,16,13889,14223,16211,16300,91],"product_tag":[3105,3104,3100,3107,148],"class_list":{"0":"post-2747977","1":"product","2":"type-product","3":"status-publish","4":"has-post-thumbnail","6":"product_cat-children","7":"product_cat-allergy-immune","8":"product_cat-joints-bones","9":"product_cat-ingredient-citric-acid","10":"product_cat-ingredient-elderberry","11":"product_cat-ingredient-vitamin-c","12":"product_cat-ingredient-zinc","13":"product_cat-respiratory","14":"product_tag-gluten-free","15":"product_tag-non-dairy","16":"product_tag-non-gmo","17":"product_tag-soy-free","18":"product_tag-vegan","20":"first","21":"instock","22":"sale","23":"taxable","24":"shipping-taxable","25":"purchasable","26":"product-type-simple"},"group_of_quantity":0,"min_quantity":0,"max_quantity":12,"exclude_order_quantity_value_rules":"no","exclude_category_quantity_rules":"no","combine_variations":"no","acf":[],"_links":{"self":[{"href":"https:\/\/caringsunshine.com\/es\/wp-json\/wp\/v2\/product\/2747977","targetHints":{"allow":["GET"]}}],"collection":[{"href":"https:\/\/caringsunshine.com\/es\/wp-json\/wp\/v2\/product"}],"about":[{"href":"https:\/\/caringsunshine.com\/es\/wp-json\/wp\/v2\/types\/product"}],"replies":[{"embeddable":true,"href":"https:\/\/caringsunshine.com\/es\/wp-json\/wp\/v2\/comments?post=2747977"}],"version-history":[{"count":2,"href":"https:\/\/caringsunshine.com\/es\/wp-json\/wp\/v2\/product\/2747977\/revisions"}],"predecessor-version":[{"id":3326443,"href":"https:\/\/caringsunshine.com\/es\/wp-json\/wp\/v2\/product\/2747977\/revisions\/3326443"}],"wp:featuredmedia":[{"embeddable":true,"href":"https:\/\/caringsunshine.com\/es\/wp-json\/wp\/v2\/media\/2806006"}],"wp:attachment":[{"href":"https:\/\/caringsunshine.com\/es\/wp-json\/wp\/v2\/media?parent=2747977"}],"wp:term":[{"taxonomy":"product_brand","embeddable":true,"href":"https:\/\/caringsunshine.com\/es\/wp-json\/wp\/v2\/product_brand?post=2747977"},{"taxonomy":"product_cat","embeddable":true,"href":"https:\/\/caringsunshine.com\/es\/wp-json\/wp\/v2\/product_cat?post=2747977"},{"taxonomy":"product_tag","embeddable":true,"href":"https:\/\/caringsunshine.com\/es\/wp-json\/wp\/v2\/product_tag?post=2747977"}],"curies":[{"name":"wp","href":"https:\/\/api.w.org\/{rel}","templated":true}]}}