{"id":261,"date":"1999-12-31T16:00:00","date_gmt":"2000-01-01T00:00:00","guid":{"rendered":"http:\/\/caringsunshine.com\/supplements\/NaturesSunshine\/products\/cleanstart.aspx"},"modified":"2026-04-07T13:27:08","modified_gmt":"2026-04-07T20:27:08","slug":"cleanstart","status":"publish","type":"product","link":"https:\/\/caringsunshine.com\/es\/supplements\/NaturesSunshine\/products\/cleanstart.aspx\/","title":{"rendered":"CleanStart - Limpieza de 14 d\u00edas"},"content":{"rendered":"<p>CleanStart de Nature's Sunshine es una limpieza de dos semanas dise\u00f1ada para eliminar del colon las toxinas que afectan a la salud general. Cuando limpia el sistema digestivo de toxinas, aumenta la energ\u00eda y promueve la sensaci\u00f3n de bienestar. Este programa incluye 28 paquetes de bebidas diarias que contienen c\u00e1scaras de psilio, arcilla de bentonita, jugo de aloe vera, clorofila, potasio, estevia, y saborizante natural de manzana canela o de bayas silvestres. El programa tambi\u00e9n incluye 28 paquetes de c\u00e1psulas, cada uno de los cuales contiene 1 c\u00e1psula Enviro-Detox y 2 c\u00e1psulas LBS II\u00ae para promover la eliminaci\u00f3n de los residuos. Un d\u00eda de CleanStart proporciona 10 gramos de fibra para ayudar al sistema digestivo a mover los residuos.<\/p>\n<p>Los que buscan una f\u00f3rmula m\u00e1s suave pueden probar <a href=\"https:\/\/caringsunshine.com\/es\/supplements\/NaturesSunshine\/products\/1-2.aspx\/\">CleanStart Mild<\/a>.<\/p>","protected":false},"excerpt":{"rendered":"<p>Manzana Canela<\/p>","protected":false},"featured_media":3641064,"comment_status":"open","ping_status":"closed","template":"","meta":{"_acf_changed":false,"footnotes":""},"product_brand":[],"product_cat":[29,42,10,15,9,27,85,89],"product_tag":[],"class_list":{"0":"post-261","1":"product","2":"type-product","3":"status-publish","4":"has-post-thumbnail","6":"product_cat-colon-cleansing","7":"product_cat-daily-fiber","8":"product_cat-energy","9":"product_cat-herbs","10":"product_cat-digestive-health","11":"product_cat-probiotics","12":"product_cat-digestive","13":"product_cat-intestinal","15":"first","16":"instock","17":"sale","18":"taxable","19":"shipping-taxable","20":"purchasable","21":"product-type-simple"},"group_of_quantity":0,"min_quantity":0,"max_quantity":12,"exclude_order_quantity_value_rules":"no","exclude_category_quantity_rules":"no","combine_variations":"no","acf":[],"_links":{"self":[{"href":"https:\/\/caringsunshine.com\/es\/wp-json\/wp\/v2\/product\/261","targetHints":{"allow":["GET"]}}],"collection":[{"href":"https:\/\/caringsunshine.com\/es\/wp-json\/wp\/v2\/product"}],"about":[{"href":"https:\/\/caringsunshine.com\/es\/wp-json\/wp\/v2\/types\/product"}],"replies":[{"embeddable":true,"href":"https:\/\/caringsunshine.com\/es\/wp-json\/wp\/v2\/comments?post=261"}],"version-history":[{"count":3,"href":"https:\/\/caringsunshine.com\/es\/wp-json\/wp\/v2\/product\/261\/revisions"}],"predecessor-version":[{"id":3360846,"href":"https:\/\/caringsunshine.com\/es\/wp-json\/wp\/v2\/product\/261\/revisions\/3360846"}],"wp:featuredmedia":[{"embeddable":true,"href":"https:\/\/caringsunshine.com\/es\/wp-json\/wp\/v2\/media\/3641064"}],"wp:attachment":[{"href":"https:\/\/caringsunshine.com\/es\/wp-json\/wp\/v2\/media?parent=261"}],"wp:term":[{"taxonomy":"product_brand","embeddable":true,"href":"https:\/\/caringsunshine.com\/es\/wp-json\/wp\/v2\/product_brand?post=261"},{"taxonomy":"product_cat","embeddable":true,"href":"https:\/\/caringsunshine.com\/es\/wp-json\/wp\/v2\/product_cat?post=261"},{"taxonomy":"product_tag","embeddable":true,"href":"https:\/\/caringsunshine.com\/es\/wp-json\/wp\/v2\/product_tag?post=261"}],"curies":[{"name":"wp","href":"https:\/\/api.w.org\/{rel}","templated":true}]}}