{"id":248,"date":"1999-12-31T16:00:00","date_gmt":"2000-01-01T00:00:00","guid":{"rendered":"http:\/\/caringsunshine.com\/supplements\/NaturesSunshine\/products\/vsc-liquid.aspx"},"modified":"2026-04-18T00:33:47","modified_gmt":"2026-04-18T07:33:47","slug":"vsc-liquid","status":"publish","type":"product","link":"https:\/\/caringsunshine.com\/es\/supplements\/NaturesSunshine\/products\/vsc-liquid.aspx\/","title":{"rendered":"VS-C"},"content":{"rendered":"<p>VS-C\u00ae (Chinese) de Nature's Sunshine mezcla hierbas utilizadas en la medicina tradicional china como una f\u00f3rmula \"potenciadora de metales\". VS-C promueve el equilibrio microbiano adecuado y apoya la salud general y el proceso de desintoxicaci\u00f3n del cuerpo. Tambi\u00e9n nutre las v\u00edas respiratorias. El Dr. Wenwei Xie desarroll\u00f3 esta f\u00f3rmula exclusiva de Nature's Sunshine.<\/p>\n<p>N\u00daMERO DE INVENTARIO: 3167-6<\/p>","protected":false},"excerpt":{"rendered":"<p>2 fl oz<\/p>","protected":false},"featured_media":2930944,"comment_status":"open","ping_status":"closed","template":"","meta":{"_acf_changed":false,"footnotes":""},"product_brand":[],"product_cat":[29,26,15,7,41,1,17,13625,13879,14060,14514,14780,15021,15444,15658,26258,16153],"product_tag":[],"class_list":{"0":"post-248","1":"product","2":"type-product","3":"status-publish","4":"has-post-thumbnail","6":"product_cat-colon-cleansing","7":"product_cat-cold-flu","8":"product_cat-herbs","9":"product_cat-chinese-herbs","10":"product_cat-liquid-herbs","11":"product_cat-allergy-immune","12":"product_cat-liquid-products","13":"product_cat-ingredient-bupleurum-falcatum","14":"product_cat-ingredient-cinnamon","15":"product_cat-ingredient-dandelion","16":"product_cat-ingredient-ginseng","17":"product_cat-ingredient-indigo-leaves","18":"product_cat-ingredient-licorice-root","19":"product_cat-ingredient-pennycress","20":"product_cat-ingredient-purslane","21":"product_cat-ingredient-scute-root","22":"product_cat-ingredient-typhonium","24":"first","25":"instock","26":"sale","27":"taxable","28":"shipping-taxable","29":"purchasable","30":"product-type-simple"},"group_of_quantity":0,"min_quantity":0,"max_quantity":12,"exclude_order_quantity_value_rules":"no","exclude_category_quantity_rules":"no","combine_variations":"no","acf":[],"_links":{"self":[{"href":"https:\/\/caringsunshine.com\/es\/wp-json\/wp\/v2\/product\/248","targetHints":{"allow":["GET"]}}],"collection":[{"href":"https:\/\/caringsunshine.com\/es\/wp-json\/wp\/v2\/product"}],"about":[{"href":"https:\/\/caringsunshine.com\/es\/wp-json\/wp\/v2\/types\/product"}],"replies":[{"embeddable":true,"href":"https:\/\/caringsunshine.com\/es\/wp-json\/wp\/v2\/comments?post=248"}],"version-history":[{"count":1,"href":"https:\/\/caringsunshine.com\/es\/wp-json\/wp\/v2\/product\/248\/revisions"}],"predecessor-version":[{"id":3651165,"href":"https:\/\/caringsunshine.com\/es\/wp-json\/wp\/v2\/product\/248\/revisions\/3651165"}],"wp:featuredmedia":[{"embeddable":true,"href":"https:\/\/caringsunshine.com\/es\/wp-json\/wp\/v2\/media\/2930944"}],"wp:attachment":[{"href":"https:\/\/caringsunshine.com\/es\/wp-json\/wp\/v2\/media?parent=248"}],"wp:term":[{"taxonomy":"product_brand","embeddable":true,"href":"https:\/\/caringsunshine.com\/es\/wp-json\/wp\/v2\/product_brand?post=248"},{"taxonomy":"product_cat","embeddable":true,"href":"https:\/\/caringsunshine.com\/es\/wp-json\/wp\/v2\/product_cat?post=248"},{"taxonomy":"product_tag","embeddable":true,"href":"https:\/\/caringsunshine.com\/es\/wp-json\/wp\/v2\/product_tag?post=248"}],"curies":[{"name":"wp","href":"https:\/\/api.w.org\/{rel}","templated":true}]}}