{"id":235,"date":"1999-12-31T16:00:00","date_gmt":"2000-01-01T00:00:00","guid":{"rendered":"http:\/\/caringsunshine.com\/supplements\/NaturesSunshine\/products\/echinacea-golden-seal-liquid.aspx"},"modified":"2026-05-17T05:36:22","modified_gmt":"2026-05-17T12:36:22","slug":"echinacea-golden-seal-liquid","status":"publish","type":"product","link":"https:\/\/caringsunshine.com\/es\/supplements\/NaturesSunshine\/products\/echinacea-golden-seal-liquid.aspx\/","title":{"rendered":"Equin\u00e1cea \/ Sello de oro"},"content":{"rendered":"<p>La hierba l\u00edquida Echinacea\/Sello Dorado de Nature's Sunshine proporciona un apoyo potente al sistema inmunol\u00f3gico. Una porci\u00f3n de 5 ml contiene 125 mg de dos especies de equin\u00e1cea y otros 125 mg de ra\u00edz de foca dorada. Ambos los ni\u00f1os y los adultos pueden beneficiarse de la f\u00f3rmula de Echinacea\/Golden Seal Liquid Herb a base de glicerina.<\/p>\n<p>N\u00daMERO DE INVENTARIO: 3180-1<\/p>","protected":false},"excerpt":{"rendered":"<p>2 fl oz<\/p>","protected":false},"featured_media":2930948,"comment_status":"open","ping_status":"closed","template":"","meta":{"_acf_changed":false,"footnotes":""},"product_brand":[],"product_cat":[26,15,41,1,17,14205,14603],"product_tag":[],"class_list":{"0":"post-235","1":"product","2":"type-product","3":"status-publish","4":"has-post-thumbnail","6":"product_cat-cold-flu","7":"product_cat-herbs","8":"product_cat-liquid-herbs","9":"product_cat-allergy-immune","10":"product_cat-liquid-products","11":"product_cat-ingredient-echinacea-purpurea","12":"product_cat-ingredient-goldenseal","14":"first","15":"instock","16":"sale","17":"taxable","18":"shipping-taxable","19":"purchasable","20":"product-type-simple"},"group_of_quantity":0,"min_quantity":0,"max_quantity":12,"exclude_order_quantity_value_rules":"no","exclude_category_quantity_rules":"no","combine_variations":"no","acf":[],"_links":{"self":[{"href":"https:\/\/caringsunshine.com\/es\/wp-json\/wp\/v2\/product\/235","targetHints":{"allow":["GET"]}}],"collection":[{"href":"https:\/\/caringsunshine.com\/es\/wp-json\/wp\/v2\/product"}],"about":[{"href":"https:\/\/caringsunshine.com\/es\/wp-json\/wp\/v2\/types\/product"}],"replies":[{"embeddable":true,"href":"https:\/\/caringsunshine.com\/es\/wp-json\/wp\/v2\/comments?post=235"}],"version-history":[{"count":1,"href":"https:\/\/caringsunshine.com\/es\/wp-json\/wp\/v2\/product\/235\/revisions"}],"predecessor-version":[{"id":3641191,"href":"https:\/\/caringsunshine.com\/es\/wp-json\/wp\/v2\/product\/235\/revisions\/3641191"}],"wp:featuredmedia":[{"embeddable":true,"href":"https:\/\/caringsunshine.com\/es\/wp-json\/wp\/v2\/media\/2930948"}],"wp:attachment":[{"href":"https:\/\/caringsunshine.com\/es\/wp-json\/wp\/v2\/media?parent=235"}],"wp:term":[{"taxonomy":"product_brand","embeddable":true,"href":"https:\/\/caringsunshine.com\/es\/wp-json\/wp\/v2\/product_brand?post=235"},{"taxonomy":"product_cat","embeddable":true,"href":"https:\/\/caringsunshine.com\/es\/wp-json\/wp\/v2\/product_cat?post=235"},{"taxonomy":"product_tag","embeddable":true,"href":"https:\/\/caringsunshine.com\/es\/wp-json\/wp\/v2\/product_tag?post=235"}],"curies":[{"name":"wp","href":"https:\/\/api.w.org\/{rel}","templated":true}]}}