{"id":232,"date":"1999-12-31T16:00:00","date_gmt":"2000-01-01T00:00:00","guid":{"rendered":"http:\/\/caringsunshine.com\/supplements\/NaturesSunshine\/products\/cbg-extract.aspx"},"modified":"2026-04-19T00:29:53","modified_gmt":"2026-04-19T07:29:53","slug":"cbg-extract","status":"publish","type":"product","link":"https:\/\/caringsunshine.com\/es\/supplements\/NaturesSunshine\/products\/cbg-extract.aspx\/","title":{"rendered":"Combinaci\u00f3n de extractos CBG"},"content":{"rendered":"<p>El extracto de CBG de Nature's Sunshine es una f\u00f3rmula especial que nutre el sistema inmunol\u00f3gico. En un proceso llamado el proceso espag\u00edrico, las hierbas crudas incluidas en la f\u00f3rmula son remojadas en una soluci\u00f3n natural antes de que la fibra de la planta se elimine y se reduzca a cenizas.El l\u00edquido y las cenizas luego se combinan en el extracto de CBG, junto con el alcohol para preservar los ingredientes activos.<\/p>\n<p>N\u00daMERO DE STOCK: 1751-2<\/p>","protected":false},"excerpt":{"rendered":"<p>2 fl oz<\/p>","protected":false},"featured_media":2911365,"comment_status":"open","ping_status":"closed","template":"","meta":{"_acf_changed":false,"footnotes":""},"product_brand":[],"product_cat":[15,41,1,17,13512,13824,14603,15021,15421,16169],"product_tag":[],"class_list":{"0":"post-232","1":"product","2":"type-product","3":"status-publish","4":"has-post-thumbnail","6":"product_cat-herbs","7":"product_cat-liquid-herbs","8":"product_cat-allergy-immune","9":"product_cat-liquid-products","10":"product_cat-ingredient-black-cohosh","11":"product_cat-ingredient-chickweed","12":"product_cat-ingredient-goldenseal","13":"product_cat-ingredient-licorice-root","14":"product_cat-ingredient-passionflower","15":"product_cat-ingredient-valerian-root","17":"first","18":"instock","19":"sale","20":"taxable","21":"shipping-taxable","22":"purchasable","23":"product-type-simple"},"group_of_quantity":0,"min_quantity":0,"max_quantity":12,"exclude_order_quantity_value_rules":"no","exclude_category_quantity_rules":"no","combine_variations":"no","acf":[],"_links":{"self":[{"href":"https:\/\/caringsunshine.com\/es\/wp-json\/wp\/v2\/product\/232","targetHints":{"allow":["GET"]}}],"collection":[{"href":"https:\/\/caringsunshine.com\/es\/wp-json\/wp\/v2\/product"}],"about":[{"href":"https:\/\/caringsunshine.com\/es\/wp-json\/wp\/v2\/types\/product"}],"replies":[{"embeddable":true,"href":"https:\/\/caringsunshine.com\/es\/wp-json\/wp\/v2\/comments?post=232"}],"version-history":[{"count":1,"href":"https:\/\/caringsunshine.com\/es\/wp-json\/wp\/v2\/product\/232\/revisions"}],"predecessor-version":[{"id":3641118,"href":"https:\/\/caringsunshine.com\/es\/wp-json\/wp\/v2\/product\/232\/revisions\/3641118"}],"wp:featuredmedia":[{"embeddable":true,"href":"https:\/\/caringsunshine.com\/es\/wp-json\/wp\/v2\/media\/2911365"}],"wp:attachment":[{"href":"https:\/\/caringsunshine.com\/es\/wp-json\/wp\/v2\/media?parent=232"}],"wp:term":[{"taxonomy":"product_brand","embeddable":true,"href":"https:\/\/caringsunshine.com\/es\/wp-json\/wp\/v2\/product_brand?post=232"},{"taxonomy":"product_cat","embeddable":true,"href":"https:\/\/caringsunshine.com\/es\/wp-json\/wp\/v2\/product_cat?post=232"},{"taxonomy":"product_tag","embeddable":true,"href":"https:\/\/caringsunshine.com\/es\/wp-json\/wp\/v2\/product_tag?post=232"}],"curies":[{"name":"wp","href":"https:\/\/api.w.org\/{rel}","templated":true}]}}