{"id":223,"date":"1999-12-31T16:00:00","date_gmt":"2000-01-01T00:00:00","guid":{"rendered":"http:\/\/caringsunshine.com\/supplements\/NaturesSunshine\/products\/spleen-activator.aspx"},"modified":"2026-04-18T01:11:53","modified_gmt":"2026-04-18T08:11:53","slug":"spleen-activator","status":"publish","type":"product","link":"https:\/\/caringsunshine.com\/es\/supplements\/NaturesSunshine\/products\/spleen-activator.aspx\/","title":{"rendered":"Activador del bazo (chino)"},"content":{"rendered":"<p>Nature's Sunshine se basa en la medicina tradicional china en el Activador del Bazo (chino) una f\u00f3rmula que puede actuar como t\u00f3nico del sistema digestivo y aumentar los niveles de energ\u00eda. Llamado wen zhong en chino, o \"calentar el centro\", Spleen Activator apoya un elemento tierra d\u00e9bil, seg\u00fan la filosof\u00eda china. Favorece el buen funcionamiento del bazo y nutre el p\u00e1ncreas. Puede aliviar los calambres nocturnos ocasionales en las piernas. El Activador del Bazo incluye ginseng, regaliz, y atractylodes.<\/p>\n<p>N\u00daMERO DE INVENTARIO: 1880-8<\/p>","protected":false},"excerpt":{"rendered":"<p>100 c\u00e1psulas<\/p>","protected":false},"featured_media":2911650,"comment_status":"open","ping_status":"closed","template":"","meta":{"_acf_changed":false,"footnotes":""},"product_brand":[],"product_cat":[10,7,13214,13351,13352,13724,14179,14382,14506,14514,25076,14724,15021,15068,15102,15877,26542,16153,26981,84,85],"product_tag":[],"class_list":{"0":"post-223","1":"product","2":"type-product","3":"status-publish","4":"has-post-thumbnail","6":"product_cat-energy","7":"product_cat-chinese-herbs","8":"product_cat-ingredient-alpinia-galangal","9":"product_cat-ingredient-astragalus","10":"product_cat-ingredient-atractylodes","11":"product_cat-ingredient-cardamom","12":"product_cat-ingredient-dong-quai-root","13":"product_cat-ingredient-flowering-quince","14":"product_cat-ingredient-ginger","15":"product_cat-ingredient-ginseng","16":"product_cat-ingredient-hoelen","17":"product_cat-ingredient-hyacinth-bean","18":"product_cat-ingredient-licorice-root","19":"product_cat-ingredient-lotus-seed","20":"product_cat-ingredient-magnolia","21":"product_cat-ingredient-sichuan-pepper","22":"product_cat-ingredient-tangerine","23":"product_cat-ingredient-typhonium","24":"product_cat-ingredient-yam-root","25":"product_cat-circulatory","26":"product_cat-digestive","28":"first","29":"instock","30":"sale","31":"taxable","32":"shipping-taxable","33":"purchasable","34":"product-type-simple"},"group_of_quantity":0,"min_quantity":0,"max_quantity":12,"exclude_order_quantity_value_rules":"no","exclude_category_quantity_rules":"no","combine_variations":"no","acf":[],"_links":{"self":[{"href":"https:\/\/caringsunshine.com\/es\/wp-json\/wp\/v2\/product\/223","targetHints":{"allow":["GET"]}}],"collection":[{"href":"https:\/\/caringsunshine.com\/es\/wp-json\/wp\/v2\/product"}],"about":[{"href":"https:\/\/caringsunshine.com\/es\/wp-json\/wp\/v2\/types\/product"}],"replies":[{"embeddable":true,"href":"https:\/\/caringsunshine.com\/es\/wp-json\/wp\/v2\/comments?post=223"}],"version-history":[{"count":1,"href":"https:\/\/caringsunshine.com\/es\/wp-json\/wp\/v2\/product\/223\/revisions"}],"predecessor-version":[{"id":3650782,"href":"https:\/\/caringsunshine.com\/es\/wp-json\/wp\/v2\/product\/223\/revisions\/3650782"}],"wp:featuredmedia":[{"embeddable":true,"href":"https:\/\/caringsunshine.com\/es\/wp-json\/wp\/v2\/media\/2911650"}],"wp:attachment":[{"href":"https:\/\/caringsunshine.com\/es\/wp-json\/wp\/v2\/media?parent=223"}],"wp:term":[{"taxonomy":"product_brand","embeddable":true,"href":"https:\/\/caringsunshine.com\/es\/wp-json\/wp\/v2\/product_brand?post=223"},{"taxonomy":"product_cat","embeddable":true,"href":"https:\/\/caringsunshine.com\/es\/wp-json\/wp\/v2\/product_cat?post=223"},{"taxonomy":"product_tag","embeddable":true,"href":"https:\/\/caringsunshine.com\/es\/wp-json\/wp\/v2\/product_tag?post=223"}],"curies":[{"name":"wp","href":"https:\/\/api.w.org\/{rel}","templated":true}]}}