{"id":220,"date":"1999-12-31T16:00:00","date_gmt":"2000-01-01T00:00:00","guid":{"rendered":"http:\/\/caringsunshine.com\/supplements\/NaturesSunshine\/products\/mineral-chi-tonic.aspx"},"modified":"2026-05-05T03:06:48","modified_gmt":"2026-05-05T10:06:48","slug":"mineral-chi-tonic","status":"publish","type":"product","link":"https:\/\/caringsunshine.com\/es\/supplements\/NaturesSunshine\/products\/mineral-chi-tonic.aspx\/","title":{"rendered":"T\u00f3nico Mineral-Chi (chino)"},"content":{"rendered":"<p>Nature's Sunshine Mineral Chi Tonic, Chinese, mezcla hierbas utilizadas en la medicina tradicional china para proporcionar un impulso de energ\u00eda y equilibrar la vitalidad. La f\u00f3rmula incluye la hierba gynostemma, la baya lycii, la baya schizandra, la ra\u00edz eleuthero, el rizoma de la ra\u00edz astragalus, la ra\u00edz de regaliz deglycyrrhizinated, el hongo reishi (ganoderma), el rizoma de jengibre y la hoja de ginkgo biloba. El l\u00edquido Mineral Chi Tonic contiene 180 mg de potasio adem\u00e1s de agua purificada, zumo de uva blanca, glicerina, benzoato de sodio, \u00e1cido c\u00edtrico y sabores naturales de manzana y cereza.<\/p>\n<p>N\u00daMERO DE INVENTARIO: 1818-3<\/p>","protected":false},"excerpt":{"rendered":"<p>32 fl oz<\/p>","protected":false},"featured_media":2911633,"comment_status":"open","ping_status":"closed","template":"","meta":{"_acf_changed":false,"footnotes":""},"product_brand":[],"product_cat":[7,10,12,35,13351,13581,13889,14506,14508,14838,15021,15590,15704,26252],"product_tag":[],"class_list":{"0":"post-220","1":"product","2":"type-product","3":"status-publish","4":"has-post-thumbnail","6":"product_cat-chinese-herbs","7":"product_cat-energy","8":"product_cat-essential-oils","9":"product_cat-minerals","10":"product_cat-ingredient-astragalus","11":"product_cat-ingredient-boxthorne","12":"product_cat-ingredient-citric-acid","13":"product_cat-ingredient-ginger","14":"product_cat-ingredient-ginkgo-biloba","15":"product_cat-ingredient-jiaogulan","16":"product_cat-ingredient-licorice-root","17":"product_cat-ingredient-potassium","18":"product_cat-ingredient-reishi-mushroom","19":"product_cat-ingredient-schisandra-chinensis","21":"first","22":"instock","23":"sale","24":"taxable","25":"shipping-taxable","26":"purchasable","27":"product-type-simple"},"group_of_quantity":0,"min_quantity":0,"max_quantity":12,"exclude_order_quantity_value_rules":"no","exclude_category_quantity_rules":"no","combine_variations":"no","acf":[],"_links":{"self":[{"href":"https:\/\/caringsunshine.com\/es\/wp-json\/wp\/v2\/product\/220","targetHints":{"allow":["GET"]}}],"collection":[{"href":"https:\/\/caringsunshine.com\/es\/wp-json\/wp\/v2\/product"}],"about":[{"href":"https:\/\/caringsunshine.com\/es\/wp-json\/wp\/v2\/types\/product"}],"replies":[{"embeddable":true,"href":"https:\/\/caringsunshine.com\/es\/wp-json\/wp\/v2\/comments?post=220"}],"version-history":[{"count":1,"href":"https:\/\/caringsunshine.com\/es\/wp-json\/wp\/v2\/product\/220\/revisions"}],"predecessor-version":[{"id":3643704,"href":"https:\/\/caringsunshine.com\/es\/wp-json\/wp\/v2\/product\/220\/revisions\/3643704"}],"wp:featuredmedia":[{"embeddable":true,"href":"https:\/\/caringsunshine.com\/es\/wp-json\/wp\/v2\/media\/2911633"}],"wp:attachment":[{"href":"https:\/\/caringsunshine.com\/es\/wp-json\/wp\/v2\/media?parent=220"}],"wp:term":[{"taxonomy":"product_brand","embeddable":true,"href":"https:\/\/caringsunshine.com\/es\/wp-json\/wp\/v2\/product_brand?post=220"},{"taxonomy":"product_cat","embeddable":true,"href":"https:\/\/caringsunshine.com\/es\/wp-json\/wp\/v2\/product_cat?post=220"},{"taxonomy":"product_tag","embeddable":true,"href":"https:\/\/caringsunshine.com\/es\/wp-json\/wp\/v2\/product_tag?post=220"}],"curies":[{"name":"wp","href":"https:\/\/api.w.org\/{rel}","templated":true}]}}