{"id":216,"date":"1999-12-31T16:00:00","date_gmt":"2000-01-01T00:00:00","guid":{"rendered":"http:\/\/caringsunshine.com\/supplements\/NaturesSunshine\/products\/kb-c.aspx"},"modified":"2026-04-17T00:44:24","modified_gmt":"2026-04-17T07:44:24","slug":"kb-c","status":"publish","type":"product","link":"https:\/\/caringsunshine.com\/es\/supplements\/NaturesSunshine\/products\/kb-c.aspx\/","title":{"rendered":"KB-C"},"content":{"rendered":"<p>Nature's Sunshine se basa en la medicina tradicional china en la mezcla de hierbas que componen su f\u00f3rmula china KB-C. Las hierbas se utilizan en la medicina china para apoyar la funci\u00f3n renal y \u00f3sea; de hecho, el nombre chino de la f\u00f3rmula significa \"fortalecer los huesos\". Apoya el elemento agua, seg\u00fan la filosof\u00eda china. KB-C ayuda a promover la salud del sistema urinario mediante la eliminaci\u00f3n de agua y el sistema estructural mediante el apoyo a las articulaciones. Incluye achyranthes y eucommia.<\/p>\n<p>N\u00daMERO DE INVENTARIO: 1883-3<\/p>","protected":false},"excerpt":{"rendered":"<p>100 c\u00e1psulas<\/p>","protected":false},"featured_media":2885173,"comment_status":"open","ping_status":"closed","template":"","meta":{"_acf_changed":false,"footnotes":""},"product_brand":[],"product_cat":[7,13351,13352,13409,13581,13604,13802,14179,14299,14338,14514,25076,15228,15601,15703,16007,16048,26981,92,93],"product_tag":[],"class_list":{"0":"post-216","1":"product","2":"type-product","3":"status-publish","4":"has-post-thumbnail","6":"product_cat-chinese-herbs","7":"product_cat-ingredient-astragalus","8":"product_cat-ingredient-atractylodes","9":"product_cat-ingredient-barrenwort","10":"product_cat-ingredient-boxthorne","11":"product_cat-ingredient-broomrape","12":"product_cat-ingredient-chaff-flower","13":"product_cat-ingredient-dong-quai-root","14":"product_cat-ingredient-eucommia","15":"product_cat-ingredient-fern","16":"product_cat-ingredient-ginseng","17":"product_cat-ingredient-hoelen","18":"product_cat-ingredient-morinda","19":"product_cat-ingredient-privet","20":"product_cat-ingredient-rehmannia-glutinosa","21":"product_cat-ingredient-sweetgums","22":"product_cat-ingredient-teasel","23":"product_cat-ingredient-yam-root","24":"product_cat-structural","25":"product_cat-urinary","27":"first","28":"instock","29":"sale","30":"taxable","31":"shipping-taxable","32":"purchasable","33":"product-type-simple"},"group_of_quantity":0,"min_quantity":0,"max_quantity":12,"exclude_order_quantity_value_rules":"no","exclude_category_quantity_rules":"no","combine_variations":"no","acf":[],"_links":{"self":[{"href":"https:\/\/caringsunshine.com\/es\/wp-json\/wp\/v2\/product\/216","targetHints":{"allow":["GET"]}}],"collection":[{"href":"https:\/\/caringsunshine.com\/es\/wp-json\/wp\/v2\/product"}],"about":[{"href":"https:\/\/caringsunshine.com\/es\/wp-json\/wp\/v2\/types\/product"}],"replies":[{"embeddable":true,"href":"https:\/\/caringsunshine.com\/es\/wp-json\/wp\/v2\/comments?post=216"}],"version-history":[{"count":1,"href":"https:\/\/caringsunshine.com\/es\/wp-json\/wp\/v2\/product\/216\/revisions"}],"predecessor-version":[{"id":3643492,"href":"https:\/\/caringsunshine.com\/es\/wp-json\/wp\/v2\/product\/216\/revisions\/3643492"}],"wp:featuredmedia":[{"embeddable":true,"href":"https:\/\/caringsunshine.com\/es\/wp-json\/wp\/v2\/media\/2885173"}],"wp:attachment":[{"href":"https:\/\/caringsunshine.com\/es\/wp-json\/wp\/v2\/media?parent=216"}],"wp:term":[{"taxonomy":"product_brand","embeddable":true,"href":"https:\/\/caringsunshine.com\/es\/wp-json\/wp\/v2\/product_brand?post=216"},{"taxonomy":"product_cat","embeddable":true,"href":"https:\/\/caringsunshine.com\/es\/wp-json\/wp\/v2\/product_cat?post=216"},{"taxonomy":"product_tag","embeddable":true,"href":"https:\/\/caringsunshine.com\/es\/wp-json\/wp\/v2\/product_tag?post=216"}],"curies":[{"name":"wp","href":"https:\/\/api.w.org\/{rel}","templated":true}]}}