{"id":20,"date":"1999-12-31T16:00:00","date_gmt":"2000-01-01T00:00:00","guid":{"rendered":"http:\/\/caringsunshine.com\/supplements\/NaturesSunshine\/products\/cordyceps.aspx"},"modified":"2026-04-16T01:08:30","modified_gmt":"2026-04-16T08:08:30","slug":"cordyceps","status":"publish","type":"product","link":"https:\/\/caringsunshine.com\/es\/supplements\/NaturesSunshine\/products\/cordyceps.aspx\/","title":{"rendered":"Cordyceps"},"content":{"rendered":"<p>Con propiedades similares a las del ginseng, el Cordyceps es el suplemento que se utiliz\u00f3 en los a\u00f1os 90 para impulsar al equipo femenino chino de atletismo a vencer a varios r\u00e9cords. Al igual que <em>reishi<\/em> y <em>shiitake<\/em> hongos, <em>cordyceps sinensis<\/em> se est\u00e1 convirtiendo en un suplemento de hongos cada vez m\u00e1s popular en el mundo occidental.<\/p>\n<p>En China, el cordyceps se utilizaba para mejorar el sistema glandular. Tambi\u00e9n ayuda a aumentar la fuerza y la resistencia del cuerpo, beneficia la funci\u00f3n renal y el sistema circulatorio, y favorece las v\u00edas respiratorias superiores.<\/p>\n<p>Cada c\u00e1psula de Cordyceps de Nature's Sunshine contiene 900 mg.<\/p>\n<p>PRECAUCI\u00d3N: El cordyceps, un suplemento seguro para los adultos, no debe utilizarse junto con medicamentos inmunosupresores, anticoagulantes, o broncodilatadores, a menos de que tiene el permiso de un profesional de la salud. Adem\u00e1s, las mujeres embarazadas o en per\u00edodo de lactancia no deben utilizar el cordyceps. Almacenar en un lugar fresco y seco.<\/p>","protected":false},"excerpt":{"rendered":"<p>90 c\u00e1psulas<\/p>","protected":false},"featured_media":2911369,"comment_status":"open","ping_status":"closed","template":"","meta":{"_acf_changed":false,"footnotes":""},"product_brand":[],"product_cat":[10,15,1,16,13961,19,91,92],"product_tag":[],"class_list":{"0":"post-20","1":"product","2":"type-product","3":"status-publish","4":"has-post-thumbnail","6":"product_cat-energy","7":"product_cat-herbs","8":"product_cat-allergy-immune","9":"product_cat-joints-bones","10":"product_cat-ingredient-cordyceps","11":"product_cat-sports-nutrition","12":"product_cat-respiratory","13":"product_cat-structural","15":"first","16":"instock","17":"sale","18":"taxable","19":"shipping-taxable","20":"purchasable","21":"product-type-simple"},"group_of_quantity":0,"min_quantity":0,"max_quantity":12,"exclude_order_quantity_value_rules":"no","exclude_category_quantity_rules":"no","combine_variations":"no","acf":[],"_links":{"self":[{"href":"https:\/\/caringsunshine.com\/es\/wp-json\/wp\/v2\/product\/20","targetHints":{"allow":["GET"]}}],"collection":[{"href":"https:\/\/caringsunshine.com\/es\/wp-json\/wp\/v2\/product"}],"about":[{"href":"https:\/\/caringsunshine.com\/es\/wp-json\/wp\/v2\/types\/product"}],"replies":[{"embeddable":true,"href":"https:\/\/caringsunshine.com\/es\/wp-json\/wp\/v2\/comments?post=20"}],"version-history":[{"count":1,"href":"https:\/\/caringsunshine.com\/es\/wp-json\/wp\/v2\/product\/20\/revisions"}],"predecessor-version":[{"id":3641131,"href":"https:\/\/caringsunshine.com\/es\/wp-json\/wp\/v2\/product\/20\/revisions\/3641131"}],"wp:featuredmedia":[{"embeddable":true,"href":"https:\/\/caringsunshine.com\/es\/wp-json\/wp\/v2\/media\/2911369"}],"wp:attachment":[{"href":"https:\/\/caringsunshine.com\/es\/wp-json\/wp\/v2\/media?parent=20"}],"wp:term":[{"taxonomy":"product_brand","embeddable":true,"href":"https:\/\/caringsunshine.com\/es\/wp-json\/wp\/v2\/product_brand?post=20"},{"taxonomy":"product_cat","embeddable":true,"href":"https:\/\/caringsunshine.com\/es\/wp-json\/wp\/v2\/product_cat?post=20"},{"taxonomy":"product_tag","embeddable":true,"href":"https:\/\/caringsunshine.com\/es\/wp-json\/wp\/v2\/product_tag?post=20"}],"curies":[{"name":"wp","href":"https:\/\/api.w.org\/{rel}","templated":true}]}}