{"id":1972,"date":"1999-12-31T16:00:00","date_gmt":"2000-01-01T00:00:00","guid":{"rendered":"http:\/\/caringsunshine.com\/supplements\/NaturesSunshine\/products\/chlorophyll-es-16.aspx"},"modified":"2026-04-20T00:27:17","modified_gmt":"2026-04-20T07:27:17","slug":"chlorophyll-es-16","status":"publish","type":"product","link":"https:\/\/caringsunshine.com\/es\/supplements\/NaturesSunshine\/products\/chlorophyll-es-16.aspx\/","title":{"rendered":"Clorofila l\u00edquida ES"},"content":{"rendered":"<p>Chlorophyll ES de Nature's Sunshine es una f\u00f3rmula l\u00edquida que ayuda a proteger y fortalecer el cuerpo a nivel molecular y celular. La sustancia qu\u00edmica responsable por la nutrici\u00f3n de las plantas a trav\u00e9s de la luz solar, la clorofila apoya las funciones circulatorias, intestinales, digestivas, e inmunol\u00f3gicas. Chlorophyll ES funciona como un desodorante natural y mejora los niveles de energ\u00eda, adem\u00e1s de promover la sensaci\u00f3n de bienestar.<\/p>","protected":false},"excerpt":{"rendered":"<p>1 botella (16 oz)<\/p>","protected":false},"featured_media":2885323,"comment_status":"open","ping_status":"closed","template":"","meta":{"_acf_changed":false,"footnotes":""},"product_brand":[],"product_cat":[9,2,29,15,1,17,13849,15937,84,85,89],"product_tag":[],"class_list":{"0":"post-1972","1":"product","2":"type-product","3":"status-publish","4":"has-post-thumbnail","6":"product_cat-digestive-health","7":"product_cat-antioxidants","8":"product_cat-colon-cleansing","9":"product_cat-herbs","10":"product_cat-allergy-immune","11":"product_cat-liquid-products","12":"product_cat-ingredient-chlorophyll","13":"product_cat-ingredient-spearmint-leaf","14":"product_cat-circulatory","15":"product_cat-digestive","16":"product_cat-intestinal","18":"first","19":"instock","20":"sale","21":"taxable","22":"shipping-taxable","23":"purchasable","24":"product-type-simple"},"group_of_quantity":0,"min_quantity":0,"max_quantity":12,"exclude_order_quantity_value_rules":"no","exclude_category_quantity_rules":"no","combine_variations":"no","acf":[],"_links":{"self":[{"href":"https:\/\/caringsunshine.com\/es\/wp-json\/wp\/v2\/product\/1972","targetHints":{"allow":["GET"]}}],"collection":[{"href":"https:\/\/caringsunshine.com\/es\/wp-json\/wp\/v2\/product"}],"about":[{"href":"https:\/\/caringsunshine.com\/es\/wp-json\/wp\/v2\/types\/product"}],"replies":[{"embeddable":true,"href":"https:\/\/caringsunshine.com\/es\/wp-json\/wp\/v2\/comments?post=1972"}],"version-history":[{"count":2,"href":"https:\/\/caringsunshine.com\/es\/wp-json\/wp\/v2\/product\/1972\/revisions"}],"predecessor-version":[{"id":3360839,"href":"https:\/\/caringsunshine.com\/es\/wp-json\/wp\/v2\/product\/1972\/revisions\/3360839"}],"wp:featuredmedia":[{"embeddable":true,"href":"https:\/\/caringsunshine.com\/es\/wp-json\/wp\/v2\/media\/2885323"}],"wp:attachment":[{"href":"https:\/\/caringsunshine.com\/es\/wp-json\/wp\/v2\/media?parent=1972"}],"wp:term":[{"taxonomy":"product_brand","embeddable":true,"href":"https:\/\/caringsunshine.com\/es\/wp-json\/wp\/v2\/product_brand?post=1972"},{"taxonomy":"product_cat","embeddable":true,"href":"https:\/\/caringsunshine.com\/es\/wp-json\/wp\/v2\/product_cat?post=1972"},{"taxonomy":"product_tag","embeddable":true,"href":"https:\/\/caringsunshine.com\/es\/wp-json\/wp\/v2\/product_tag?post=1972"}],"curies":[{"name":"wp","href":"https:\/\/api.w.org\/{rel}","templated":true}]}}