{"id":1969,"date":"1999-12-31T16:00:00","date_gmt":"2000-01-01T00:00:00","guid":{"rendered":"http:\/\/caringsunshine.com\/supplements\/NaturesSunshine\/products\/curcuminbp.aspx"},"modified":"2026-04-18T16:17:19","modified_gmt":"2026-04-18T23:17:19","slug":"turmericcurcumin","status":"publish","type":"product","link":"https:\/\/caringsunshine.com\/es\/supplements\/NaturesSunshine\/products\/turmericcurcumin.aspx\/","title":{"rendered":"Curcumina de la c\u00farcuma (antes curcuminaBP)"},"content":{"rendered":"<p>La c\u00farcuma curcumina de Nature's Sunshine aprovecha del poder del extracto de c\u00farcuma para promover una respuesta inflamatoria saludable. Esto apoya la salud de las articulaciones, la piel, el cerebro, y los intestinos, as\u00ed como la funci\u00f3n del sistema inmunol\u00f3gico. Una porci\u00f3n de C\u00farcuma Curcumina equivale a 32.000 mg de c\u00farcuma de ra\u00edz entera. La c\u00farcuma curcumina de Nature's Sunshine ha sido estudiada cl\u00ednicamente y se ha demostrado que ofrece la absorci\u00f3n y eficacia superiores.<\/p>\n<p>Como l\u00edder en hierbas, Nature's Sunshine hizo un cambio en los productos de c\u00farcuma y curcumina. Mientras que la mayor\u00eda de los productos de la competencia ofrecen altos niveles de c\u00farcuma y bajos niveles de extracto de c\u00farcuma, Nature's Sunshine ofrece la ra\u00edz de c\u00farcuma con niveles m\u00e1s altos del extracto de c\u00farcuma que es rico en antioxidantes. Los curcuminoides son los ingredientes activos principales que se obtienen de los rizomas de la especia de curry amarillo c\u00farcuma (Curcuma longa L). La curcumina se ha utilizado con seguridad por siglos en la medicina ayurv\u00e9dica india. La curcumina, un antioxidante potente, favorece una respuesta inflamatoria saludable y puede contribuir a la salud de las articulaciones, la piel, el cerebro, y los intestinos, as\u00ed como a la funci\u00f3n del sistema inmunitario. Nature's Sunshine tambi\u00e9n ha a\u00f1adido el extracto de pimienta negra para sus beneficios adicionales. De la especie Piper nigrum, la pimienta negra aumenta la absorci\u00f3n de la curcumina. La pimienta negra tambi\u00e9n puede ayudar con algunas de las molestias digestivas ocasionales y tiene propiedades antioxidantes.<\/p>","protected":false},"excerpt":{"rendered":"<p>60 c\u00e1psulas<\/p>","protected":false},"featured_media":2830785,"comment_status":"open","ping_status":"closed","template":"","meta":{"_acf_changed":false,"footnotes":""},"product_brand":[],"product_cat":[2,3,14,1,16,31,14015,24629,16146,85,82],"product_tag":[3100],"class_list":{"0":"post-1969","1":"product","2":"type-product","3":"status-publish","4":"has-post-thumbnail","6":"product_cat-antioxidants","7":"product_cat-beauty-skin-care","8":"product_cat-heart-health","9":"product_cat-allergy-immune","10":"product_cat-joints-bones","11":"product_cat-joint-pain","12":"product_cat-ingredient-curcumin","13":"product_cat-ingredient-dicalcium-phosphate","14":"product_cat-ingredient-turmeric","15":"product_cat-digestive","16":"product_cat-ayurvedic-herbs","17":"product_tag-non-gmo","19":"first","20":"instock","21":"sale","22":"taxable","23":"shipping-taxable","24":"purchasable","25":"product-type-simple"},"group_of_quantity":0,"min_quantity":0,"max_quantity":12,"exclude_order_quantity_value_rules":"no","exclude_category_quantity_rules":"no","combine_variations":"no","acf":[],"_links":{"self":[{"href":"https:\/\/caringsunshine.com\/es\/wp-json\/wp\/v2\/product\/1969","targetHints":{"allow":["GET"]}}],"collection":[{"href":"https:\/\/caringsunshine.com\/es\/wp-json\/wp\/v2\/product"}],"about":[{"href":"https:\/\/caringsunshine.com\/es\/wp-json\/wp\/v2\/types\/product"}],"replies":[{"embeddable":true,"href":"https:\/\/caringsunshine.com\/es\/wp-json\/wp\/v2\/comments?post=1969"}],"version-history":[{"count":1,"href":"https:\/\/caringsunshine.com\/es\/wp-json\/wp\/v2\/product\/1969\/revisions"}],"predecessor-version":[{"id":3328429,"href":"https:\/\/caringsunshine.com\/es\/wp-json\/wp\/v2\/product\/1969\/revisions\/3328429"}],"wp:featuredmedia":[{"embeddable":true,"href":"https:\/\/caringsunshine.com\/es\/wp-json\/wp\/v2\/media\/2830785"}],"wp:attachment":[{"href":"https:\/\/caringsunshine.com\/es\/wp-json\/wp\/v2\/media?parent=1969"}],"wp:term":[{"taxonomy":"product_brand","embeddable":true,"href":"https:\/\/caringsunshine.com\/es\/wp-json\/wp\/v2\/product_brand?post=1969"},{"taxonomy":"product_cat","embeddable":true,"href":"https:\/\/caringsunshine.com\/es\/wp-json\/wp\/v2\/product_cat?post=1969"},{"taxonomy":"product_tag","embeddable":true,"href":"https:\/\/caringsunshine.com\/es\/wp-json\/wp\/v2\/product_tag?post=1969"}],"curies":[{"name":"wp","href":"https:\/\/api.w.org\/{rel}","templated":true}]}}