{"id":196,"date":"1999-12-31T16:00:00","date_gmt":"2000-01-01T00:00:00","guid":{"rendered":"http:\/\/caringsunshine.com\/supplements\/NaturesSunshine\/products\/una-de-gato.aspx"},"modified":"2026-04-26T01:01:07","modified_gmt":"2026-04-26T08:01:07","slug":"una-de-gato","status":"publish","type":"product","link":"https:\/\/caringsunshine.com\/es\/supplements\/NaturesSunshine\/products\/una-de-gato.aspx\/","title":{"rendered":"U\u00f1a de Gato"},"content":{"rendered":"<p>La U\u00f1a de Gato de Nature's Sunshine es la igual a las hierbas m\u00e1s populares que refuerzan el sistema inmunitario, como la equin\u00e1cea, la foca dorada, el pau d'arco, el ajo, y el eleuthero. Tambi\u00e9n contiene propiedades similares al cart\u00edlago de tibur\u00f3n y al \u00e1cido capr\u00edlico. Las investigaciones actuales indican que puede desempe\u00f1ar un papel valioso en el apoyo al sistema inmunol\u00f3gico del cuerpo. La U\u00f1a de Gato de Nature's Sunshine est\u00e1 mezclada con astr\u00e1galo y equin\u00e1cea para un apoyo inmunol\u00f3gico extra.<\/p>\n<p>N\u00daMERO DE STOCK: 175-0<\/p>","protected":false},"excerpt":{"rendered":"<p>100 c\u00e1psulas<\/p>","protected":false},"featured_media":2831112,"comment_status":"open","ping_status":"closed","template":"","meta":{"_acf_changed":false,"footnotes":""},"product_brand":[],"product_cat":[29,15,1,13351,13757,14205,85,92],"product_tag":[],"class_list":{"0":"post-196","1":"product","2":"type-product","3":"status-publish","4":"has-post-thumbnail","6":"product_cat-colon-cleansing","7":"product_cat-herbs","8":"product_cat-allergy-immune","9":"product_cat-ingredient-astragalus","10":"product_cat-ingredient-cats-claw","11":"product_cat-ingredient-echinacea-purpurea","12":"product_cat-digestive","13":"product_cat-structural","15":"first","16":"instock","17":"sale","18":"taxable","19":"shipping-taxable","20":"purchasable","21":"product-type-simple"},"group_of_quantity":0,"min_quantity":0,"max_quantity":12,"exclude_order_quantity_value_rules":"no","exclude_category_quantity_rules":"no","combine_variations":"no","acf":[],"_links":{"self":[{"href":"https:\/\/caringsunshine.com\/es\/wp-json\/wp\/v2\/product\/196","targetHints":{"allow":["GET"]}}],"collection":[{"href":"https:\/\/caringsunshine.com\/es\/wp-json\/wp\/v2\/product"}],"about":[{"href":"https:\/\/caringsunshine.com\/es\/wp-json\/wp\/v2\/types\/product"}],"replies":[{"embeddable":true,"href":"https:\/\/caringsunshine.com\/es\/wp-json\/wp\/v2\/comments?post=196"}],"version-history":[{"count":1,"href":"https:\/\/caringsunshine.com\/es\/wp-json\/wp\/v2\/product\/196\/revisions"}],"predecessor-version":[{"id":3651068,"href":"https:\/\/caringsunshine.com\/es\/wp-json\/wp\/v2\/product\/196\/revisions\/3651068"}],"wp:featuredmedia":[{"embeddable":true,"href":"https:\/\/caringsunshine.com\/es\/wp-json\/wp\/v2\/media\/2831112"}],"wp:attachment":[{"href":"https:\/\/caringsunshine.com\/es\/wp-json\/wp\/v2\/media?parent=196"}],"wp:term":[{"taxonomy":"product_brand","embeddable":true,"href":"https:\/\/caringsunshine.com\/es\/wp-json\/wp\/v2\/product_brand?post=196"},{"taxonomy":"product_cat","embeddable":true,"href":"https:\/\/caringsunshine.com\/es\/wp-json\/wp\/v2\/product_cat?post=196"},{"taxonomy":"product_tag","embeddable":true,"href":"https:\/\/caringsunshine.com\/es\/wp-json\/wp\/v2\/product_tag?post=196"}],"curies":[{"name":"wp","href":"https:\/\/api.w.org\/{rel}","templated":true}]}}