{"id":194,"date":"1999-12-31T16:00:00","date_gmt":"2000-01-01T00:00:00","guid":{"rendered":"http:\/\/caringsunshine.com\/supplements\/NaturesSunshine\/products\/ts-ii-with-hops.aspx"},"modified":"2026-04-30T22:06:07","modified_gmt":"2026-05-01T05:06:07","slug":"ts-ii-with-hops","status":"publish","type":"product","link":"https:\/\/caringsunshine.com\/es\/supplements\/NaturesSunshine\/products\/ts-ii-with-hops.aspx\/","title":{"rendered":"TS-II (With Hops)"},"content":{"rendered":"<p>TS II (con l\u00fapulo) de Nature's Sunshine incluye algas, musgo irland\u00e9s, flor de l\u00fapulo, perejil, y pimiento para proporcionar un apoyo importante a la tiroides. El yodo contenido en el kelp y el musgo irland\u00e9s apoyan el metabolismo mientras que el l\u00fapulo y el perejil inhiben la reacci\u00f3n excesiva. La adici\u00f3n de pimiento a TS II ayuda al cuerpo a transportar los ingredientes de la f\u00f3rmula.<\/p>","protected":false},"excerpt":{"rendered":"<p>100 c\u00e1psulas<\/p>","protected":false},"featured_media":2840458,"comment_status":"open","ping_status":"closed","template":"","meta":{"_acf_changed":false,"footnotes":""},"product_brand":[],"product_cat":[15,35,13708,14707,14865,15417,15951,86],"product_tag":[3101,3100,146],"class_list":{"0":"post-194","1":"product","2":"type-product","3":"status-publish","4":"has-post-thumbnail","6":"product_cat-herbs","7":"product_cat-minerals","8":"product_cat-ingredient-capsicum","9":"product_cat-ingredient-hops","10":"product_cat-ingredient-kelp","11":"product_cat-ingredient-parsley","12":"product_cat-ingredient-spirulina","13":"product_cat-glandular","14":"product_tag-kosher","15":"product_tag-non-gmo","16":"product_tag-organic","18":"first","19":"instock","20":"sale","21":"taxable","22":"shipping-taxable","23":"purchasable","24":"product-type-simple"},"group_of_quantity":0,"min_quantity":0,"max_quantity":12,"exclude_order_quantity_value_rules":"no","exclude_category_quantity_rules":"no","combine_variations":"no","acf":[],"_links":{"self":[{"href":"https:\/\/caringsunshine.com\/es\/wp-json\/wp\/v2\/product\/194","targetHints":{"allow":["GET"]}}],"collection":[{"href":"https:\/\/caringsunshine.com\/es\/wp-json\/wp\/v2\/product"}],"about":[{"href":"https:\/\/caringsunshine.com\/es\/wp-json\/wp\/v2\/types\/product"}],"replies":[{"embeddable":true,"href":"https:\/\/caringsunshine.com\/es\/wp-json\/wp\/v2\/comments?post=194"}],"version-history":[{"count":1,"href":"https:\/\/caringsunshine.com\/es\/wp-json\/wp\/v2\/product\/194\/revisions"}],"predecessor-version":[{"id":3554845,"href":"https:\/\/caringsunshine.com\/es\/wp-json\/wp\/v2\/product\/194\/revisions\/3554845"}],"wp:featuredmedia":[{"embeddable":true,"href":"https:\/\/caringsunshine.com\/es\/wp-json\/wp\/v2\/media\/2840458"}],"wp:attachment":[{"href":"https:\/\/caringsunshine.com\/es\/wp-json\/wp\/v2\/media?parent=194"}],"wp:term":[{"taxonomy":"product_brand","embeddable":true,"href":"https:\/\/caringsunshine.com\/es\/wp-json\/wp\/v2\/product_brand?post=194"},{"taxonomy":"product_cat","embeddable":true,"href":"https:\/\/caringsunshine.com\/es\/wp-json\/wp\/v2\/product_cat?post=194"},{"taxonomy":"product_tag","embeddable":true,"href":"https:\/\/caringsunshine.com\/es\/wp-json\/wp\/v2\/product_tag?post=194"}],"curies":[{"name":"wp","href":"https:\/\/api.w.org\/{rel}","templated":true}]}}