{"id":1905,"date":"1999-12-31T16:00:00","date_gmt":"2000-01-01T00:00:00","guid":{"rendered":"http:\/\/caringsunshine.com\/supplements\/NaturesSunshine\/products\/ultra-therm.aspx"},"modified":"2026-04-16T00:27:36","modified_gmt":"2026-04-16T07:27:36","slug":"ultra-therm","status":"publish","type":"product","link":"https:\/\/caringsunshine.com\/es\/supplements\/NaturesSunshine\/products\/ultra-therm.aspx\/","title":{"rendered":"Ultra Therm"},"content":{"rendered":"<p>Acelere su metabolismo con Ultra Therm de Nature's Sunshine. Ultra Therm presenta una combinaci\u00f3n poderosa de extracto de grano de caf\u00e9 verde, t\u00e9 verde, y una mezcla de energ\u00eda de liberaci\u00f3n sostenida. Esta f\u00f3rmula termog\u00e9nica aumenta la quema de calor\u00edas mientras ayuda al cuerpo a descomponer la grasa. Aumentar su metabolismo y comenzar a alcanzar sus objetivos de control de peso con Ultra Therm.<\/p>","protected":false},"excerpt":{"rendered":"<p>120 c\u00e1psulas<\/p>","protected":false},"featured_media":2911604,"comment_status":"open","ping_status":"closed","template":"","meta":{"_acf_changed":false,"footnotes":""},"product_brand":[],"product_cat":[8,10,25011,14618,14629,16283,79],"product_tag":[],"class_list":{"0":"post-1905","1":"product","2":"type-product","3":"status-publish","4":"has-post-thumbnail","6":"product_cat-cholesterol","7":"product_cat-energy","8":"product_cat-ingredient-green-coffee-bean","9":"product_cat-ingredient-green-tea","10":"product_cat-ingredient-guarana","11":"product_cat-ingredient-yerba-mate","12":"product_cat-weight-management-supplements","14":"first","15":"instock","16":"sale","17":"taxable","18":"shipping-taxable","19":"purchasable","20":"product-type-simple"},"group_of_quantity":0,"min_quantity":0,"max_quantity":12,"exclude_order_quantity_value_rules":"no","exclude_category_quantity_rules":"no","combine_variations":"no","acf":[],"_links":{"self":[{"href":"https:\/\/caringsunshine.com\/es\/wp-json\/wp\/v2\/product\/1905","targetHints":{"allow":["GET"]}}],"collection":[{"href":"https:\/\/caringsunshine.com\/es\/wp-json\/wp\/v2\/product"}],"about":[{"href":"https:\/\/caringsunshine.com\/es\/wp-json\/wp\/v2\/types\/product"}],"replies":[{"embeddable":true,"href":"https:\/\/caringsunshine.com\/es\/wp-json\/wp\/v2\/comments?post=1905"}],"version-history":[{"count":2,"href":"https:\/\/caringsunshine.com\/es\/wp-json\/wp\/v2\/product\/1905\/revisions"}],"predecessor-version":[{"id":3368427,"href":"https:\/\/caringsunshine.com\/es\/wp-json\/wp\/v2\/product\/1905\/revisions\/3368427"}],"wp:featuredmedia":[{"embeddable":true,"href":"https:\/\/caringsunshine.com\/es\/wp-json\/wp\/v2\/media\/2911604"}],"wp:attachment":[{"href":"https:\/\/caringsunshine.com\/es\/wp-json\/wp\/v2\/media?parent=1905"}],"wp:term":[{"taxonomy":"product_brand","embeddable":true,"href":"https:\/\/caringsunshine.com\/es\/wp-json\/wp\/v2\/product_brand?post=1905"},{"taxonomy":"product_cat","embeddable":true,"href":"https:\/\/caringsunshine.com\/es\/wp-json\/wp\/v2\/product_cat?post=1905"},{"taxonomy":"product_tag","embeddable":true,"href":"https:\/\/caringsunshine.com\/es\/wp-json\/wp\/v2\/product_tag?post=1905"}],"curies":[{"name":"wp","href":"https:\/\/api.w.org\/{rel}","templated":true}]}}