{"id":185,"date":"1999-12-31T16:00:00","date_gmt":"2000-01-01T00:00:00","guid":{"rendered":"http:\/\/caringsunshine.com\/supplements\/NaturesSunshine\/products\/sinus-support-ef.aspx"},"modified":"2026-04-17T00:55:42","modified_gmt":"2026-04-17T07:55:42","slug":"sinus-support-ef","status":"publish","type":"product","link":"https:\/\/caringsunshine.com\/es\/supplements\/NaturesSunshine\/products\/sinus-support-ef.aspx\/","title":{"rendered":"Sinus Support EF"},"content":{"rendered":"<p>Sinus Support\u00ae EF de Nature's Sunshine combina la ra\u00edz de bardana, la sinefrina (c\u00e1scara de naranja inmadura), el fruto del pimiento, la ra\u00edz de foca dorada, la hierba de perejil, la hierba de marrubio, la ra\u00edz de althea, y la hierba de yerba santa para limpiar los sistemas sinusales. Las hierbas incluidas en la f\u00f3rmula nutren el sistema respiratorio para mantenerlo funcionando correctamente. Sinus Support EF es una fuente natural de trazas de magnesio, potasio, silicio, zinc, vitamina A, vitamina C, y tiamina.<\/p>\n<p>N\u00daMERO DE STOCK: 1250-3<\/p>","protected":false},"excerpt":{"rendered":"<p>100 c\u00e1psulas<\/p>","protected":false},"featured_media":2830819,"comment_status":"open","ping_status":"closed","template":"","meta":{"_acf_changed":false,"footnotes":""},"product_brand":[],"product_cat":[1,24,29,15,13627,13708,14603,14709,15145,15355,15417,16284,21,74,91],"product_tag":[],"class_list":{"0":"post-185","1":"product","2":"type-product","3":"status-publish","4":"has-post-thumbnail","6":"product_cat-allergy-immune","7":"product_cat-allergies","8":"product_cat-colon-cleansing","9":"product_cat-herbs","10":"product_cat-ingredient-burdock","11":"product_cat-ingredient-capsicum","12":"product_cat-ingredient-goldenseal","13":"product_cat-ingredient-horehound","14":"product_cat-ingredient-marshmallow","15":"product_cat-ingredient-orange","16":"product_cat-ingredient-parsley","17":"product_cat-ingredient-yerba-santa","18":"product_cat-vitamins-minerals","19":"product_cat-respiratory-support","20":"product_cat-respiratory","22":"first","23":"instock","24":"sale","25":"taxable","26":"shipping-taxable","27":"purchasable","28":"product-type-simple"},"group_of_quantity":0,"min_quantity":0,"max_quantity":12,"exclude_order_quantity_value_rules":"no","exclude_category_quantity_rules":"no","combine_variations":"no","acf":[],"_links":{"self":[{"href":"https:\/\/caringsunshine.com\/es\/wp-json\/wp\/v2\/product\/185","targetHints":{"allow":["GET"]}}],"collection":[{"href":"https:\/\/caringsunshine.com\/es\/wp-json\/wp\/v2\/product"}],"about":[{"href":"https:\/\/caringsunshine.com\/es\/wp-json\/wp\/v2\/types\/product"}],"replies":[{"embeddable":true,"href":"https:\/\/caringsunshine.com\/es\/wp-json\/wp\/v2\/comments?post=185"}],"version-history":[{"count":1,"href":"https:\/\/caringsunshine.com\/es\/wp-json\/wp\/v2\/product\/185\/revisions"}],"predecessor-version":[{"id":3650723,"href":"https:\/\/caringsunshine.com\/es\/wp-json\/wp\/v2\/product\/185\/revisions\/3650723"}],"wp:featuredmedia":[{"embeddable":true,"href":"https:\/\/caringsunshine.com\/es\/wp-json\/wp\/v2\/media\/2830819"}],"wp:attachment":[{"href":"https:\/\/caringsunshine.com\/es\/wp-json\/wp\/v2\/media?parent=185"}],"wp:term":[{"taxonomy":"product_brand","embeddable":true,"href":"https:\/\/caringsunshine.com\/es\/wp-json\/wp\/v2\/product_brand?post=185"},{"taxonomy":"product_cat","embeddable":true,"href":"https:\/\/caringsunshine.com\/es\/wp-json\/wp\/v2\/product_cat?post=185"},{"taxonomy":"product_tag","embeddable":true,"href":"https:\/\/caringsunshine.com\/es\/wp-json\/wp\/v2\/product_tag?post=185"}],"curies":[{"name":"wp","href":"https:\/\/api.w.org\/{rel}","templated":true}]}}