{"id":1816,"date":"2012-03-20T17:00:00","date_gmt":"2012-03-21T00:00:00","guid":{"rendered":"http:\/\/caringsunshine.com\/supplements\/NaturesSunshine\/products\/naturesharvest.aspx"},"modified":"2026-05-15T12:26:50","modified_gmt":"2026-05-15T19:26:50","slug":"naturesharvest","status":"publish","type":"product","link":"https:\/\/caringsunshine.com\/es\/supplements\/NaturesSunshine\/products\/naturesharvest.aspx\/","title":{"rendered":"Nature\u00b4s Harvest"},"content":{"rendered":"<p>Nature's Sunshine combina los nutrientes contenidos en los alimentos integrales, las verduras y las prote\u00ednas vegetales, entre otros ingredientes, en Nature's Harvest, una mezcla de bebidas que mejora la salud. Nature's Harvest contiene el 80% del valor diario de 16 nutrientes importantes junto con 13 gramos de prote\u00ednas vegetales. Esta f\u00f3rmula vegana, sin l\u00e1cteos, sin lactosa y sin gluten, promueve la salud intestinal y circulatoria.<\/p>","protected":false},"excerpt":{"rendered":"<p>450 g (15 raciones)<\/p>","protected":false},"featured_media":2911595,"comment_status":"open","ping_status":"closed","template":"","meta":{"_acf_changed":false,"footnotes":""},"product_brand":[],"product_cat":[78,84,42,10,89,13502,13655,13863,13957,14388,14628,14793,14800,15122,15159,15214,15304,15407,15590,15725,15836,16072,16207,16209,16210,16211,16212,16300,21,79,36],"product_tag":[3105,3106,3104,148],"class_list":{"0":"post-1816","1":"product","2":"type-product","3":"status-publish","4":"has-post-thumbnail","6":"product_cat-meal-replacement-shakes","7":"product_cat-circulatory","8":"product_cat-daily-fiber","9":"product_cat-energy","10":"product_cat-intestinal","11":"product_cat-ingredient-biotin","12":"product_cat-ingredient-calcium","13":"product_cat-ingredient-chromium","14":"product_cat-ingredient-copper","15":"product_cat-ingredient-folic-acid","16":"product_cat-ingredient-guar-gum","17":"product_cat-ingredient-iodine","18":"product_cat-ingredient-iron","19":"product_cat-ingredient-manganese","20":"product_cat-ingredient-medium-chain-triglycerides-mct","21":"product_cat-ingredient-molybdenum","22":"product_cat-ingredient-niacinamide-vitamin-b3","23":"product_cat-ingredient-pantothenic-acid-vitamin-b5","24":"product_cat-ingredient-potassium","25":"product_cat-ingredient-riboflavin-vitamin-b2","26":"product_cat-ingredient-selenium","27":"product_cat-ingredient-thiamin-vitamin-b1","28":"product_cat-ingredient-vitamin-a","29":"product_cat-ingredient-vitamin-b12","30":"product_cat-ingredient-vitamin-b6","31":"product_cat-ingredient-vitamin-c","32":"product_cat-ingredient-vitamin-d","33":"product_cat-ingredient-zinc","34":"product_cat-vitamins-minerals","35":"product_cat-weight-management-supplements","36":"product_cat-whole-food-supplements","37":"product_tag-gluten-free","38":"product_tag-keto-friendly","39":"product_tag-non-dairy","40":"product_tag-vegan","42":"first","43":"instock","44":"sale","45":"taxable","46":"shipping-taxable","47":"purchasable","48":"product-type-simple"},"group_of_quantity":0,"min_quantity":0,"max_quantity":12,"exclude_order_quantity_value_rules":"no","exclude_category_quantity_rules":"no","combine_variations":"no","acf":[],"_links":{"self":[{"href":"https:\/\/caringsunshine.com\/es\/wp-json\/wp\/v2\/product\/1816","targetHints":{"allow":["GET"]}}],"collection":[{"href":"https:\/\/caringsunshine.com\/es\/wp-json\/wp\/v2\/product"}],"about":[{"href":"https:\/\/caringsunshine.com\/es\/wp-json\/wp\/v2\/types\/product"}],"replies":[{"embeddable":true,"href":"https:\/\/caringsunshine.com\/es\/wp-json\/wp\/v2\/comments?post=1816"}],"version-history":[{"count":2,"href":"https:\/\/caringsunshine.com\/es\/wp-json\/wp\/v2\/product\/1816\/revisions"}],"predecessor-version":[{"id":3616051,"href":"https:\/\/caringsunshine.com\/es\/wp-json\/wp\/v2\/product\/1816\/revisions\/3616051"}],"wp:featuredmedia":[{"embeddable":true,"href":"https:\/\/caringsunshine.com\/es\/wp-json\/wp\/v2\/media\/2911595"}],"wp:attachment":[{"href":"https:\/\/caringsunshine.com\/es\/wp-json\/wp\/v2\/media?parent=1816"}],"wp:term":[{"taxonomy":"product_brand","embeddable":true,"href":"https:\/\/caringsunshine.com\/es\/wp-json\/wp\/v2\/product_brand?post=1816"},{"taxonomy":"product_cat","embeddable":true,"href":"https:\/\/caringsunshine.com\/es\/wp-json\/wp\/v2\/product_cat?post=1816"},{"taxonomy":"product_tag","embeddable":true,"href":"https:\/\/caringsunshine.com\/es\/wp-json\/wp\/v2\/product_tag?post=1816"}],"curies":[{"name":"wp","href":"https:\/\/api.w.org\/{rel}","templated":true}]}}