{"id":1793,"date":"1899-12-31T16:00:00","date_gmt":"1900-01-01T00:00:00","guid":{"rendered":"http:\/\/caringsunshine.com\/supplements\/NaturesSunshine\/products\/keep-cool.aspx"},"modified":"2026-04-16T00:38:41","modified_gmt":"2026-04-16T07:38:41","slug":"keep-cool","status":"publish","type":"product","link":"https:\/\/caringsunshine.com\/es\/supplements\/NaturesSunshine\/products\/keep-cool.aspx\/","title":{"rendered":"Mantener la calma"},"content":{"rendered":"<p>Esta Esencia Floral, Keep Cool, puede ayudar a aliviar incluso los temperamentos m\u00e1s calientes. Aprovechando las capacidades \u00fanicas de la Cal\u00e9ndula, el Drag\u00f3n, la Impatiens, la Vid, el Sauce, el Acebo y el Lirio Tigre, Nature's Sunshine ha formulado Keep Cool para ayudar a desarrollar la empat\u00eda y fortalecer la comunicaci\u00f3n.<\/p>","protected":false},"excerpt":{"rendered":"<p>2 fl oz<\/p>","protected":false},"featured_media":2885179,"comment_status":"open","ping_status":"closed","template":"","meta":{"_acf_changed":false,"footnotes":""},"product_brand":[],"product_cat":[52],"product_tag":[3100,146],"class_list":{"0":"post-1793","1":"product","2":"type-product","3":"status-publish","4":"has-post-thumbnail","6":"product_cat-flower-essences","7":"product_tag-non-gmo","8":"product_tag-organic","10":"first","11":"onbackorder","12":"taxable","13":"shipping-taxable","14":"purchasable","15":"product-type-simple"},"group_of_quantity":0,"min_quantity":0,"max_quantity":12,"exclude_order_quantity_value_rules":"no","exclude_category_quantity_rules":"no","combine_variations":"no","acf":[],"_links":{"self":[{"href":"https:\/\/caringsunshine.com\/es\/wp-json\/wp\/v2\/product\/1793","targetHints":{"allow":["GET"]}}],"collection":[{"href":"https:\/\/caringsunshine.com\/es\/wp-json\/wp\/v2\/product"}],"about":[{"href":"https:\/\/caringsunshine.com\/es\/wp-json\/wp\/v2\/types\/product"}],"replies":[{"embeddable":true,"href":"https:\/\/caringsunshine.com\/es\/wp-json\/wp\/v2\/comments?post=1793"}],"version-history":[{"count":0,"href":"https:\/\/caringsunshine.com\/es\/wp-json\/wp\/v2\/product\/1793\/revisions"}],"wp:featuredmedia":[{"embeddable":true,"href":"https:\/\/caringsunshine.com\/es\/wp-json\/wp\/v2\/media\/2885179"}],"wp:attachment":[{"href":"https:\/\/caringsunshine.com\/es\/wp-json\/wp\/v2\/media?parent=1793"}],"wp:term":[{"taxonomy":"product_brand","embeddable":true,"href":"https:\/\/caringsunshine.com\/es\/wp-json\/wp\/v2\/product_brand?post=1793"},{"taxonomy":"product_cat","embeddable":true,"href":"https:\/\/caringsunshine.com\/es\/wp-json\/wp\/v2\/product_cat?post=1793"},{"taxonomy":"product_tag","embeddable":true,"href":"https:\/\/caringsunshine.com\/es\/wp-json\/wp\/v2\/product_tag?post=1793"}],"curies":[{"name":"wp","href":"https:\/\/api.w.org\/{rel}","templated":true}]}}