{"id":178,"date":"1999-12-31T16:00:00","date_gmt":"2000-01-01T00:00:00","guid":{"rendered":"http:\/\/caringsunshine.com\/supplements\/NaturesSunshine\/products\/pls-ii.aspx"},"modified":"2026-04-16T06:22:02","modified_gmt":"2026-04-16T13:22:02","slug":"pls-ii","status":"publish","type":"product","link":"https:\/\/caringsunshine.com\/es\/supplements\/NaturesSunshine\/products\/pls-ii.aspx\/","title":{"rendered":"PLS II"},"content":{"rendered":"<p>PLS II de Nature's Sunshine combina corteza de olmo resbaladizo, ra\u00edz de malvavisco, ra\u00edz de foca dorada, y semillas de alholva para promover la funci\u00f3n intestinal regular. PLS II alivia los intestinos con los nutrientes que se encuentran en el olmo resbaladizo, el malvavisco, y el fenogreco. Tambi\u00e9n, la foca dorada alivia las membranas mucosas del tracto digestivo y proporciona apoyo inmunol\u00f3gico.<\/p>","protected":false},"excerpt":{"rendered":"<p>100 c\u00e1psulas<\/p>","protected":false},"featured_media":2886914,"comment_status":"open","ping_status":"closed","template":"","meta":{"_acf_changed":false,"footnotes":""},"product_brand":[],"product_cat":[15,1,9,14336,14603,15145,15910,89],"product_tag":[],"class_list":{"0":"post-178","1":"product","2":"type-product","3":"status-publish","4":"has-post-thumbnail","6":"product_cat-herbs","7":"product_cat-allergy-immune","8":"product_cat-digestive-health","9":"product_cat-ingredient-fenugreek","10":"product_cat-ingredient-goldenseal","11":"product_cat-ingredient-marshmallow","12":"product_cat-ingredient-slippery-elm-bark","13":"product_cat-intestinal","15":"first","16":"instock","17":"sale","18":"taxable","19":"shipping-taxable","20":"purchasable","21":"product-type-simple"},"group_of_quantity":0,"min_quantity":0,"max_quantity":12,"exclude_order_quantity_value_rules":"no","exclude_category_quantity_rules":"no","combine_variations":"no","acf":[],"_links":{"self":[{"href":"https:\/\/caringsunshine.com\/es\/wp-json\/wp\/v2\/product\/178","targetHints":{"allow":["GET"]}}],"collection":[{"href":"https:\/\/caringsunshine.com\/es\/wp-json\/wp\/v2\/product"}],"about":[{"href":"https:\/\/caringsunshine.com\/es\/wp-json\/wp\/v2\/types\/product"}],"replies":[{"embeddable":true,"href":"https:\/\/caringsunshine.com\/es\/wp-json\/wp\/v2\/comments?post=178"}],"version-history":[{"count":1,"href":"https:\/\/caringsunshine.com\/es\/wp-json\/wp\/v2\/product\/178\/revisions"}],"predecessor-version":[{"id":3650592,"href":"https:\/\/caringsunshine.com\/es\/wp-json\/wp\/v2\/product\/178\/revisions\/3650592"}],"wp:featuredmedia":[{"embeddable":true,"href":"https:\/\/caringsunshine.com\/es\/wp-json\/wp\/v2\/media\/2886914"}],"wp:attachment":[{"href":"https:\/\/caringsunshine.com\/es\/wp-json\/wp\/v2\/media?parent=178"}],"wp:term":[{"taxonomy":"product_brand","embeddable":true,"href":"https:\/\/caringsunshine.com\/es\/wp-json\/wp\/v2\/product_brand?post=178"},{"taxonomy":"product_cat","embeddable":true,"href":"https:\/\/caringsunshine.com\/es\/wp-json\/wp\/v2\/product_cat?post=178"},{"taxonomy":"product_tag","embeddable":true,"href":"https:\/\/caringsunshine.com\/es\/wp-json\/wp\/v2\/product_tag?post=178"}],"curies":[{"name":"wp","href":"https:\/\/api.w.org\/{rel}","templated":true}]}}